{"id":23429,"date":"2024-11-10T12:50:42","date_gmt":"2024-11-10T11:50:42","guid":{"rendered":"https:\/\/vitalstoffversand.com\/produkt\/vit4ever-bor-365-tabletek\/"},"modified":"2026-03-14T16:52:17","modified_gmt":"2026-03-14T15:52:17","slug":"vit4ever-bor-365-tabletek","status":"publish","type":"product","link":"https:\/\/vitalstoffversand.com\/pl\/produkt-pl\/vit4ever-bor-365-tabletek\/","title":{"rendered":"Vit4ever <br>Bor \u2013 365 tabletek"},"content":{"rendered":"<p>Bor organiczny w postaci boranu sodu charakteryzuje si\u0119 najwy\u017csz\u0105 biodost\u0119pno\u015bci\u0105.<\/p>\n<p>W przypadku zr\u00f3\u017cnicowanej diety niedob\u00f3r boru wyst\u0119puje jednak raczej rzadko.<\/p>\n<ul>\n<li>Wegan<\/li>\n<li>Bez glutenu<\/li>\n<li>Bez laktozy<\/li>\n<li>Bez GMO<\/li>\n<li>Wyprodukowane zgodnie z surowymi normami jako\u015bci UE<\/li>\n<\/ul>\n","protected":false},"excerpt":{"rendered":"<p>Bor organiczny w postaci boranu sodu charakteryzuje si\u0119 najwy\u017csz\u0105 biodost\u0119pno\u015bci\u0105. W przypadku zr\u00f3\u017cnicowanej diety niedob\u00f3r boru wyst\u0119puje jednak raczej rzadko. Wegan Bez glutenu Bez laktozy Bez GMO Wyprodukowane zgodnie z surowymi normami jako\u015bci UE<\/p>\n","protected":false},"featured_media":51126,"template":"","meta":{"_acf_changed":false},"product_brand":[10220],"product_cat":[556,569],"product_tag":[],"class_list":{"0":"post-23429","1":"product","2":"type-product","3":"status-publish","4":"has-post-thumbnail","6":"product_brand-vit4ever-pl","7":"product_cat-mineraly-i-pierwiastki-sladowe","8":"product_cat-produkty-od-a-z","10":"first","11":"instock","12":"taxable","13":"shipping-taxable","14":"purchasable","15":"product-type-simple"},"acf":[],"_links":{"self":[{"href":"https:\/\/vitalstoffversand.com\/pl\/wp-json\/wp\/v2\/product\/23429","targetHints":{"allow":["GET"]}}],"collection":[{"href":"https:\/\/vitalstoffversand.com\/pl\/wp-json\/wp\/v2\/product"}],"about":[{"href":"https:\/\/vitalstoffversand.com\/pl\/wp-json\/wp\/v2\/types\/product"}],"wp:featuredmedia":[{"embeddable":true,"href":"https:\/\/vitalstoffversand.com\/pl\/wp-json\/wp\/v2\/media\/51126"}],"wp:attachment":[{"href":"https:\/\/vitalstoffversand.com\/pl\/wp-json\/wp\/v2\/media?parent=23429"}],"wp:term":[{"taxonomy":"product_brand","embeddable":true,"href":"https:\/\/vitalstoffversand.com\/pl\/wp-json\/wp\/v2\/product_brand?post=23429"},{"taxonomy":"product_cat","embeddable":true,"href":"https:\/\/vitalstoffversand.com\/pl\/wp-json\/wp\/v2\/product_cat?post=23429"},{"taxonomy":"product_tag","embeddable":true,"href":"https:\/\/vitalstoffversand.com\/pl\/wp-json\/wp\/v2\/product_tag?post=23429"}],"curies":[{"name":"wp","href":"https:\/\/api.w.org\/{rel}","templated":true}]}}