{"id":23415,"date":"2024-11-09T17:31:42","date_gmt":"2024-11-09T16:31:42","guid":{"rendered":"https:\/\/vitalstoffversand.com\/produkt\/vit4ever-dziki-pochrzyn-240-kapsulek\/"},"modified":"2026-03-14T16:29:13","modified_gmt":"2026-03-14T15:29:13","slug":"vit4ever-dziki-pochrzyn-240-kapsulek","status":"publish","type":"product","link":"https:\/\/vitalstoffversand.com\/pl\/produkt-pl\/vit4ever-dziki-pochrzyn-240-kapsulek\/","title":{"rendered":"Vit4ever <br>Dziki pochrzyn &#8211; 240 kapsu\u0142ek"},"content":{"rendered":"<p>Dziki pochrzyn zawiera aktywny sk\u0142adnik diosgenin\u0119, kt\u00f3ra jest bardzo podobna do \u017ce\u0144skiego hormonu progesteronu.<\/p>\n<p>Diosgenina mo\u017ce r\u00f3wnie\u017c stymulowa\u0107 wydzielanie DHEA (dehydroepiandrosteronu) przez organizm.<\/p>\n<ul>\n<li>Wegan<\/li>\n<li>Bez glutenu<\/li>\n<li>Bez laktozy<\/li>\n<li>Bez GMO<\/li>\n<li>Wyprodukowane zgodnie z surowymi normami jako\u015bci UE<\/li>\n<\/ul>\n","protected":false},"excerpt":{"rendered":"<p>Dziki pochrzyn zawiera aktywny sk\u0142adnik diosgenin\u0119, kt\u00f3ra jest bardzo podobna do \u017ce\u0144skiego hormonu progesteronu. Diosgenina mo\u017ce r\u00f3wnie\u017c stymulowa\u0107 wydzielanie DHEA (dehydroepiandrosteronu) przez organizm. Wegan Bez glutenu Bez laktozy Bez GMO Wyprodukowane zgodnie z surowymi normami jako\u015bci UE<\/p>\n","protected":false},"featured_media":51046,"template":"","meta":{"_acf_changed":false},"product_brand":[10220],"product_cat":[560,569],"product_tag":[],"class_list":{"0":"post-23415","1":"product","2":"type-product","3":"status-publish","4":"has-post-thumbnail","6":"product_brand-vit4ever-pl","7":"product_cat-skladniki-odzywcze","8":"product_cat-produkty-od-a-z","10":"first","11":"instock","12":"taxable","13":"shipping-taxable","14":"purchasable","15":"product-type-simple"},"acf":[],"_links":{"self":[{"href":"https:\/\/vitalstoffversand.com\/pl\/wp-json\/wp\/v2\/product\/23415","targetHints":{"allow":["GET"]}}],"collection":[{"href":"https:\/\/vitalstoffversand.com\/pl\/wp-json\/wp\/v2\/product"}],"about":[{"href":"https:\/\/vitalstoffversand.com\/pl\/wp-json\/wp\/v2\/types\/product"}],"wp:featuredmedia":[{"embeddable":true,"href":"https:\/\/vitalstoffversand.com\/pl\/wp-json\/wp\/v2\/media\/51046"}],"wp:attachment":[{"href":"https:\/\/vitalstoffversand.com\/pl\/wp-json\/wp\/v2\/media?parent=23415"}],"wp:term":[{"taxonomy":"product_brand","embeddable":true,"href":"https:\/\/vitalstoffversand.com\/pl\/wp-json\/wp\/v2\/product_brand?post=23415"},{"taxonomy":"product_cat","embeddable":true,"href":"https:\/\/vitalstoffversand.com\/pl\/wp-json\/wp\/v2\/product_cat?post=23415"},{"taxonomy":"product_tag","embeddable":true,"href":"https:\/\/vitalstoffversand.com\/pl\/wp-json\/wp\/v2\/product_tag?post=23415"}],"curies":[{"name":"wp","href":"https:\/\/api.w.org\/{rel}","templated":true}]}}