{"id":23408,"date":"2024-11-09T17:29:40","date_gmt":"2024-11-09T16:29:40","guid":{"rendered":"https:\/\/vitalstoffversand.com\/produkt\/vit4ever-kwas-gamma-aminomaslowy-gaba-540-g\/"},"modified":"2026-03-14T15:49:46","modified_gmt":"2026-03-14T14:49:46","slug":"vit4ever-kwas-gamma-aminomaslowy-gaba-540-g","status":"publish","type":"product","link":"https:\/\/vitalstoffversand.com\/pl\/produkt-pl\/vit4ever-kwas-gamma-aminomaslowy-gaba-540-g\/","title":{"rendered":"Vit4ever <br>Kwas gamma-aminomas\u0142owy GABA &#8211; 540 g"},"content":{"rendered":"<p>GABA dzia\u0142a jako neuroprzeka\u017anik w o\u015brodkowym uk\u0142adzie nerwowym i zapewnia spowolnienie lub nawet ca\u0142kowite wy\u0142\u0105czenie wielu bod\u017ac\u00f3w, dlatego mo\u017ce mie\u0107 pozytywny wp\u0142yw na sen.<\/p>\n<p>GABA jest r\u00f3wnie\u017c interesuj\u0105cy dla sportowc\u00f3w, poniewa\u017c wp\u0142ywa na hormony wzrostu.<\/p>\n<ul>\n<li>Wegan<\/li>\n<li>Bez glutenu<\/li>\n<li>Bez laktozy<\/li>\n<li>Bez GMO<\/li>\n<li>Wyprodukowane zgodnie z surowymi normami jako\u015bci UE<\/li>\n<\/ul>\n","protected":false},"excerpt":{"rendered":"<p>GABA dzia\u0142a jako neuroprzeka\u017anik w o\u015brodkowym uk\u0142adzie nerwowym i zapewnia spowolnienie lub nawet ca\u0142kowite wy\u0142\u0105czenie wielu bod\u017ac\u00f3w, dlatego mo\u017ce mie\u0107 pozytywny wp\u0142yw na sen. GABA jest r\u00f3wnie\u017c interesuj\u0105cy dla sportowc\u00f3w, poniewa\u017c wp\u0142ywa na hormony wzrostu. Wegan Bez glutenu Bez laktozy Bez GMO Wyprodukowane zgodnie z surowymi normami jako\u015bci UE<\/p>\n","protected":false},"featured_media":50966,"template":"","meta":{"_acf_changed":false},"product_brand":[10220],"product_cat":[552,569],"product_tag":[],"class_list":{"0":"post-23408","1":"product","2":"type-product","3":"status-publish","4":"has-post-thumbnail","6":"product_brand-vit4ever-pl","7":"product_cat-aminokwasy","8":"product_cat-produkty-od-a-z","10":"first","11":"instock","12":"taxable","13":"shipping-taxable","14":"purchasable","15":"product-type-simple"},"acf":[],"_links":{"self":[{"href":"https:\/\/vitalstoffversand.com\/pl\/wp-json\/wp\/v2\/product\/23408","targetHints":{"allow":["GET"]}}],"collection":[{"href":"https:\/\/vitalstoffversand.com\/pl\/wp-json\/wp\/v2\/product"}],"about":[{"href":"https:\/\/vitalstoffversand.com\/pl\/wp-json\/wp\/v2\/types\/product"}],"wp:featuredmedia":[{"embeddable":true,"href":"https:\/\/vitalstoffversand.com\/pl\/wp-json\/wp\/v2\/media\/50966"}],"wp:attachment":[{"href":"https:\/\/vitalstoffversand.com\/pl\/wp-json\/wp\/v2\/media?parent=23408"}],"wp:term":[{"taxonomy":"product_brand","embeddable":true,"href":"https:\/\/vitalstoffversand.com\/pl\/wp-json\/wp\/v2\/product_brand?post=23408"},{"taxonomy":"product_cat","embeddable":true,"href":"https:\/\/vitalstoffversand.com\/pl\/wp-json\/wp\/v2\/product_cat?post=23408"},{"taxonomy":"product_tag","embeddable":true,"href":"https:\/\/vitalstoffversand.com\/pl\/wp-json\/wp\/v2\/product_tag?post=23408"}],"curies":[{"name":"wp","href":"https:\/\/api.w.org\/{rel}","templated":true}]}}