{"id":23358,"date":"2024-11-09T17:15:15","date_gmt":"2024-11-09T16:15:15","guid":{"rendered":"https:\/\/vitalstoffversand.com\/produkt\/vit4ever-witamina-d3-20000-i-u-k2-rozne-ilosci\/"},"modified":"2026-03-14T15:43:12","modified_gmt":"2026-03-14T14:43:12","slug":"vit4ever-witamina-d3-20000-i-u-k2-rozne-ilosci","status":"publish","type":"product","link":"https:\/\/vitalstoffversand.com\/pl\/produkt-pl\/vit4ever-witamina-d3-20000-i-u-k2-rozne-ilosci\/","title":{"rendered":"Vit4ever <br>Witamina D3 20000 j.m. + K2 \u2013 180 tabletek"},"content":{"rendered":"<p>Wysoka dawka <a href=\"https:\/\/vitalstoffversand.com\/knowledge-base\/vitamin-d\/\" target=\"_blank\" rel=\"noopener\"><span style=\"color: #0000ff;\"><strong>\u2192 witaminy D3<\/strong><\/span><\/a> z 20 000 I.U. w po\u0142\u0105czeniu z <a href=\"https:\/\/vitalstoffversand.com\/knowledge-base\/vitamin-k\/\" target=\"_blank\" rel=\"noopener\"><strong><span style=\"color: #0000ff;\">\u2192 witamin\u0105 K2<\/span><\/strong><\/a> opart\u0105 na najwy\u017cszej jako\u015bci surowcu K2VITAL.<\/p>\n<p>Idealny do szybkiego uzupe\u0142nienia zapas\u00f3w witaminy D w organizmie, a nast\u0119pnie utrzymania ich na zdrowym poziomie, przyjmuj\u0105c tylko jedn\u0105 tabletk\u0119 co 20 dni.<\/p>\n<ul>\n<li>Wegetaria\u0144skie<\/li>\n<li>Bez glutenu<\/li>\n<li>Bez laktozy<\/li>\n<li>Bez GMO<\/li>\n<li>Wyprodukowane zgodnie z surowymi normami jako\u015bci UE<\/li>\n<\/ul>\n","protected":false},"excerpt":{"rendered":"<p>Wysoka dawka \u2192 witaminy D3 z 20 000 I.U. w po\u0142\u0105czeniu z \u2192 witamin\u0105 K2 opart\u0105 na najwy\u017cszej jako\u015bci surowcu K2VITAL. Idealny do szybkiego uzupe\u0142nienia zapas\u00f3w witaminy D w organizmie, a nast\u0119pnie utrzymania ich na zdrowym poziomie, przyjmuj\u0105c tylko jedn\u0105 tabletk\u0119 co 20 dni. Wegetaria\u0144skie Bez glutenu Bez laktozy Bez GMO Wyprodukowane zgodnie z surowymi [&hellip;]<\/p>\n","protected":false},"featured_media":50846,"template":"","meta":{"_acf_changed":false},"product_brand":[10220],"product_cat":[564,569],"product_tag":[],"class_list":{"0":"post-23358","1":"product","2":"type-product","3":"status-publish","4":"has-post-thumbnail","6":"product_brand-vit4ever-pl","7":"product_cat-witaminy","8":"product_cat-produkty-od-a-z","10":"first","11":"instock","12":"taxable","13":"shipping-taxable","14":"purchasable","15":"product-type-simple"},"acf":[],"_links":{"self":[{"href":"https:\/\/vitalstoffversand.com\/pl\/wp-json\/wp\/v2\/product\/23358","targetHints":{"allow":["GET"]}}],"collection":[{"href":"https:\/\/vitalstoffversand.com\/pl\/wp-json\/wp\/v2\/product"}],"about":[{"href":"https:\/\/vitalstoffversand.com\/pl\/wp-json\/wp\/v2\/types\/product"}],"wp:featuredmedia":[{"embeddable":true,"href":"https:\/\/vitalstoffversand.com\/pl\/wp-json\/wp\/v2\/media\/50846"}],"wp:attachment":[{"href":"https:\/\/vitalstoffversand.com\/pl\/wp-json\/wp\/v2\/media?parent=23358"}],"wp:term":[{"taxonomy":"product_brand","embeddable":true,"href":"https:\/\/vitalstoffversand.com\/pl\/wp-json\/wp\/v2\/product_brand?post=23358"},{"taxonomy":"product_cat","embeddable":true,"href":"https:\/\/vitalstoffversand.com\/pl\/wp-json\/wp\/v2\/product_cat?post=23358"},{"taxonomy":"product_tag","embeddable":true,"href":"https:\/\/vitalstoffversand.com\/pl\/wp-json\/wp\/v2\/product_tag?post=23358"}],"curies":[{"name":"wp","href":"https:\/\/api.w.org\/{rel}","templated":true}]}}