{"id":23343,"date":"2024-11-09T17:13:54","date_gmt":"2024-11-09T16:13:54","guid":{"rendered":"https:\/\/vitalstoffversand.com\/produkt\/vit4ever-milorzab-japonski-zen-szen-365-tabletek\/"},"modified":"2026-03-14T15:28:11","modified_gmt":"2026-03-14T14:28:11","slug":"vit4ever-milorzab-japonski-zen-szen-365-tabletek","status":"publish","type":"product","link":"https:\/\/vitalstoffversand.com\/pl\/produkt-pl\/vit4ever-milorzab-japonski-zen-szen-365-tabletek\/","title":{"rendered":"Vit4ever <br>Mi\u0142orz\u0105b japo\u0144ski + \u017ce\u0144-sze\u0144 &#8211; 365 tabletek"},"content":{"rendered":"<p>Gingko + ginseng \u0142\u0105czy w sobie dwie najskuteczniejsze azjatyckie ro\u015bliny lecznicze, kt\u00f3rych tradycyjne obszary zastosowania zwi\u0105zane s\u0105 przede wszystkim z m\u00f3zgiem, zdolno\u015bci\u0105 koncentracji, kr\u0105\u017ceniem krwi i zaburzeniami potencji.<\/p>\n<p>Ka\u017cda tabletka zawiera 600 mg ekstraktu z mi\u0142orz\u0119bu japo\u0144skiego w proporcji 50:1 (co odpowiada 6000 mg sproszkowanych li\u015bci mi\u0142orz\u0119bu japo\u0144skiego), kt\u00f3ry praktycznie nie zawiera kwasu ginkgolowego w ilo\u015bci 1 ppm na tabletk\u0119, oraz 20 mg ekstraktu z \u017ce\u0144-szenia korea\u0144skiego w proporcji 50:1 (co odpowiada 2000 mg sproszkowanego korzenia \u017ce\u0144-szenia).<\/p>\n<ul>\n<li>Wegan<\/li>\n<li>Bez glutenu<\/li>\n<li>Bez laktozy<\/li>\n<li>Bez GMO<\/li>\n<li>Wyprodukowane zgodnie z surowymi normami jako\u015bci UE<\/li>\n<\/ul>\n","protected":false},"excerpt":{"rendered":"<p>Gingko + ginseng \u0142\u0105czy w sobie dwie najskuteczniejsze azjatyckie ro\u015bliny lecznicze, kt\u00f3rych tradycyjne obszary zastosowania zwi\u0105zane s\u0105 przede wszystkim z m\u00f3zgiem, zdolno\u015bci\u0105 koncentracji, kr\u0105\u017ceniem krwi i zaburzeniami potencji. Ka\u017cda tabletka zawiera 600 mg ekstraktu z mi\u0142orz\u0119bu japo\u0144skiego w proporcji 50:1 (co odpowiada 6000 mg sproszkowanych li\u015bci mi\u0142orz\u0119bu japo\u0144skiego), kt\u00f3ry praktycznie nie zawiera kwasu ginkgolowego w [&hellip;]<\/p>\n","protected":false},"featured_media":50646,"template":"","meta":{"_acf_changed":false},"product_brand":[10220],"product_cat":[560,569],"product_tag":[],"class_list":{"0":"post-23343","1":"product","2":"type-product","3":"status-publish","4":"has-post-thumbnail","6":"product_brand-vit4ever-pl","7":"product_cat-skladniki-odzywcze","8":"product_cat-produkty-od-a-z","10":"first","11":"instock","12":"taxable","13":"shipping-taxable","14":"purchasable","15":"product-type-simple"},"acf":[],"_links":{"self":[{"href":"https:\/\/vitalstoffversand.com\/pl\/wp-json\/wp\/v2\/product\/23343","targetHints":{"allow":["GET"]}}],"collection":[{"href":"https:\/\/vitalstoffversand.com\/pl\/wp-json\/wp\/v2\/product"}],"about":[{"href":"https:\/\/vitalstoffversand.com\/pl\/wp-json\/wp\/v2\/types\/product"}],"wp:featuredmedia":[{"embeddable":true,"href":"https:\/\/vitalstoffversand.com\/pl\/wp-json\/wp\/v2\/media\/50646"}],"wp:attachment":[{"href":"https:\/\/vitalstoffversand.com\/pl\/wp-json\/wp\/v2\/media?parent=23343"}],"wp:term":[{"taxonomy":"product_brand","embeddable":true,"href":"https:\/\/vitalstoffversand.com\/pl\/wp-json\/wp\/v2\/product_brand?post=23343"},{"taxonomy":"product_cat","embeddable":true,"href":"https:\/\/vitalstoffversand.com\/pl\/wp-json\/wp\/v2\/product_cat?post=23343"},{"taxonomy":"product_tag","embeddable":true,"href":"https:\/\/vitalstoffversand.com\/pl\/wp-json\/wp\/v2\/product_tag?post=23343"}],"curies":[{"name":"wp","href":"https:\/\/api.w.org\/{rel}","templated":true}]}}