{"id":23335,"date":"2024-11-09T17:10:23","date_gmt":"2024-11-09T16:10:23","guid":{"rendered":"https:\/\/vitalstoffversand.com\/produkt\/vit4ever-shaker-bialy-600-ml\/"},"modified":"2026-03-14T15:21:41","modified_gmt":"2026-03-14T14:21:41","slug":"vit4ever-shaker-bialy-600-ml","status":"publish","type":"product","link":"https:\/\/vitalstoffversand.com\/pl\/produkt-pl\/vit4ever-shaker-bialy-600-ml\/","title":{"rendered":"Vit4ever <br>Shaker bia\u0142y &#8211; 600 ml"},"content":{"rendered":"<p>Shaker o pojemno\u015bci 600 ml w kolorze bia\u0142ym z napisem \u201evit4ever\u201d.<\/p>\n<ul>\n<li>Zintegrowane sitko: dla idealnie zmiksowanych napoj\u00f3w bez grudek.<\/li>\n<li>Skala pomiarowa: Precyzyjne dozowanie dzi\u0119ki \u0142atwej do odczytania skali pomiarowej.<\/li>\n<li>Nie zawiera BPA: Wykonane z bezpiecznych materia\u0142\u00f3w niezawieraj\u0105cych BPA.<\/li>\n<li>\u0141atwy w czyszczeniu: Szybki i \u0142atwy w czyszczeniu, idealny do codziennego u\u017cytku.<\/li>\n<\/ul>\n","protected":false},"excerpt":{"rendered":"<p>Shaker o pojemno\u015bci 600 ml w kolorze bia\u0142ym z napisem \u201evit4ever\u201d. Zintegrowane sitko: dla idealnie zmiksowanych napoj\u00f3w bez grudek. Skala pomiarowa: Precyzyjne dozowanie dzi\u0119ki \u0142atwej do odczytania skali pomiarowej. Nie zawiera BPA: Wykonane z bezpiecznych materia\u0142\u00f3w niezawieraj\u0105cych BPA. \u0141atwy w czyszczeniu: Szybki i \u0142atwy w czyszczeniu, idealny do codziennego u\u017cytku.<\/p>\n","protected":false},"featured_media":58977,"template":"","meta":{"_acf_changed":false},"product_brand":[10220],"product_cat":[571,569],"product_tag":[],"class_list":{"0":"post-23335","1":"product","2":"type-product","3":"status-publish","4":"has-post-thumbnail","6":"product_brand-vit4ever-pl","7":"product_cat-akcesoria-i-rozne","8":"product_cat-produkty-od-a-z","10":"first","11":"instock","12":"taxable","13":"shipping-taxable","14":"purchasable","15":"product-type-simple"},"acf":[],"_links":{"self":[{"href":"https:\/\/vitalstoffversand.com\/pl\/wp-json\/wp\/v2\/product\/23335","targetHints":{"allow":["GET"]}}],"collection":[{"href":"https:\/\/vitalstoffversand.com\/pl\/wp-json\/wp\/v2\/product"}],"about":[{"href":"https:\/\/vitalstoffversand.com\/pl\/wp-json\/wp\/v2\/types\/product"}],"wp:featuredmedia":[{"embeddable":true,"href":"https:\/\/vitalstoffversand.com\/pl\/wp-json\/wp\/v2\/media\/58977"}],"wp:attachment":[{"href":"https:\/\/vitalstoffversand.com\/pl\/wp-json\/wp\/v2\/media?parent=23335"}],"wp:term":[{"taxonomy":"product_brand","embeddable":true,"href":"https:\/\/vitalstoffversand.com\/pl\/wp-json\/wp\/v2\/product_brand?post=23335"},{"taxonomy":"product_cat","embeddable":true,"href":"https:\/\/vitalstoffversand.com\/pl\/wp-json\/wp\/v2\/product_cat?post=23335"},{"taxonomy":"product_tag","embeddable":true,"href":"https:\/\/vitalstoffversand.com\/pl\/wp-json\/wp\/v2\/product_tag?post=23335"}],"curies":[{"name":"wp","href":"https:\/\/api.w.org\/{rel}","templated":true}]}}