{"id":23328,"date":"2024-11-09T17:09:21","date_gmt":"2024-11-09T16:09:21","guid":{"rendered":"https:\/\/vitalstoffversand.com\/produkt\/vit4ever-l-arginina-intenso-365-kapsulek\/"},"modified":"2026-03-14T15:19:02","modified_gmt":"2026-03-14T14:19:02","slug":"vit4ever-l-arginina-intenso-365-kapsulek","status":"publish","type":"product","link":"https:\/\/vitalstoffversand.com\/pl\/produkt-pl\/vit4ever-l-arginina-intenso-365-kapsulek\/","title":{"rendered":"Vit4ever <br>L-Arginina Intenso &#8211; 365 kapsu\u0142ek"},"content":{"rendered":"<p>L-arginina jest p\u00f3\u0142-niezb\u0119dnym aminokwasem proteinogennym, kt\u00f3ry jest wysoko ceniony nie tylko przez sportowc\u00f3w jako booster treningowy.<\/p>\n<p>Arginina jest szczeg\u00f3lnie potrzebna organizmowi podczas intensywnego uprawiania sportu lub zwi\u0119kszonego stresu i bierze udzia\u0142 w budowaniu w\u0142asnego bia\u0142ka.<\/p>\n<p>Ze wzgl\u0119du na wysok\u0105 zawarto\u015b\u0107 azotu i zdolno\u015b\u0107 do tworzenia tlenku azotu, jest bardzo wa\u017cny dla aktywacji i kontroli naczy\u0144 krwiono\u015bnych, a zatem mo\u017ce by\u0107 r\u00f3wnie\u017c bardzo interesuj\u0105cy dla aktywnych m\u0119\u017cczyzn (zaburzenia erekcji) i aktywnych kobiet.<\/p>\n<p>Kapsu\u0142ki Arginine Intenso zawieraj\u0105 czyst\u0105 ro\u015blinn\u0105 arginin\u0119 bazow\u0105, kt\u00f3ra jest uzyskiwana w procesie fermentacji z surowc\u00f3w ro\u015blinnych.<\/p>\n<ul>\n<li>Wegan<\/li>\n<li>Bez glutenu<\/li>\n<li>Bez laktozy<\/li>\n<li>Bez GMO<\/li>\n<li>Wyprodukowane zgodnie z surowymi normami jako\u015bci UE<\/li>\n<\/ul>\n","protected":false},"excerpt":{"rendered":"<p>L-arginina jest p\u00f3\u0142-niezb\u0119dnym aminokwasem proteinogennym, kt\u00f3ry jest wysoko ceniony nie tylko przez sportowc\u00f3w jako booster treningowy. Arginina jest szczeg\u00f3lnie potrzebna organizmowi podczas intensywnego uprawiania sportu lub zwi\u0119kszonego stresu i bierze udzia\u0142 w budowaniu w\u0142asnego bia\u0142ka. Ze wzgl\u0119du na wysok\u0105 zawarto\u015b\u0107 azotu i zdolno\u015b\u0107 do tworzenia tlenku azotu, jest bardzo wa\u017cny dla aktywacji i kontroli naczy\u0144 [&hellip;]<\/p>\n","protected":false},"featured_media":67167,"template":"","meta":{"_acf_changed":false},"product_brand":[10220],"product_cat":[552,569],"product_tag":[],"class_list":{"0":"post-23328","1":"product","2":"type-product","3":"status-publish","4":"has-post-thumbnail","6":"product_brand-vit4ever-pl","7":"product_cat-aminokwasy","8":"product_cat-produkty-od-a-z","10":"first","11":"instock","12":"taxable","13":"shipping-taxable","14":"purchasable","15":"product-type-simple"},"acf":[],"_links":{"self":[{"href":"https:\/\/vitalstoffversand.com\/pl\/wp-json\/wp\/v2\/product\/23328","targetHints":{"allow":["GET"]}}],"collection":[{"href":"https:\/\/vitalstoffversand.com\/pl\/wp-json\/wp\/v2\/product"}],"about":[{"href":"https:\/\/vitalstoffversand.com\/pl\/wp-json\/wp\/v2\/types\/product"}],"wp:featuredmedia":[{"embeddable":true,"href":"https:\/\/vitalstoffversand.com\/pl\/wp-json\/wp\/v2\/media\/67167"}],"wp:attachment":[{"href":"https:\/\/vitalstoffversand.com\/pl\/wp-json\/wp\/v2\/media?parent=23328"}],"wp:term":[{"taxonomy":"product_brand","embeddable":true,"href":"https:\/\/vitalstoffversand.com\/pl\/wp-json\/wp\/v2\/product_brand?post=23328"},{"taxonomy":"product_cat","embeddable":true,"href":"https:\/\/vitalstoffversand.com\/pl\/wp-json\/wp\/v2\/product_cat?post=23328"},{"taxonomy":"product_tag","embeddable":true,"href":"https:\/\/vitalstoffversand.com\/pl\/wp-json\/wp\/v2\/product_tag?post=23328"}],"curies":[{"name":"wp","href":"https:\/\/api.w.org\/{rel}","templated":true}]}}