{"id":23308,"date":"2024-11-09T17:08:15","date_gmt":"2024-11-09T16:08:15","guid":{"rendered":"https:\/\/vitalstoffversand.com\/produkt\/vit4ever-bio-probio-20-complex-180-kapsulek\/"},"modified":"2026-03-14T15:15:18","modified_gmt":"2026-03-14T14:15:18","slug":"vit4ever-bio-probio-20-complex-180-kapsulek","status":"publish","type":"product","link":"https:\/\/vitalstoffversand.com\/pl\/produkt-pl\/vit4ever-bio-probio-20-complex-180-kapsulek\/","title":{"rendered":"Vit4ever <br>Bio Probio 20 Complex &#8211; 180 kapsu\u0142ek"},"content":{"rendered":"<p>Jelito jest centralnym i niezwykle wa\u017cnym organem kontrolnym naszego organizmu.<\/p>\n<p>Probio 20 Complex zawiera 20 szczep\u00f3w bakteryjnych z 21 miliardami CFU dobrych bakterii jelitowych na dzienn\u0105 porcj\u0119, a tak\u017ce prebiotyk, kt\u00f3ry praktycznie s\u0142u\u017cy jako pokarm dla bakterii jelitowych.<\/p>\n<p>Zastosowanie kapsu\u0142ek powlekanych dojelitowo (Bright JC Caps) zapewnia, \u017ce bakterie docieraj\u0105 nieuszkodzone tam, gdzie s\u0105 potrzebne &#8211; do jelita.<\/p>\n<ul>\n<li>Wegan<\/li>\n<li>Bez glutenu<\/li>\n<li>Bez laktozy<\/li>\n<li>Bez GMO<\/li>\n<li>Wyprodukowane zgodnie z surowymi normami jako\u015bci UE<\/li>\n<\/ul>\n","protected":false},"excerpt":{"rendered":"<p>Jelito jest centralnym i niezwykle wa\u017cnym organem kontrolnym naszego organizmu. Probio 20 Complex zawiera 20 szczep\u00f3w bakteryjnych z 21 miliardami CFU dobrych bakterii jelitowych na dzienn\u0105 porcj\u0119, a tak\u017ce prebiotyk, kt\u00f3ry praktycznie s\u0142u\u017cy jako pokarm dla bakterii jelitowych. Zastosowanie kapsu\u0142ek powlekanych dojelitowo (Bright JC Caps) zapewnia, \u017ce bakterie docieraj\u0105 nieuszkodzone tam, gdzie s\u0105 potrzebne &#8211; [&hellip;]<\/p>\n","protected":false},"featured_media":50566,"template":"","meta":{"_acf_changed":false},"product_brand":[10220],"product_cat":[560,540,569],"product_tag":[],"class_list":{"0":"post-23308","1":"product","2":"type-product","3":"status-publish","4":"has-post-thumbnail","6":"product_brand-vit4ever-pl","7":"product_cat-skladniki-odzywcze","8":"product_cat-organiczny","9":"product_cat-produkty-od-a-z","11":"first","12":"outofstock","13":"taxable","14":"shipping-taxable","15":"purchasable","16":"product-type-simple"},"acf":[],"_links":{"self":[{"href":"https:\/\/vitalstoffversand.com\/pl\/wp-json\/wp\/v2\/product\/23308","targetHints":{"allow":["GET"]}}],"collection":[{"href":"https:\/\/vitalstoffversand.com\/pl\/wp-json\/wp\/v2\/product"}],"about":[{"href":"https:\/\/vitalstoffversand.com\/pl\/wp-json\/wp\/v2\/types\/product"}],"wp:featuredmedia":[{"embeddable":true,"href":"https:\/\/vitalstoffversand.com\/pl\/wp-json\/wp\/v2\/media\/50566"}],"wp:attachment":[{"href":"https:\/\/vitalstoffversand.com\/pl\/wp-json\/wp\/v2\/media?parent=23308"}],"wp:term":[{"taxonomy":"product_brand","embeddable":true,"href":"https:\/\/vitalstoffversand.com\/pl\/wp-json\/wp\/v2\/product_brand?post=23308"},{"taxonomy":"product_cat","embeddable":true,"href":"https:\/\/vitalstoffversand.com\/pl\/wp-json\/wp\/v2\/product_cat?post=23308"},{"taxonomy":"product_tag","embeddable":true,"href":"https:\/\/vitalstoffversand.com\/pl\/wp-json\/wp\/v2\/product_tag?post=23308"}],"curies":[{"name":"wp","href":"https:\/\/api.w.org\/{rel}","templated":true}]}}