{"id":2300,"date":"2024-10-26T12:11:35","date_gmt":"2024-10-26T10:11:35","guid":{"rendered":"https:\/\/dev.vitalstoffversand.com\/?post_type=product&#038;p=2300"},"modified":"2026-03-11T13:21:14","modified_gmt":"2026-03-11T12:21:14","slug":"organiczne-luski-psyllium-kopie","status":"publish","type":"product","link":"https:\/\/vitalstoffversand.com\/pl\/produkt-pl\/organiczne-luski-psyllium-kopie\/","title":{"rendered":"Natura Med <br>Organiczne \u0142upiny psyllium \u2013 250 g"},"content":{"rendered":"<p>\u0141uski babki p\u0142esznik s\u0105 niezwykle bogate w b\u0142onnik i mog\u0105 wspomaga\u0107 diet\u0119 wysokob\u0142onnikow\u0105.<\/p>\n<p>Ze wzgl\u0119du na swoje w\u0142a\u015bciwo\u015bci p\u0119czniej\u0105ce, maj\u0105 pozytywny wp\u0142yw na uczucie syto\u015bci i trawienie, dlatego mog\u0105 by\u0107 r\u00f3wnie\u017c stosowane jako wsparcie diety.<\/p>\n<p>W szczeg\u00f3lno\u015bci \u0142uski psyllium s\u0105 z powodzeniem stosowane w przypadku zapar\u0107, problem\u00f3w trawiennych oraz w celu oczyszczenia i odka\u017cenia jelit.<\/p>\n<ul>\n<li>W 100% naturalny \u2013 bez dodatk\u00f3w<\/li>\n<li>Wegan<\/li>\n<li>Bez glutenu<\/li>\n<li>Bez laktozy<\/li>\n<li>Bez GMO<\/li>\n<li>Wyprodukowane zgodnie z surowymi normami jako\u015bci UE<\/li>\n<\/ul>\n","protected":false},"excerpt":{"rendered":"<p>\u0141uski babki p\u0142esznik s\u0105 niezwykle bogate w b\u0142onnik i mog\u0105 wspomaga\u0107 diet\u0119 wysokob\u0142onnikow\u0105. Ze wzgl\u0119du na swoje w\u0142a\u015bciwo\u015bci p\u0119czniej\u0105ce, maj\u0105 pozytywny wp\u0142yw na uczucie syto\u015bci i trawienie, dlatego mog\u0105 by\u0107 r\u00f3wnie\u017c stosowane jako wsparcie diety. W szczeg\u00f3lno\u015bci \u0142uski psyllium s\u0105 z powodzeniem stosowane w przypadku zapar\u0107, problem\u00f3w trawiennych oraz w celu oczyszczenia i odka\u017cenia jelit. [&hellip;]<\/p>\n","protected":false},"featured_media":40501,"template":"","meta":{"_acf_changed":false},"product_brand":[10207],"product_cat":[560,540,569],"product_tag":[],"class_list":{"0":"post-2300","1":"product","2":"type-product","3":"status-publish","4":"has-post-thumbnail","6":"product_brand-natura-med-pl","7":"product_cat-skladniki-odzywcze","8":"product_cat-organiczny","9":"product_cat-produkty-od-a-z","11":"first","12":"instock","13":"taxable","14":"shipping-taxable","15":"purchasable","16":"product-type-simple"},"acf":[],"_links":{"self":[{"href":"https:\/\/vitalstoffversand.com\/pl\/wp-json\/wp\/v2\/product\/2300","targetHints":{"allow":["GET"]}}],"collection":[{"href":"https:\/\/vitalstoffversand.com\/pl\/wp-json\/wp\/v2\/product"}],"about":[{"href":"https:\/\/vitalstoffversand.com\/pl\/wp-json\/wp\/v2\/types\/product"}],"wp:featuredmedia":[{"embeddable":true,"href":"https:\/\/vitalstoffversand.com\/pl\/wp-json\/wp\/v2\/media\/40501"}],"wp:attachment":[{"href":"https:\/\/vitalstoffversand.com\/pl\/wp-json\/wp\/v2\/media?parent=2300"}],"wp:term":[{"taxonomy":"product_brand","embeddable":true,"href":"https:\/\/vitalstoffversand.com\/pl\/wp-json\/wp\/v2\/product_brand?post=2300"},{"taxonomy":"product_cat","embeddable":true,"href":"https:\/\/vitalstoffversand.com\/pl\/wp-json\/wp\/v2\/product_cat?post=2300"},{"taxonomy":"product_tag","embeddable":true,"href":"https:\/\/vitalstoffversand.com\/pl\/wp-json\/wp\/v2\/product_tag?post=2300"}],"curies":[{"name":"wp","href":"https:\/\/api.w.org\/{rel}","templated":true}]}}