{"id":22858,"date":"2024-11-09T16:38:14","date_gmt":"2024-11-09T15:38:14","guid":{"rendered":"https:\/\/vitalstoffversand.com\/produkt\/vit4ever-ekstrakt-cordyceps-intenso-180-kapsulek\/"},"modified":"2026-03-14T14:54:05","modified_gmt":"2026-03-14T13:54:05","slug":"vit4ever-ekstrakt-cordyceps-intenso-180-kapsulek","status":"publish","type":"product","link":"https:\/\/vitalstoffversand.com\/pl\/produkt-pl\/vit4ever-ekstrakt-cordyceps-intenso-180-kapsulek\/","title":{"rendered":"Vit4ever <br>Ekstrakt Cordyceps Intenso &#8211; 180 kapsu\u0142ek"},"content":{"rendered":"<p>Kapsu\u0142ki o wysokiej dawce z ekstraktem 10:1 z Cordyceps sinensis (grzyb g\u0105sienicowy) z <strong>40% bioaktywnych polisacharyd\u00f3w<\/strong>.<\/p>\n<p>Ekstrakty z grzyb\u00f3w maj\u0105 wy\u017cszy udzia\u0142 polisacharyd\u00f3w ni\u017c ca\u0142y proszek grzybowy, ale cenne inne sk\u0142adniki grzyba s\u0105 tracone w procesie ekstrakcji.<\/p>\n<p>Do cel\u00f3w terapeutycznych zalecamy zatem przyjmowanie ekstrakt\u00f3w z grzyb\u00f3w w po\u0142\u0105czeniu z ca\u0142ym proszkiem grzybowym, poniewa\u017c pozwala to osi\u0105gn\u0105\u0107 maksymalny efekt.<\/p>\n<ul>\n<li>Wegan<\/li>\n<li>Bez glutenu<\/li>\n<li>Bez laktozy<\/li>\n<li>Bez GMO<\/li>\n<li>Wyprodukowane zgodnie z surowymi normami jako\u015bci UE<\/li>\n<\/ul>\n","protected":false},"excerpt":{"rendered":"<p>Kapsu\u0142ki o wysokiej dawce z ekstraktem 10:1 z Cordyceps sinensis (grzyb g\u0105sienicowy) z 40% bioaktywnych polisacharyd\u00f3w. Ekstrakty z grzyb\u00f3w maj\u0105 wy\u017cszy udzia\u0142 polisacharyd\u00f3w ni\u017c ca\u0142y proszek grzybowy, ale cenne inne sk\u0142adniki grzyba s\u0105 tracone w procesie ekstrakcji. Do cel\u00f3w terapeutycznych zalecamy zatem przyjmowanie ekstrakt\u00f3w z grzyb\u00f3w w po\u0142\u0105czeniu z ca\u0142ym proszkiem grzybowym, poniewa\u017c pozwala to [&hellip;]<\/p>\n","protected":false},"featured_media":50486,"template":"","meta":{"_acf_changed":false},"product_brand":[10220],"product_cat":[560,569],"product_tag":[],"class_list":{"0":"post-22858","1":"product","2":"type-product","3":"status-publish","4":"has-post-thumbnail","6":"product_brand-vit4ever-pl","7":"product_cat-skladniki-odzywcze","8":"product_cat-produkty-od-a-z","10":"first","11":"outofstock","12":"taxable","13":"shipping-taxable","14":"purchasable","15":"product-type-simple"},"acf":[],"_links":{"self":[{"href":"https:\/\/vitalstoffversand.com\/pl\/wp-json\/wp\/v2\/product\/22858","targetHints":{"allow":["GET"]}}],"collection":[{"href":"https:\/\/vitalstoffversand.com\/pl\/wp-json\/wp\/v2\/product"}],"about":[{"href":"https:\/\/vitalstoffversand.com\/pl\/wp-json\/wp\/v2\/types\/product"}],"wp:featuredmedia":[{"embeddable":true,"href":"https:\/\/vitalstoffversand.com\/pl\/wp-json\/wp\/v2\/media\/50486"}],"wp:attachment":[{"href":"https:\/\/vitalstoffversand.com\/pl\/wp-json\/wp\/v2\/media?parent=22858"}],"wp:term":[{"taxonomy":"product_brand","embeddable":true,"href":"https:\/\/vitalstoffversand.com\/pl\/wp-json\/wp\/v2\/product_brand?post=22858"},{"taxonomy":"product_cat","embeddable":true,"href":"https:\/\/vitalstoffversand.com\/pl\/wp-json\/wp\/v2\/product_cat?post=22858"},{"taxonomy":"product_tag","embeddable":true,"href":"https:\/\/vitalstoffversand.com\/pl\/wp-json\/wp\/v2\/product_tag?post=22858"}],"curies":[{"name":"wp","href":"https:\/\/api.w.org\/{rel}","templated":true}]}}