{"id":22809,"date":"2024-11-09T16:35:03","date_gmt":"2024-11-09T15:35:03","guid":{"rendered":"https:\/\/vitalstoffversand.com\/produkt\/vit4ever-miedz-365-tabletek\/"},"modified":"2026-03-14T14:38:43","modified_gmt":"2026-03-14T13:38:43","slug":"vit4ever-miedz-365-tabletek","status":"publish","type":"product","link":"https:\/\/vitalstoffversand.com\/pl\/produkt-pl\/vit4ever-miedz-365-tabletek\/","title":{"rendered":"Vit4ever <br>Mied\u017a &#8211; 365 tabletek"},"content":{"rendered":"<p><a href=\"https:\/\/vitalstoffversand.com\/knowledge-base\/kupfer\/\" target=\"_blank\" rel=\"noopener\"><strong><span style=\"color: #0000ff;\">\u2192 Mied\u017a<\/span><\/strong><\/a> jest niezb\u0119dnym pierwiastkiem \u015bladowym i musi by\u0107 dostarczana do organizmu.<\/p>\n<p>Bardzo ma\u0142e ilo\u015bci, kt\u00f3rych potrzebuje nasz organizm, s\u0105 zwykle wch\u0142aniane z po\u017cywienia, wi\u0119c dodatkowa suplementacja jest stosunkowo rzadko konieczna.<\/p>\n<ul>\n<li>Wegan<\/li>\n<li>Bez glutenu<\/li>\n<li>Bez laktozy<\/li>\n<li>Bez GMO<\/li>\n<li>Wyprodukowane zgodnie z surowymi normami jako\u015bci UE<\/li>\n<\/ul>\n","protected":false},"excerpt":{"rendered":"<p>\u2192 Mied\u017a jest niezb\u0119dnym pierwiastkiem \u015bladowym i musi by\u0107 dostarczana do organizmu. Bardzo ma\u0142e ilo\u015bci, kt\u00f3rych potrzebuje nasz organizm, s\u0105 zwykle wch\u0142aniane z po\u017cywienia, wi\u0119c dodatkowa suplementacja jest stosunkowo rzadko konieczna. Wegan Bez glutenu Bez laktozy Bez GMO Wyprodukowane zgodnie z surowymi normami jako\u015bci UE<\/p>\n","protected":false},"featured_media":50294,"template":"","meta":{"_acf_changed":false},"product_brand":[10220],"product_cat":[556,569],"product_tag":[],"class_list":{"0":"post-22809","1":"product","2":"type-product","3":"status-publish","4":"has-post-thumbnail","6":"product_brand-vit4ever-pl","7":"product_cat-mineraly-i-pierwiastki-sladowe","8":"product_cat-produkty-od-a-z","10":"first","11":"instock","12":"taxable","13":"shipping-taxable","14":"purchasable","15":"product-type-simple"},"acf":[],"_links":{"self":[{"href":"https:\/\/vitalstoffversand.com\/pl\/wp-json\/wp\/v2\/product\/22809","targetHints":{"allow":["GET"]}}],"collection":[{"href":"https:\/\/vitalstoffversand.com\/pl\/wp-json\/wp\/v2\/product"}],"about":[{"href":"https:\/\/vitalstoffversand.com\/pl\/wp-json\/wp\/v2\/types\/product"}],"wp:featuredmedia":[{"embeddable":true,"href":"https:\/\/vitalstoffversand.com\/pl\/wp-json\/wp\/v2\/media\/50294"}],"wp:attachment":[{"href":"https:\/\/vitalstoffversand.com\/pl\/wp-json\/wp\/v2\/media?parent=22809"}],"wp:term":[{"taxonomy":"product_brand","embeddable":true,"href":"https:\/\/vitalstoffversand.com\/pl\/wp-json\/wp\/v2\/product_brand?post=22809"},{"taxonomy":"product_cat","embeddable":true,"href":"https:\/\/vitalstoffversand.com\/pl\/wp-json\/wp\/v2\/product_cat?post=22809"},{"taxonomy":"product_tag","embeddable":true,"href":"https:\/\/vitalstoffversand.com\/pl\/wp-json\/wp\/v2\/product_tag?post=22809"}],"curies":[{"name":"wp","href":"https:\/\/api.w.org\/{rel}","templated":true}]}}