{"id":22802,"date":"2024-11-09T16:30:27","date_gmt":"2024-11-09T15:30:27","guid":{"rendered":"https:\/\/vitalstoffversand.com\/produkt\/vit4ever-tlenek-magnezu-365-kapsulek\/"},"modified":"2026-03-14T14:35:18","modified_gmt":"2026-03-14T13:35:18","slug":"vit4ever-tlenek-magnezu-365-kapsulek","status":"publish","type":"product","link":"https:\/\/vitalstoffversand.com\/pl\/produkt-pl\/vit4ever-tlenek-magnezu-365-kapsulek\/","title":{"rendered":"Vit4ever <br>Tlenek magnezu &#8211; 365 kapsu\u0142ek"},"content":{"rendered":"<p><a href=\"https:\/\/vitalstoffversand.com\/knowledge-base\/magnesium\/\" target=\"_blank\" rel=\"noopener\"><span style=\"color: #0000ff;\"><strong>\u2192 Magnez<\/strong><\/span><\/a> odgrywa wa\u017cn\u0105 rol\u0119 w naszym organizmie i wyst\u0119puje w r\u00f3\u017cnych zwi\u0105zkach.<\/p>\n<p>Tlenek magnezu ma tak\u0105 sam\u0105 wysok\u0105 bior\u00f3wnowa\u017cno\u015b\u0107 i u\u017cyteczno\u015b\u0107 jak cytrynian magnezu, ale zgodnie z badaniem naukowym przeprowadzonym przez Shechtera i wsp. (2012), oferuje znacznie lepsze wewn\u0105trzkom\u00f3rkowe magazynowanie magnezu w por\u00f3wnaniu z cytrynianem magnezu po kilku tygodniach przyjmowania. <\/p>\n<ul>\n<li>Wegan<\/li>\n<li>Bez glutenu<\/li>\n<li>Bez laktozy<\/li>\n<li>Bez GMO<\/li>\n<li>Wyprodukowane zgodnie z surowymi normami jako\u015bci UE<\/li>\n<\/ul>\n","protected":false},"excerpt":{"rendered":"<p>\u2192 Magnez odgrywa wa\u017cn\u0105 rol\u0119 w naszym organizmie i wyst\u0119puje w r\u00f3\u017cnych zwi\u0105zkach. Tlenek magnezu ma tak\u0105 sam\u0105 wysok\u0105 bior\u00f3wnowa\u017cno\u015b\u0107 i u\u017cyteczno\u015b\u0107 jak cytrynian magnezu, ale zgodnie z badaniem naukowym przeprowadzonym przez Shechtera i wsp. (2012), oferuje znacznie lepsze wewn\u0105trzkom\u00f3rkowe magazynowanie magnezu w por\u00f3wnaniu z cytrynianem magnezu po kilku tygodniach przyjmowania. Wegan Bez glutenu Bez [&hellip;]<\/p>\n","protected":false},"featured_media":50254,"template":"","meta":{"_acf_changed":false},"product_brand":[10220],"product_cat":[556,569],"product_tag":[],"class_list":{"0":"post-22802","1":"product","2":"type-product","3":"status-publish","4":"has-post-thumbnail","6":"product_brand-vit4ever-pl","7":"product_cat-mineraly-i-pierwiastki-sladowe","8":"product_cat-produkty-od-a-z","10":"first","11":"instock","12":"taxable","13":"shipping-taxable","14":"purchasable","15":"product-type-simple"},"acf":[],"_links":{"self":[{"href":"https:\/\/vitalstoffversand.com\/pl\/wp-json\/wp\/v2\/product\/22802","targetHints":{"allow":["GET"]}}],"collection":[{"href":"https:\/\/vitalstoffversand.com\/pl\/wp-json\/wp\/v2\/product"}],"about":[{"href":"https:\/\/vitalstoffversand.com\/pl\/wp-json\/wp\/v2\/types\/product"}],"wp:featuredmedia":[{"embeddable":true,"href":"https:\/\/vitalstoffversand.com\/pl\/wp-json\/wp\/v2\/media\/50254"}],"wp:attachment":[{"href":"https:\/\/vitalstoffversand.com\/pl\/wp-json\/wp\/v2\/media?parent=22802"}],"wp:term":[{"taxonomy":"product_brand","embeddable":true,"href":"https:\/\/vitalstoffversand.com\/pl\/wp-json\/wp\/v2\/product_brand?post=22802"},{"taxonomy":"product_cat","embeddable":true,"href":"https:\/\/vitalstoffversand.com\/pl\/wp-json\/wp\/v2\/product_cat?post=22802"},{"taxonomy":"product_tag","embeddable":true,"href":"https:\/\/vitalstoffversand.com\/pl\/wp-json\/wp\/v2\/product_tag?post=22802"}],"curies":[{"name":"wp","href":"https:\/\/api.w.org\/{rel}","templated":true}]}}