{"id":22788,"date":"2024-11-08T19:02:00","date_gmt":"2024-11-08T18:02:00","guid":{"rendered":"https:\/\/vitalstoffversand.com\/produkt\/vit4ever-chromium-rozne-wersje\/"},"modified":"2026-03-14T14:32:28","modified_gmt":"2026-03-14T13:32:28","slug":"vit4ever-chromium-rozne-wersje","status":"publish","type":"product","link":"https:\/\/vitalstoffversand.com\/pl\/produkt-pl\/vit4ever-chromium-rozne-wersje\/","title":{"rendered":"Vit4ever <br>Chrom 200 \u00b5g \u2013 365 tabletek"},"content":{"rendered":"<p><a href=\"https:\/\/vitalstoffversand.com\/knowledge-base\/chrom\/\" target=\"_blank\" rel=\"noopener\">\u2192 Chrom<\/a> nale\u017cy do pierwiastk\u00f3w \u015bladowych i jest dostarczany wraz z po\u017cywieniem.<\/p>\n<p>Zgodnie z wynikami bada\u0144 naukowych niedob\u00f3r chromu wydaje si\u0119 ma\u0142o prawdopodobny, jednak w niekt\u00f3rych przypadkach konieczne mo\u017ce by\u0107 dodatkowe uzupe\u0142nienie chromu, zw\u0142aszcza gdy z powodu indywidualnych nawyk\u00f3w \u017cywieniowych jego spo\u017cycie w diecie jest niewystarczaj\u0105ce.<\/p>\n<ul>\n<li>Wegan<\/li>\n<li>Bez glutenu<\/li>\n<li>Bez laktozy<\/li>\n<li>Bez GMO<\/li>\n<li>Wyprodukowane zgodnie z surowymi normami jako\u015bci UE<\/li>\n<\/ul>\n","protected":false},"excerpt":{"rendered":"<p>\u2192 Chrom nale\u017cy do pierwiastk\u00f3w \u015bladowych i jest dostarczany wraz z po\u017cywieniem. Zgodnie z wynikami bada\u0144 naukowych niedob\u00f3r chromu wydaje si\u0119 ma\u0142o prawdopodobny, jednak w niekt\u00f3rych przypadkach konieczne mo\u017ce by\u0107 dodatkowe uzupe\u0142nienie chromu, zw\u0142aszcza gdy z powodu indywidualnych nawyk\u00f3w \u017cywieniowych jego spo\u017cycie w diecie jest niewystarczaj\u0105ce. Wegan Bez glutenu Bez laktozy Bez GMO Wyprodukowane zgodnie [&hellip;]<\/p>\n","protected":false},"featured_media":50214,"template":"","meta":{"_acf_changed":false},"product_brand":[10220],"product_cat":[556,569],"product_tag":[],"class_list":{"0":"post-22788","1":"product","2":"type-product","3":"status-publish","4":"has-post-thumbnail","6":"product_brand-vit4ever-pl","7":"product_cat-mineraly-i-pierwiastki-sladowe","8":"product_cat-produkty-od-a-z","10":"first","11":"instock","12":"taxable","13":"shipping-taxable","14":"purchasable","15":"product-type-simple"},"acf":[],"_links":{"self":[{"href":"https:\/\/vitalstoffversand.com\/pl\/wp-json\/wp\/v2\/product\/22788","targetHints":{"allow":["GET"]}}],"collection":[{"href":"https:\/\/vitalstoffversand.com\/pl\/wp-json\/wp\/v2\/product"}],"about":[{"href":"https:\/\/vitalstoffversand.com\/pl\/wp-json\/wp\/v2\/types\/product"}],"wp:featuredmedia":[{"embeddable":true,"href":"https:\/\/vitalstoffversand.com\/pl\/wp-json\/wp\/v2\/media\/50214"}],"wp:attachment":[{"href":"https:\/\/vitalstoffversand.com\/pl\/wp-json\/wp\/v2\/media?parent=22788"}],"wp:term":[{"taxonomy":"product_brand","embeddable":true,"href":"https:\/\/vitalstoffversand.com\/pl\/wp-json\/wp\/v2\/product_brand?post=22788"},{"taxonomy":"product_cat","embeddable":true,"href":"https:\/\/vitalstoffversand.com\/pl\/wp-json\/wp\/v2\/product_cat?post=22788"},{"taxonomy":"product_tag","embeddable":true,"href":"https:\/\/vitalstoffversand.com\/pl\/wp-json\/wp\/v2\/product_tag?post=22788"}],"curies":[{"name":"wp","href":"https:\/\/api.w.org\/{rel}","templated":true}]}}