{"id":22560,"date":"2024-11-08T14:00:49","date_gmt":"2024-11-08T13:00:49","guid":{"rendered":"https:\/\/vitalstoffversand.com\/produkt\/vit4ever-omega-3-420-kapsulek\/"},"modified":"2026-03-12T17:01:27","modified_gmt":"2026-03-12T16:01:27","slug":"vit4ever-omega-3-420-kapsulek","status":"publish","type":"product","link":"https:\/\/vitalstoffversand.com\/pl\/produkt-pl\/vit4ever-omega-3-420-kapsulek\/","title":{"rendered":"Vit4ever <br>Omega 3 &#8211; 420 kapsu\u0142ek"},"content":{"rendered":"<p>Wielonienasycone kwasy t\u0142uszczowe s\u0105 niezb\u0119dne dla naszego organizmu.<\/p>\n<p>Poniewa\u017c nie jeste\u015bmy w stanie sami wyprodukowa\u0107 kwas\u00f3w omega 3, kt\u00f3re dostarczaj\u0105 nam EPA (kwas eikozapentaenowy) i DHA (kwas dokozaheksenowy), musimy przyjmowa\u0107 je w postaci \u017cywno\u015bci morskiej lub jako skuteczny suplement, na przyk\u0142ad w postaci kapsu\u0142ek z olejem rybim.<\/p>\n<p>Dalsze linki do <a href=\"https:\/\/vitalstoffversand.com\/knowledge-base\/docosahexaensaeure-dha\/\" target=\"_blank\" rel=\"noopener\"><strong><span style=\"color: #0000ff;\">\u2192 DHA<\/span><\/strong><\/a>, <a href=\"https:\/\/vitalstoffversand.com\/knowledge-base\/docosahexaensaeure-und-eicosapentaensaeure-dha-epa\/\" target=\"_blank\" rel=\"noopener\"><strong><span style=\"color: #0000ff;\">\u2192 DHA i EPA<\/span><\/strong><\/a> oraz <a href=\"https:\/\/vitalstoffversand.com\/knowledge-base\/eicosapentaensaeure-und-docosahexaensaeure-epa-dha\/\" target=\"_blank\" rel=\"noopener\"><span style=\"color: #0000ff;\"><strong>\u2192 EPA i DHA<\/strong><\/span><\/a><\/p>\n<ul>\n<li>Bez glutenu<\/li>\n<li>Bez laktozy<\/li>\n<li>Bez GMO<\/li>\n<li>Wyprodukowane zgodnie z surowymi normami jako\u015bci UE<\/li>\n<\/ul>\n","protected":false},"excerpt":{"rendered":"<p>Wielonienasycone kwasy t\u0142uszczowe s\u0105 niezb\u0119dne dla naszego organizmu. Poniewa\u017c nie jeste\u015bmy w stanie sami wyprodukowa\u0107 kwas\u00f3w omega 3, kt\u00f3re dostarczaj\u0105 nam EPA (kwas eikozapentaenowy) i DHA (kwas dokozaheksenowy), musimy przyjmowa\u0107 je w postaci \u017cywno\u015bci morskiej lub jako skuteczny suplement, na przyk\u0142ad w postaci kapsu\u0142ek z olejem rybim. Dalsze linki do \u2192 DHA, \u2192 DHA i [&hellip;]<\/p>\n","protected":false},"featured_media":50054,"template":"","meta":{"_acf_changed":false},"product_brand":[10220],"product_cat":[553,569],"product_tag":[],"class_list":{"0":"post-22560","1":"product","2":"type-product","3":"status-publish","4":"has-post-thumbnail","6":"product_brand-vit4ever-pl","7":"product_cat-kwasy-tluszczowe","8":"product_cat-produkty-od-a-z","10":"first","11":"instock","12":"taxable","13":"shipping-taxable","14":"purchasable","15":"product-type-simple"},"acf":[],"_links":{"self":[{"href":"https:\/\/vitalstoffversand.com\/pl\/wp-json\/wp\/v2\/product\/22560","targetHints":{"allow":["GET"]}}],"collection":[{"href":"https:\/\/vitalstoffversand.com\/pl\/wp-json\/wp\/v2\/product"}],"about":[{"href":"https:\/\/vitalstoffversand.com\/pl\/wp-json\/wp\/v2\/types\/product"}],"wp:featuredmedia":[{"embeddable":true,"href":"https:\/\/vitalstoffversand.com\/pl\/wp-json\/wp\/v2\/media\/50054"}],"wp:attachment":[{"href":"https:\/\/vitalstoffversand.com\/pl\/wp-json\/wp\/v2\/media?parent=22560"}],"wp:term":[{"taxonomy":"product_brand","embeddable":true,"href":"https:\/\/vitalstoffversand.com\/pl\/wp-json\/wp\/v2\/product_brand?post=22560"},{"taxonomy":"product_cat","embeddable":true,"href":"https:\/\/vitalstoffversand.com\/pl\/wp-json\/wp\/v2\/product_cat?post=22560"},{"taxonomy":"product_tag","embeddable":true,"href":"https:\/\/vitalstoffversand.com\/pl\/wp-json\/wp\/v2\/product_tag?post=22560"}],"curies":[{"name":"wp","href":"https:\/\/api.w.org\/{rel}","templated":true}]}}