{"id":22553,"date":"2024-11-08T12:46:33","date_gmt":"2024-11-08T11:46:33","guid":{"rendered":"https:\/\/vitalstoffversand.com\/produkt\/vit4ever-joint-flexit-180-kapsulek\/"},"modified":"2026-03-12T16:59:33","modified_gmt":"2026-03-12T15:59:33","slug":"vit4ever-joint-flexit-180-kapsulek","status":"publish","type":"product","link":"https:\/\/vitalstoffversand.com\/pl\/produkt-pl\/vit4ever-joint-flexit-180-kapsulek\/","title":{"rendered":"Vit4ever <br>Joint Flexit &#8211; 180 kapsu\u0142ek"},"content":{"rendered":"<p>Dzi\u0119ki wysoce skutecznej formule 9 sk\u0142adnik\u00f3w Gelenk Flexit zapewnia wsparcie podczas uprawiania sportu lub w \u017cyciu codziennym.<\/p>\n<p>Kapsu\u0142ki zawieraj\u0105 aktywne po\u0142\u0105czenie glukozaminy, ekstraktu z kadzid\u0142owca, chondroityny, ekstraktu z kurkumy, kwercetyny, MSM, L-metioniny, bromelainy i naturalnej witaminy C.<\/p>\n<ul>\n<li>Bez glutenu<\/li>\n<li>Bez laktozy<\/li>\n<li>Bez GMO<\/li>\n<li>Wyprodukowane zgodnie z surowymi normami jako\u015bci UE<\/li>\n<\/ul>\n","protected":false},"excerpt":{"rendered":"<p>Dzi\u0119ki wysoce skutecznej formule 9 sk\u0142adnik\u00f3w Gelenk Flexit zapewnia wsparcie podczas uprawiania sportu lub w \u017cyciu codziennym. Kapsu\u0142ki zawieraj\u0105 aktywne po\u0142\u0105czenie glukozaminy, ekstraktu z kadzid\u0142owca, chondroityny, ekstraktu z kurkumy, kwercetyny, MSM, L-metioniny, bromelainy i naturalnej witaminy C. Bez glutenu Bez laktozy Bez GMO Wyprodukowane zgodnie z surowymi normami jako\u015bci UE<\/p>\n","protected":false},"featured_media":50006,"template":"","meta":{"_acf_changed":false},"product_brand":[10220],"product_cat":[560,569],"product_tag":[],"class_list":{"0":"post-22553","1":"product","2":"type-product","3":"status-publish","4":"has-post-thumbnail","6":"product_brand-vit4ever-pl","7":"product_cat-skladniki-odzywcze","8":"product_cat-produkty-od-a-z","10":"first","11":"outofstock","12":"taxable","13":"shipping-taxable","14":"purchasable","15":"product-type-simple"},"acf":[],"_links":{"self":[{"href":"https:\/\/vitalstoffversand.com\/pl\/wp-json\/wp\/v2\/product\/22553","targetHints":{"allow":["GET"]}}],"collection":[{"href":"https:\/\/vitalstoffversand.com\/pl\/wp-json\/wp\/v2\/product"}],"about":[{"href":"https:\/\/vitalstoffversand.com\/pl\/wp-json\/wp\/v2\/types\/product"}],"wp:featuredmedia":[{"embeddable":true,"href":"https:\/\/vitalstoffversand.com\/pl\/wp-json\/wp\/v2\/media\/50006"}],"wp:attachment":[{"href":"https:\/\/vitalstoffversand.com\/pl\/wp-json\/wp\/v2\/media?parent=22553"}],"wp:term":[{"taxonomy":"product_brand","embeddable":true,"href":"https:\/\/vitalstoffversand.com\/pl\/wp-json\/wp\/v2\/product_brand?post=22553"},{"taxonomy":"product_cat","embeddable":true,"href":"https:\/\/vitalstoffversand.com\/pl\/wp-json\/wp\/v2\/product_cat?post=22553"},{"taxonomy":"product_tag","embeddable":true,"href":"https:\/\/vitalstoffversand.com\/pl\/wp-json\/wp\/v2\/product_tag?post=22553"}],"curies":[{"name":"wp","href":"https:\/\/api.w.org\/{rel}","templated":true}]}}