{"id":22525,"date":"2024-11-07T19:52:40","date_gmt":"2024-11-07T18:52:40","guid":{"rendered":"https:\/\/vitalstoffversand.com\/produkt\/vit4ever-witamina-d3-10000-j-m-365-tabletek\/"},"modified":"2026-03-12T16:53:01","modified_gmt":"2026-03-12T15:53:01","slug":"vit4ever-witamina-d3-10000-j-m-365-tabletek","status":"publish","type":"product","link":"https:\/\/vitalstoffversand.com\/pl\/produkt-pl\/vit4ever-witamina-d3-10000-j-m-365-tabletek\/","title":{"rendered":"Vit4ever <br>Witamina D3 10000 j.m. &#8211; 365 tabletek"},"content":{"rendered":"<p>Poniewa\u017c <a href=\"https:\/\/vitalstoffversand.com\/knowledge-base\/vitamin-d\/\" target=\"_blank\" rel=\"noopener\"><strong><span style=\"color: #0000ff;\">\u2192 witamina D<\/span><\/strong><\/a> mo\u017ce by\u0107 magazynowana przez organizm, jedna kapsu\u0142ka zapewnia naszemu organizmowi t\u0119 wa\u017cn\u0105 witamin\u0119 przez 10 dni.<\/p>\n<p>Nale\u017cy zapewni\u0107 wystarczaj\u0105c\u0105 poda\u017c witaminy D, szczeg\u00f3lnie w ciemniejszych miesi\u0105cach roku.<\/p>\n<ul>\n<li>Wegetaria\u0144skie<\/li>\n<li>Bez glutenu<\/li>\n<li>Bez laktozy<\/li>\n<li>Bez GMO<\/li>\n<li>Wyprodukowane zgodnie z surowymi normami jako\u015bci UE<\/li>\n<\/ul>\n","protected":false},"excerpt":{"rendered":"<p>Poniewa\u017c \u2192 witamina D mo\u017ce by\u0107 magazynowana przez organizm, jedna kapsu\u0142ka zapewnia naszemu organizmowi t\u0119 wa\u017cn\u0105 witamin\u0119 przez 10 dni. Nale\u017cy zapewni\u0107 wystarczaj\u0105c\u0105 poda\u017c witaminy D, szczeg\u00f3lnie w ciemniejszych miesi\u0105cach roku. Wegetaria\u0144skie Bez glutenu Bez laktozy Bez GMO Wyprodukowane zgodnie z surowymi normami jako\u015bci UE<\/p>\n","protected":false},"featured_media":61410,"template":"","meta":{"_acf_changed":false},"product_brand":[10220],"product_cat":[564,569],"product_tag":[],"class_list":{"0":"post-22525","1":"product","2":"type-product","3":"status-publish","4":"has-post-thumbnail","6":"product_brand-vit4ever-pl","7":"product_cat-witaminy","8":"product_cat-produkty-od-a-z","10":"first","11":"instock","12":"taxable","13":"shipping-taxable","14":"purchasable","15":"product-type-simple"},"acf":[],"_links":{"self":[{"href":"https:\/\/vitalstoffversand.com\/pl\/wp-json\/wp\/v2\/product\/22525","targetHints":{"allow":["GET"]}}],"collection":[{"href":"https:\/\/vitalstoffversand.com\/pl\/wp-json\/wp\/v2\/product"}],"about":[{"href":"https:\/\/vitalstoffversand.com\/pl\/wp-json\/wp\/v2\/types\/product"}],"wp:featuredmedia":[{"embeddable":true,"href":"https:\/\/vitalstoffversand.com\/pl\/wp-json\/wp\/v2\/media\/61410"}],"wp:attachment":[{"href":"https:\/\/vitalstoffversand.com\/pl\/wp-json\/wp\/v2\/media?parent=22525"}],"wp:term":[{"taxonomy":"product_brand","embeddable":true,"href":"https:\/\/vitalstoffversand.com\/pl\/wp-json\/wp\/v2\/product_brand?post=22525"},{"taxonomy":"product_cat","embeddable":true,"href":"https:\/\/vitalstoffversand.com\/pl\/wp-json\/wp\/v2\/product_cat?post=22525"},{"taxonomy":"product_tag","embeddable":true,"href":"https:\/\/vitalstoffversand.com\/pl\/wp-json\/wp\/v2\/product_tag?post=22525"}],"curies":[{"name":"wp","href":"https:\/\/api.w.org\/{rel}","templated":true}]}}