{"id":22517,"date":"2024-11-07T15:46:23","date_gmt":"2024-11-07T14:46:23","guid":{"rendered":"https:\/\/vitalstoffversand.com\/produkt\/vit4ever-kompleks-cynku-400-tabletek\/"},"modified":"2026-03-12T16:45:57","modified_gmt":"2026-03-12T15:45:57","slug":"vit4ever-kompleks-cynku-400-tabletek","status":"publish","type":"product","link":"https:\/\/vitalstoffversand.com\/pl\/produkt-pl\/vit4ever-kompleks-cynku-400-tabletek\/","title":{"rendered":"Vit4ever <br>Kompleks cynku 25 mg \u2013 400 tabletek"},"content":{"rendered":"<p><a href=\"https:\/\/vitalstoffversand.com\/knowledge-base\/zink\/\" target=\"_blank\" rel=\"noopener\"><span style=\"color: #0000ff;\"><strong>\u2192 Cynk<\/strong><\/span><\/a> jest niezb\u0119dnym pierwiastkiem \u015bladowym dla naszego organizmu.<\/p>\n<p>Bierze udzia\u0142 w licznych reakcjach metabolicznych i jest sk\u0142adnikiem ponad 50 enzym\u00f3w w naszym organizmie.<\/p>\n<p>Cynk wzmacnia uk\u0142ad odporno\u015bciowy, wspomaga syntez\u0119 bia\u0142ek i mo\u017ce zwi\u0119kszy\u0107 produkcj\u0119 spermy u m\u0119\u017cczyzn.<\/p>\n<p>L-histydyna jest p\u00f3\u0142-niezb\u0119dnym aminokwasem i bierze r\u00f3wnie\u017c udzia\u0142 w licznych reakcjach metabolicznych i tworzeniu bia\u0142ek.<\/p>\n<ul>\n<li>Wegan<\/li>\n<li>Bez glutenu<\/li>\n<li>Bez laktozy<\/li>\n<li>Bez GMO<\/li>\n<li>Wyprodukowane zgodnie z surowymi normami jako\u015bci UE<\/li>\n<\/ul>\n","protected":false},"excerpt":{"rendered":"<p>\u2192 Cynk jest niezb\u0119dnym pierwiastkiem \u015bladowym dla naszego organizmu. Bierze udzia\u0142 w licznych reakcjach metabolicznych i jest sk\u0142adnikiem ponad 50 enzym\u00f3w w naszym organizmie. Cynk wzmacnia uk\u0142ad odporno\u015bciowy, wspomaga syntez\u0119 bia\u0142ek i mo\u017ce zwi\u0119kszy\u0107 produkcj\u0119 spermy u m\u0119\u017cczyzn. L-histydyna jest p\u00f3\u0142-niezb\u0119dnym aminokwasem i bierze r\u00f3wnie\u017c udzia\u0142 w licznych reakcjach metabolicznych i tworzeniu bia\u0142ek. Wegan Bez [&hellip;]<\/p>\n","protected":false},"featured_media":49878,"template":"","meta":{"_acf_changed":false},"product_brand":[10220],"product_cat":[556,569],"product_tag":[],"class_list":{"0":"post-22517","1":"product","2":"type-product","3":"status-publish","4":"has-post-thumbnail","6":"product_brand-vit4ever-pl","7":"product_cat-mineraly-i-pierwiastki-sladowe","8":"product_cat-produkty-od-a-z","10":"first","11":"instock","12":"taxable","13":"shipping-taxable","14":"purchasable","15":"product-type-simple"},"acf":[],"_links":{"self":[{"href":"https:\/\/vitalstoffversand.com\/pl\/wp-json\/wp\/v2\/product\/22517","targetHints":{"allow":["GET"]}}],"collection":[{"href":"https:\/\/vitalstoffversand.com\/pl\/wp-json\/wp\/v2\/product"}],"about":[{"href":"https:\/\/vitalstoffversand.com\/pl\/wp-json\/wp\/v2\/types\/product"}],"wp:featuredmedia":[{"embeddable":true,"href":"https:\/\/vitalstoffversand.com\/pl\/wp-json\/wp\/v2\/media\/49878"}],"wp:attachment":[{"href":"https:\/\/vitalstoffversand.com\/pl\/wp-json\/wp\/v2\/media?parent=22517"}],"wp:term":[{"taxonomy":"product_brand","embeddable":true,"href":"https:\/\/vitalstoffversand.com\/pl\/wp-json\/wp\/v2\/product_brand?post=22517"},{"taxonomy":"product_cat","embeddable":true,"href":"https:\/\/vitalstoffversand.com\/pl\/wp-json\/wp\/v2\/product_cat?post=22517"},{"taxonomy":"product_tag","embeddable":true,"href":"https:\/\/vitalstoffversand.com\/pl\/wp-json\/wp\/v2\/product_tag?post=22517"}],"curies":[{"name":"wp","href":"https:\/\/api.w.org\/{rel}","templated":true}]}}