{"id":22510,"date":"2024-11-07T11:45:07","date_gmt":"2024-11-07T10:45:07","guid":{"rendered":"https:\/\/vitalstoffversand.com\/produkt\/vit4ever-ekstrakt-z-lisci-oliwnych-180-kapsulek\/"},"modified":"2026-03-12T16:42:30","modified_gmt":"2026-03-12T15:42:30","slug":"vit4ever-ekstrakt-z-lisci-oliwnych-180-kapsulek","status":"publish","type":"product","link":"https:\/\/vitalstoffversand.com\/pl\/produkt-pl\/vit4ever-ekstrakt-z-lisci-oliwnych-180-kapsulek\/","title":{"rendered":"Vit4ever <br>Ekstrakt z li\u015bci oliwnych &#8211; 180 kapsu\u0142ek"},"content":{"rendered":"<p>Podczas gdy prawie ka\u017cdy zna owoce drzewa oliwnego, moc li\u015bci jest nadal w du\u017cej mierze nieznana.<\/p>\n<p>Li\u015bcie drzewa oliwnego zawieraj\u0105 oleuropein\u0119, przeciwutleniacz.<br \/>\nPrzeciwutleniacze pomagaj\u0105 chroni\u0107 nasze cia\u0142o i kom\u00f3rki przed wolnymi rodnikami oksydacyjnymi.<\/p>\n<ul>\n<li>Wegan<\/li>\n<li>Bez glutenu<\/li>\n<li>Bez laktozy<\/li>\n<li>Bez GMO<\/li>\n<li>Wyprodukowane zgodnie z surowymi normami jako\u015bci UE<\/li>\n<\/ul>\n","protected":false},"excerpt":{"rendered":"<p>Podczas gdy prawie ka\u017cdy zna owoce drzewa oliwnego, moc li\u015bci jest nadal w du\u017cej mierze nieznana. Li\u015bcie drzewa oliwnego zawieraj\u0105 oleuropein\u0119, przeciwutleniacz. Przeciwutleniacze pomagaj\u0105 chroni\u0107 nasze cia\u0142o i kom\u00f3rki przed wolnymi rodnikami oksydacyjnymi. Wegan Bez glutenu Bez laktozy Bez GMO Wyprodukowane zgodnie z surowymi normami jako\u015bci UE<\/p>\n","protected":false},"featured_media":61097,"template":"","meta":{"_acf_changed":false},"product_brand":[10220],"product_cat":[560,569],"product_tag":[],"class_list":{"0":"post-22510","1":"product","2":"type-product","3":"status-publish","4":"has-post-thumbnail","6":"product_brand-vit4ever-pl","7":"product_cat-skladniki-odzywcze","8":"product_cat-produkty-od-a-z","10":"first","11":"instock","12":"taxable","13":"shipping-taxable","14":"purchasable","15":"product-type-simple"},"acf":[],"_links":{"self":[{"href":"https:\/\/vitalstoffversand.com\/pl\/wp-json\/wp\/v2\/product\/22510","targetHints":{"allow":["GET"]}}],"collection":[{"href":"https:\/\/vitalstoffversand.com\/pl\/wp-json\/wp\/v2\/product"}],"about":[{"href":"https:\/\/vitalstoffversand.com\/pl\/wp-json\/wp\/v2\/types\/product"}],"wp:featuredmedia":[{"embeddable":true,"href":"https:\/\/vitalstoffversand.com\/pl\/wp-json\/wp\/v2\/media\/61097"}],"wp:attachment":[{"href":"https:\/\/vitalstoffversand.com\/pl\/wp-json\/wp\/v2\/media?parent=22510"}],"wp:term":[{"taxonomy":"product_brand","embeddable":true,"href":"https:\/\/vitalstoffversand.com\/pl\/wp-json\/wp\/v2\/product_brand?post=22510"},{"taxonomy":"product_cat","embeddable":true,"href":"https:\/\/vitalstoffversand.com\/pl\/wp-json\/wp\/v2\/product_cat?post=22510"},{"taxonomy":"product_tag","embeddable":true,"href":"https:\/\/vitalstoffversand.com\/pl\/wp-json\/wp\/v2\/product_tag?post=22510"}],"curies":[{"name":"wp","href":"https:\/\/api.w.org\/{rel}","templated":true}]}}