{"id":22503,"date":"2024-11-05T17:22:59","date_gmt":"2024-11-05T16:22:59","guid":{"rendered":"https:\/\/vitalstoffversand.com\/produkt\/vit4ever-witamina-d3-20000-j-m-240-tabletek\/"},"modified":"2026-03-12T16:39:46","modified_gmt":"2026-03-12T15:39:46","slug":"vit4ever-witamina-d3-20000-j-m-240-tabletek","status":"publish","type":"product","link":"https:\/\/vitalstoffversand.com\/pl\/produkt-pl\/vit4ever-witamina-d3-20000-j-m-240-tabletek\/","title":{"rendered":"Vit4ever <br>Witamina D3 20000 j.m. &#8211; 240 tabletek"},"content":{"rendered":"<p><a href=\"https:\/\/vitalstoffversand.com\/knowledge-base\/vitamin-d\/\" target=\"_blank\" rel=\"noopener\"><span style=\"color: #0000ff;\"><strong>\u2192 Witamina D<\/strong><\/span><\/a> bierze udzia\u0142 w wielu wa\u017cnych procesach metabolicznych w naszym organizmie i jest wytwarzana przez nasze cia\u0142o poprzez bezpo\u015brednie dzia\u0142anie promieni s\u0142onecznych na sk\u00f3r\u0119, opr\u00f3cz niewielkiej ilo\u015bci, kt\u00f3r\u0105 przyjmujemy z po\u017cywieniem.<\/p>\n<p>Niedob\u00f3r witaminy D mo\u017ce zatem wyst\u0105pi\u0107 szczeg\u00f3lnie w \u201eciemniejszych\u201d porach roku.<\/p>\n<ul>\n<li>Wegetaria\u0144skie<\/li>\n<li>Bez glutenu<\/li>\n<li>Bez laktozy<\/li>\n<li>Bez GMO<\/li>\n<li>Wyprodukowane zgodnie z surowymi normami jako\u015bci UE<\/li>\n<\/ul>\n","protected":false},"excerpt":{"rendered":"<p>\u2192 Witamina D bierze udzia\u0142 w wielu wa\u017cnych procesach metabolicznych w naszym organizmie i jest wytwarzana przez nasze cia\u0142o poprzez bezpo\u015brednie dzia\u0142anie promieni s\u0142onecznych na sk\u00f3r\u0119, opr\u00f3cz niewielkiej ilo\u015bci, kt\u00f3r\u0105 przyjmujemy z po\u017cywieniem. Niedob\u00f3r witaminy D mo\u017ce zatem wyst\u0105pi\u0107 szczeg\u00f3lnie w \u201eciemniejszych\u201d porach roku. Wegetaria\u0144skie Bez glutenu Bez laktozy Bez GMO Wyprodukowane zgodnie z surowymi [&hellip;]<\/p>\n","protected":false},"featured_media":61370,"template":"","meta":{"_acf_changed":false},"product_brand":[10220],"product_cat":[564,569],"product_tag":[],"class_list":{"0":"post-22503","1":"product","2":"type-product","3":"status-publish","4":"has-post-thumbnail","6":"product_brand-vit4ever-pl","7":"product_cat-witaminy","8":"product_cat-produkty-od-a-z","10":"first","11":"instock","12":"taxable","13":"shipping-taxable","14":"purchasable","15":"product-type-simple"},"acf":[],"_links":{"self":[{"href":"https:\/\/vitalstoffversand.com\/pl\/wp-json\/wp\/v2\/product\/22503","targetHints":{"allow":["GET"]}}],"collection":[{"href":"https:\/\/vitalstoffversand.com\/pl\/wp-json\/wp\/v2\/product"}],"about":[{"href":"https:\/\/vitalstoffversand.com\/pl\/wp-json\/wp\/v2\/types\/product"}],"wp:featuredmedia":[{"embeddable":true,"href":"https:\/\/vitalstoffversand.com\/pl\/wp-json\/wp\/v2\/media\/61370"}],"wp:attachment":[{"href":"https:\/\/vitalstoffversand.com\/pl\/wp-json\/wp\/v2\/media?parent=22503"}],"wp:term":[{"taxonomy":"product_brand","embeddable":true,"href":"https:\/\/vitalstoffversand.com\/pl\/wp-json\/wp\/v2\/product_brand?post=22503"},{"taxonomy":"product_cat","embeddable":true,"href":"https:\/\/vitalstoffversand.com\/pl\/wp-json\/wp\/v2\/product_cat?post=22503"},{"taxonomy":"product_tag","embeddable":true,"href":"https:\/\/vitalstoffversand.com\/pl\/wp-json\/wp\/v2\/product_tag?post=22503"}],"curies":[{"name":"wp","href":"https:\/\/api.w.org\/{rel}","templated":true}]}}