{"id":22496,"date":"2024-11-01T18:24:24","date_gmt":"2024-11-01T17:24:24","guid":{"rendered":"https:\/\/vitalstoffversand.com\/produkt\/vit4ever-biotyna-selen-cynk-365-tabletek\/"},"modified":"2026-03-12T16:36:05","modified_gmt":"2026-03-12T15:36:05","slug":"vit4ever-biotyna-selen-cynk-365-tabletek","status":"publish","type":"product","link":"https:\/\/vitalstoffversand.com\/pl\/produkt-pl\/vit4ever-biotyna-selen-cynk-365-tabletek\/","title":{"rendered":"Vit4ever <br>Biotyna + selen + cynk &#8211; 365 tabletek"},"content":{"rendered":"<p><a href=\"https:\/\/vitalstoffversand.com\/knowledge-base\/vitamin-b7-biotin\/\" target=\"_blank\" rel=\"noopener\"><span style=\"color: #0000ff;\"><strong>\u2192 Biotyna<\/strong><\/span><\/a>, <a href=\"https:\/\/vitalstoffversand.com\/knowledge-base\/selen\/\" target=\"_blank\" rel=\"noopener\"><strong><span style=\"color: #0000ff;\">\u2192 selen<\/span><\/strong><\/a> oraz <a href=\"https:\/\/vitalstoffversand.com\/knowledge-base\/zink\/\" target=\"_blank\" rel=\"noopener\"><strong><span style=\"color: #0000ff;\">\u2192 cynk<\/span><\/strong><\/a> tworz\u0105 doskonale zharmonizowany kompleks sk\u0142adnik\u00f3w aktywnych, kt\u00f3ry jest wa\u017cny mi\u0119dzy innymi dla naszej sk\u00f3ry, w\u0142os\u00f3w i paznokci.<\/p>\n<ul>\n<li>Wegan<\/li>\n<li>Bez glutenu<\/li>\n<li>Bez laktozy<\/li>\n<li>Bez GMO<\/li>\n<li>Wyprodukowane zgodnie z surowymi normami jako\u015bci UE<\/li>\n<\/ul>\n","protected":false},"excerpt":{"rendered":"<p>\u2192 Biotyna, \u2192 selen oraz \u2192 cynk tworz\u0105 doskonale zharmonizowany kompleks sk\u0142adnik\u00f3w aktywnych, kt\u00f3ry jest wa\u017cny mi\u0119dzy innymi dla naszej sk\u00f3ry, w\u0142os\u00f3w i paznokci. Wegan Bez glutenu Bez laktozy Bez GMO Wyprodukowane zgodnie z surowymi normami jako\u015bci UE<\/p>\n","protected":false},"featured_media":49790,"template":"","meta":{"_acf_changed":false},"product_brand":[10220],"product_cat":[556,569],"product_tag":[],"class_list":{"0":"post-22496","1":"product","2":"type-product","3":"status-publish","4":"has-post-thumbnail","6":"product_brand-vit4ever-pl","7":"product_cat-mineraly-i-pierwiastki-sladowe","8":"product_cat-produkty-od-a-z","10":"first","11":"instock","12":"taxable","13":"shipping-taxable","14":"purchasable","15":"product-type-simple"},"acf":[],"_links":{"self":[{"href":"https:\/\/vitalstoffversand.com\/pl\/wp-json\/wp\/v2\/product\/22496","targetHints":{"allow":["GET"]}}],"collection":[{"href":"https:\/\/vitalstoffversand.com\/pl\/wp-json\/wp\/v2\/product"}],"about":[{"href":"https:\/\/vitalstoffversand.com\/pl\/wp-json\/wp\/v2\/types\/product"}],"wp:featuredmedia":[{"embeddable":true,"href":"https:\/\/vitalstoffversand.com\/pl\/wp-json\/wp\/v2\/media\/49790"}],"wp:attachment":[{"href":"https:\/\/vitalstoffversand.com\/pl\/wp-json\/wp\/v2\/media?parent=22496"}],"wp:term":[{"taxonomy":"product_brand","embeddable":true,"href":"https:\/\/vitalstoffversand.com\/pl\/wp-json\/wp\/v2\/product_brand?post=22496"},{"taxonomy":"product_cat","embeddable":true,"href":"https:\/\/vitalstoffversand.com\/pl\/wp-json\/wp\/v2\/product_cat?post=22496"},{"taxonomy":"product_tag","embeddable":true,"href":"https:\/\/vitalstoffversand.com\/pl\/wp-json\/wp\/v2\/product_tag?post=22496"}],"curies":[{"name":"wp","href":"https:\/\/api.w.org\/{rel}","templated":true}]}}