{"id":22471,"date":"2024-11-01T15:33:11","date_gmt":"2024-11-01T14:33:11","guid":{"rendered":"https:\/\/vitalstoffversand.com\/produkt\/vit4ever-ekstrakt-z-ginkgo-biloba-501-365-tabletek\/"},"modified":"2026-03-12T16:26:17","modified_gmt":"2026-03-12T15:26:17","slug":"vit4ever-ekstrakt-z-ginkgo-biloba-501-365-tabletek","status":"publish","type":"product","link":"https:\/\/vitalstoffversand.com\/pl\/produkt-pl\/vit4ever-ekstrakt-z-ginkgo-biloba-501-365-tabletek\/","title":{"rendered":"Vit4ever <br>Ekstrakt z Ginkgo Biloba 50:1 &#8211; 365 tabletek"},"content":{"rendered":"<p>Mi\u0142orz\u0105b dwuklapowy jest jednym z najstarszych \u017cyj\u0105cych drzew na naszej planecie.<\/p>\n<p>Dzi\u0119ki zawartym w nim glikozydom flawonowym i ginkgolidowym laktonom terpenowym, kt\u00f3re s\u0105 terpenami, a tak\u017ce wt\u00f3rnymi substancjami ro\u015blinnymi, to staro\u017cytne drzewo dostarcza nam cennych sk\u0142adnik\u00f3w aktywnych.<\/p>\n<p>Najwy\u017csza jako\u015b\u0107 ma absolutny priorytet, dlatego zawarto\u015b\u0107 kwasu gingolowego wynosi tylko 1 ppm, znacznie poni\u017cej dopuszczalnego limitu 5 ppm.<\/p>\n<ul>\n<li>Wegan<\/li>\n<li>Bez glutenu<\/li>\n<li>Bez laktozy<\/li>\n<li>Bez GMO<\/li>\n<li>Wyprodukowane zgodnie z surowymi normami jako\u015bci UE<\/li>\n<\/ul>\n","protected":false},"excerpt":{"rendered":"<p>Mi\u0142orz\u0105b dwuklapowy jest jednym z najstarszych \u017cyj\u0105cych drzew na naszej planecie. Dzi\u0119ki zawartym w nim glikozydom flawonowym i ginkgolidowym laktonom terpenowym, kt\u00f3re s\u0105 terpenami, a tak\u017ce wt\u00f3rnymi substancjami ro\u015blinnymi, to staro\u017cytne drzewo dostarcza nam cennych sk\u0142adnik\u00f3w aktywnych. Najwy\u017csza jako\u015b\u0107 ma absolutny priorytet, dlatego zawarto\u015b\u0107 kwasu gingolowego wynosi tylko 1 ppm, znacznie poni\u017cej dopuszczalnego limitu 5 [&hellip;]<\/p>\n","protected":false},"featured_media":49718,"template":"","meta":{"_acf_changed":false},"product_brand":[10220],"product_cat":[560,569],"product_tag":[],"class_list":{"0":"post-22471","1":"product","2":"type-product","3":"status-publish","4":"has-post-thumbnail","6":"product_brand-vit4ever-pl","7":"product_cat-skladniki-odzywcze","8":"product_cat-produkty-od-a-z","10":"first","11":"instock","12":"taxable","13":"shipping-taxable","14":"purchasable","15":"product-type-simple"},"acf":[],"_links":{"self":[{"href":"https:\/\/vitalstoffversand.com\/pl\/wp-json\/wp\/v2\/product\/22471","targetHints":{"allow":["GET"]}}],"collection":[{"href":"https:\/\/vitalstoffversand.com\/pl\/wp-json\/wp\/v2\/product"}],"about":[{"href":"https:\/\/vitalstoffversand.com\/pl\/wp-json\/wp\/v2\/types\/product"}],"wp:featuredmedia":[{"embeddable":true,"href":"https:\/\/vitalstoffversand.com\/pl\/wp-json\/wp\/v2\/media\/49718"}],"wp:attachment":[{"href":"https:\/\/vitalstoffversand.com\/pl\/wp-json\/wp\/v2\/media?parent=22471"}],"wp:term":[{"taxonomy":"product_brand","embeddable":true,"href":"https:\/\/vitalstoffversand.com\/pl\/wp-json\/wp\/v2\/product_brand?post=22471"},{"taxonomy":"product_cat","embeddable":true,"href":"https:\/\/vitalstoffversand.com\/pl\/wp-json\/wp\/v2\/product_cat?post=22471"},{"taxonomy":"product_tag","embeddable":true,"href":"https:\/\/vitalstoffversand.com\/pl\/wp-json\/wp\/v2\/product_tag?post=22471"}],"curies":[{"name":"wp","href":"https:\/\/api.w.org\/{rel}","templated":true}]}}