{"id":22464,"date":"2024-11-01T15:00:10","date_gmt":"2024-11-01T14:00:10","guid":{"rendered":"https:\/\/vitalstoffversand.com\/produkt\/vit4ever-msm-witamina-c-1000-mg-365-tabletek\/"},"modified":"2026-03-12T15:38:14","modified_gmt":"2026-03-12T14:38:14","slug":"vit4ever-msm-witamina-c-1000-mg-365-tabletek","status":"publish","type":"product","link":"https:\/\/vitalstoffversand.com\/pl\/produkt-pl\/vit4ever-msm-witamina-c-1000-mg-365-tabletek\/","title":{"rendered":"Vit4ever <br>MSM + Witamina C 1000 mg &#8211; 365 tabletek"},"content":{"rendered":"<p>Chocia\u017c ludzie codziennie spo\u017cywaj\u0105 organiczn\u0105 siark\u0119 MSM z po\u017cywieniem, dodatkowa suplementacja mo\u017ce mie\u0107 sens w wielu przypadkach.<\/p>\n<p>Ka\u017cda tabletka MSM Plus zawiera 1000 mg 99,9% czystego i przebadanego laboratoryjnie proszku metylosulfonylometanu (MSM) o idealnym wsp\u00f3\u0142czynniku MESH 60-80 oraz 28 mg proszku aceroli z 7 mg witaminy C.<\/p>\n<ul>\n<li>Wegan<\/li>\n<li>Bez glutenu<\/li>\n<li>Bez laktozy<\/li>\n<li>Bez GMO<\/li>\n<li>Wyprodukowane zgodnie z surowymi normami jako\u015bci UE<\/li>\n<\/ul>\n","protected":false},"excerpt":{"rendered":"<p>Chocia\u017c ludzie codziennie spo\u017cywaj\u0105 organiczn\u0105 siark\u0119 MSM z po\u017cywieniem, dodatkowa suplementacja mo\u017ce mie\u0107 sens w wielu przypadkach. Ka\u017cda tabletka MSM Plus zawiera 1000 mg 99,9% czystego i przebadanego laboratoryjnie proszku metylosulfonylometanu (MSM) o idealnym wsp\u00f3\u0142czynniku MESH 60-80 oraz 28 mg proszku aceroli z 7 mg witaminy C. Wegan Bez glutenu Bez laktozy Bez GMO Wyprodukowane [&hellip;]<\/p>\n","protected":false},"featured_media":61290,"template":"","meta":{"_acf_changed":false},"product_brand":[10220],"product_cat":[560,569],"product_tag":[],"class_list":{"0":"post-22464","1":"product","2":"type-product","3":"status-publish","4":"has-post-thumbnail","6":"product_brand-vit4ever-pl","7":"product_cat-skladniki-odzywcze","8":"product_cat-produkty-od-a-z","10":"first","11":"instock","12":"taxable","13":"shipping-taxable","14":"purchasable","15":"product-type-simple"},"acf":[],"_links":{"self":[{"href":"https:\/\/vitalstoffversand.com\/pl\/wp-json\/wp\/v2\/product\/22464","targetHints":{"allow":["GET"]}}],"collection":[{"href":"https:\/\/vitalstoffversand.com\/pl\/wp-json\/wp\/v2\/product"}],"about":[{"href":"https:\/\/vitalstoffversand.com\/pl\/wp-json\/wp\/v2\/types\/product"}],"wp:featuredmedia":[{"embeddable":true,"href":"https:\/\/vitalstoffversand.com\/pl\/wp-json\/wp\/v2\/media\/61290"}],"wp:attachment":[{"href":"https:\/\/vitalstoffversand.com\/pl\/wp-json\/wp\/v2\/media?parent=22464"}],"wp:term":[{"taxonomy":"product_brand","embeddable":true,"href":"https:\/\/vitalstoffversand.com\/pl\/wp-json\/wp\/v2\/product_brand?post=22464"},{"taxonomy":"product_cat","embeddable":true,"href":"https:\/\/vitalstoffversand.com\/pl\/wp-json\/wp\/v2\/product_cat?post=22464"},{"taxonomy":"product_tag","embeddable":true,"href":"https:\/\/vitalstoffversand.com\/pl\/wp-json\/wp\/v2\/product_tag?post=22464"}],"curies":[{"name":"wp","href":"https:\/\/api.w.org\/{rel}","templated":true}]}}