{"id":22450,"date":"2024-10-30T17:48:27","date_gmt":"2024-10-30T16:48:27","guid":{"rendered":"https:\/\/vitalstoffversand.com\/produkt\/vit4ever-l-tryptofan-365-kapsulek\/"},"modified":"2026-03-12T15:31:45","modified_gmt":"2026-03-12T14:31:45","slug":"vit4ever-l-tryptofan-365-kapsulek","status":"publish","type":"product","link":"https:\/\/vitalstoffversand.com\/pl\/produkt-pl\/vit4ever-l-tryptofan-365-kapsulek\/","title":{"rendered":"Vit4ever <br>L-Tryptofan &#8211; 365 kapsu\u0142ek"},"content":{"rendered":"<p>L-tryptofan jest niezb\u0119dnym aminokwasem i nie mo\u017ce by\u0107 wytwarzany przez organizm.<\/p>\n<p>Jest prekursorem \u201ehormonu szcz\u0119\u015bcia\u201d serotoniny i jest r\u00f3wnie\u017c niezb\u0119dny do produkcji hormonu melatoniny, kt\u00f3ry kontroluje cykl snu i czuwania organizmu.<\/p>\n<ul>\n<li>Wegan<\/li>\n<li>Bez glutenu<\/li>\n<li>Bez laktozy<\/li>\n<li>Bez GMO<\/li>\n<li>Wyprodukowane zgodnie z surowymi normami jako\u015bci UE<\/li>\n<\/ul>\n","protected":false},"excerpt":{"rendered":"<p>L-tryptofan jest niezb\u0119dnym aminokwasem i nie mo\u017ce by\u0107 wytwarzany przez organizm. Jest prekursorem \u201ehormonu szcz\u0119\u015bcia\u201d serotoniny i jest r\u00f3wnie\u017c niezb\u0119dny do produkcji hormonu melatoniny, kt\u00f3ry kontroluje cykl snu i czuwania organizmu. Wegan Bez glutenu Bez laktozy Bez GMO Wyprodukowane zgodnie z surowymi normami jako\u015bci UE<\/p>\n","protected":false},"featured_media":63229,"template":"","meta":{"_acf_changed":false},"product_brand":[10220],"product_cat":[552,569],"product_tag":[],"class_list":{"0":"post-22450","1":"product","2":"type-product","3":"status-publish","4":"has-post-thumbnail","6":"product_brand-vit4ever-pl","7":"product_cat-aminokwasy","8":"product_cat-produkty-od-a-z","10":"first","11":"instock","12":"taxable","13":"shipping-taxable","14":"purchasable","15":"product-type-simple"},"acf":[],"_links":{"self":[{"href":"https:\/\/vitalstoffversand.com\/pl\/wp-json\/wp\/v2\/product\/22450","targetHints":{"allow":["GET"]}}],"collection":[{"href":"https:\/\/vitalstoffversand.com\/pl\/wp-json\/wp\/v2\/product"}],"about":[{"href":"https:\/\/vitalstoffversand.com\/pl\/wp-json\/wp\/v2\/types\/product"}],"wp:featuredmedia":[{"embeddable":true,"href":"https:\/\/vitalstoffversand.com\/pl\/wp-json\/wp\/v2\/media\/63229"}],"wp:attachment":[{"href":"https:\/\/vitalstoffversand.com\/pl\/wp-json\/wp\/v2\/media?parent=22450"}],"wp:term":[{"taxonomy":"product_brand","embeddable":true,"href":"https:\/\/vitalstoffversand.com\/pl\/wp-json\/wp\/v2\/product_brand?post=22450"},{"taxonomy":"product_cat","embeddable":true,"href":"https:\/\/vitalstoffversand.com\/pl\/wp-json\/wp\/v2\/product_cat?post=22450"},{"taxonomy":"product_tag","embeddable":true,"href":"https:\/\/vitalstoffversand.com\/pl\/wp-json\/wp\/v2\/product_tag?post=22450"}],"curies":[{"name":"wp","href":"https:\/\/api.w.org\/{rel}","templated":true}]}}