{"id":22425,"date":"2024-11-11T14:49:18","date_gmt":"2024-11-11T13:49:18","guid":{"rendered":"https:\/\/vitalstoffversand.com\/produkt\/power-tower-xl-3x250-ml\/"},"modified":"2026-03-12T14:10:53","modified_gmt":"2026-03-12T13:10:53","slug":"power-tower-xl-3x250-ml","status":"publish","type":"product","link":"https:\/\/vitalstoffversand.com\/pl\/produkt-pl\/power-tower-xl-3x250-ml\/","title":{"rendered":"Power Tower XL 3&#215;250 ml"},"content":{"rendered":"<p>Power Tower do proszk\u00f3w, tabletek, kapsu\u0142ek i nie tylko.<\/p>\n<p>3 niezale\u017cne sekcje, ka\u017cda o pojemno\u015bci 250 ml.<\/p>\n<p>Dostarczany bez zawarto\u015bci.<\/p>\n","protected":false},"excerpt":{"rendered":"<p>Power Tower do proszk\u00f3w, tabletek, kapsu\u0142ek i nie tylko. 3 niezale\u017cne sekcje, ka\u017cda o pojemno\u015bci 250 ml. Dostarczany bez zawarto\u015bci.<\/p>\n","protected":false},"featured_media":41865,"template":"","meta":{"_acf_changed":false},"product_brand":[],"product_cat":[571,569],"product_tag":[],"class_list":{"0":"post-22425","1":"product","2":"type-product","3":"status-publish","4":"has-post-thumbnail","6":"product_cat-akcesoria-i-rozne","7":"product_cat-produkty-od-a-z","9":"first","10":"instock","11":"taxable","12":"shipping-taxable","13":"purchasable","14":"product-type-simple"},"acf":[],"_links":{"self":[{"href":"https:\/\/vitalstoffversand.com\/pl\/wp-json\/wp\/v2\/product\/22425","targetHints":{"allow":["GET"]}}],"collection":[{"href":"https:\/\/vitalstoffversand.com\/pl\/wp-json\/wp\/v2\/product"}],"about":[{"href":"https:\/\/vitalstoffversand.com\/pl\/wp-json\/wp\/v2\/types\/product"}],"wp:featuredmedia":[{"embeddable":true,"href":"https:\/\/vitalstoffversand.com\/pl\/wp-json\/wp\/v2\/media\/41865"}],"wp:attachment":[{"href":"https:\/\/vitalstoffversand.com\/pl\/wp-json\/wp\/v2\/media?parent=22425"}],"wp:term":[{"taxonomy":"product_brand","embeddable":true,"href":"https:\/\/vitalstoffversand.com\/pl\/wp-json\/wp\/v2\/product_brand?post=22425"},{"taxonomy":"product_cat","embeddable":true,"href":"https:\/\/vitalstoffversand.com\/pl\/wp-json\/wp\/v2\/product_cat?post=22425"},{"taxonomy":"product_tag","embeddable":true,"href":"https:\/\/vitalstoffversand.com\/pl\/wp-json\/wp\/v2\/product_tag?post=22425"}],"curies":[{"name":"wp","href":"https:\/\/api.w.org\/{rel}","templated":true}]}}