{"id":22382,"date":"2025-01-08T13:44:37","date_gmt":"2025-01-08T12:44:37","guid":{"rendered":"https:\/\/vitalstoffversand.com\/produkt\/gen-azotan-oxystorm-w-proszku-75-g\/"},"modified":"2026-03-12T12:45:56","modified_gmt":"2026-03-12T11:45:56","slug":"gen-azotan-oxystorm-w-proszku-75-g","status":"publish","type":"product","link":"https:\/\/vitalstoffversand.com\/pl\/produkt-pl\/gen-azotan-oxystorm-w-proszku-75-g\/","title":{"rendered":"GEN <br>Azotan Oxystorm w proszku &#8211; 75 g"},"content":{"rendered":"<p>OxyStorm\u00ae to najnowocze\u015bniejszy ekstrakt z li\u015bci amarantusa, znanego r\u00f3wnie\u017c jako czerwony szpinak.<\/p>\n<p>Zawiera szczeg\u00f3lnie wysoki poziom azotan\u00f3w, kt\u00f3re mog\u0105 stanowi\u0107 naturalne wsparcie dla os\u00f3b dbaj\u0105cych o zdrowie i sportowc\u00f3w.<\/p>\n<ul>\n<li>Wegan<\/li>\n<li>Bez glutenu<\/li>\n<li>Bez laktozy<\/li>\n<li>Bez GMO<\/li>\n<li>Wyprodukowane zgodnie z surowymi normami jako\u015bci UE<\/li>\n<\/ul>\n","protected":false},"excerpt":{"rendered":"<p>OxyStorm\u00ae to najnowocze\u015bniejszy ekstrakt z li\u015bci amarantusa, znanego r\u00f3wnie\u017c jako czerwony szpinak. Zawiera szczeg\u00f3lnie wysoki poziom azotan\u00f3w, kt\u00f3re mog\u0105 stanowi\u0107 naturalne wsparcie dla os\u00f3b dbaj\u0105cych o zdrowie i sportowc\u00f3w. Wegan Bez glutenu Bez laktozy Bez GMO Wyprodukowane zgodnie z surowymi normami jako\u015bci UE<\/p>\n","protected":false},"featured_media":47502,"template":"","meta":{"_acf_changed":false},"product_brand":[10199],"product_cat":[561,569],"product_tag":[],"class_list":{"0":"post-22382","1":"product","2":"type-product","3":"status-publish","4":"has-post-thumbnail","6":"product_brand-gen-german-elite-nutrition-pl","7":"product_cat-suplementy-sportowe","8":"product_cat-produkty-od-a-z","10":"first","11":"instock","12":"taxable","13":"shipping-taxable","14":"purchasable","15":"product-type-simple"},"acf":[],"_links":{"self":[{"href":"https:\/\/vitalstoffversand.com\/pl\/wp-json\/wp\/v2\/product\/22382","targetHints":{"allow":["GET"]}}],"collection":[{"href":"https:\/\/vitalstoffversand.com\/pl\/wp-json\/wp\/v2\/product"}],"about":[{"href":"https:\/\/vitalstoffversand.com\/pl\/wp-json\/wp\/v2\/types\/product"}],"wp:featuredmedia":[{"embeddable":true,"href":"https:\/\/vitalstoffversand.com\/pl\/wp-json\/wp\/v2\/media\/47502"}],"wp:attachment":[{"href":"https:\/\/vitalstoffversand.com\/pl\/wp-json\/wp\/v2\/media?parent=22382"}],"wp:term":[{"taxonomy":"product_brand","embeddable":true,"href":"https:\/\/vitalstoffversand.com\/pl\/wp-json\/wp\/v2\/product_brand?post=22382"},{"taxonomy":"product_cat","embeddable":true,"href":"https:\/\/vitalstoffversand.com\/pl\/wp-json\/wp\/v2\/product_cat?post=22382"},{"taxonomy":"product_tag","embeddable":true,"href":"https:\/\/vitalstoffversand.com\/pl\/wp-json\/wp\/v2\/product_tag?post=22382"}],"curies":[{"name":"wp","href":"https:\/\/api.w.org\/{rel}","templated":true}]}}