{"id":22375,"date":"2025-01-02T17:44:43","date_gmt":"2025-01-02T16:44:43","guid":{"rendered":"https:\/\/vitalstoffversand.com\/produkt\/gen-kontrola-apetytu-270-kapsulek\/"},"modified":"2026-03-12T12:42:21","modified_gmt":"2026-03-12T11:42:21","slug":"gen-kontrola-apetytu-270-kapsulek","status":"publish","type":"product","link":"https:\/\/vitalstoffversand.com\/pl\/produkt-pl\/gen-kontrola-apetytu-270-kapsulek\/","title":{"rendered":"GEN <br>Kontrola apetytu &#8211; 270 kapsu\u0142ek"},"content":{"rendered":"<p>GEN Appetite Control jest \u015brodkiem hamuj\u0105cym apetyt i pomaga kontrolowa\u0107 apetyt dzi\u0119ki po\u0142\u0105czeniu 4 wysokiej jako\u015bci ekstrakt\u00f3w ro\u015blinnych z pierwiastkiem \u015bladowym chromem.<\/p>\n<p>Ta mieszanka dzia\u0142a synergistycznie i mo\u017ce przyczyni\u0107 si\u0119 do utraty wagi i utrzymania prawid\u0142owego poziomu cholesterolu, szczeg\u00f3lnie dzi\u0119ki sk\u0142adnikowi <a href=\"https:\/\/vitalstoffversand.com\/knowledge-base\/glucomannan-konjak-mannan\/\" target=\"_blank\" rel=\"noopener\"><strong><span style=\"color: #0000ff;\">\u2192 glukomannan<\/span><\/strong><\/a>.<\/p>\n<p>Ekstrakt z zielonej herbaty, ekstrakt z cynamonowca cejlo\u0144skiego, ekstrakt z kory wierzby srebrnej i <a href=\"https:\/\/vitalstoffversand.com\/knowledge-base\/chrom\/\" target=\"_blank\" rel=\"noopener\"><strong><span style=\"color: #0000ff;\">\u2192 chrom<\/span><\/strong><\/a> uzupe\u0142niaj\u0105 lub rozszerzaj\u0105 zakres efekt\u00f3w w znacz\u0105cy spos\u00f3b.<\/p>\n<ul>\n<li>Wegan<\/li>\n<li>Bez glutenu<\/li>\n<li>Bez laktozy<\/li>\n<li>Bez GMO<\/li>\n<li>Wyprodukowane zgodnie z surowymi normami jako\u015bci UE<\/li>\n<\/ul>\n","protected":false},"excerpt":{"rendered":"<p>GEN Appetite Control jest \u015brodkiem hamuj\u0105cym apetyt i pomaga kontrolowa\u0107 apetyt dzi\u0119ki po\u0142\u0105czeniu 4 wysokiej jako\u015bci ekstrakt\u00f3w ro\u015blinnych z pierwiastkiem \u015bladowym chromem. Ta mieszanka dzia\u0142a synergistycznie i mo\u017ce przyczyni\u0107 si\u0119 do utraty wagi i utrzymania prawid\u0142owego poziomu cholesterolu, szczeg\u00f3lnie dzi\u0119ki sk\u0142adnikowi \u2192 glukomannan. Ekstrakt z zielonej herbaty, ekstrakt z cynamonowca cejlo\u0144skiego, ekstrakt z kory wierzby [&hellip;]<\/p>\n","protected":false},"featured_media":47454,"template":"","meta":{"_acf_changed":false},"product_brand":[10199],"product_cat":[560,569],"product_tag":[],"class_list":{"0":"post-22375","1":"product","2":"type-product","3":"status-publish","4":"has-post-thumbnail","6":"product_brand-gen-german-elite-nutrition-pl","7":"product_cat-skladniki-odzywcze","8":"product_cat-produkty-od-a-z","10":"first","11":"outofstock","12":"taxable","13":"shipping-taxable","14":"purchasable","15":"product-type-simple"},"acf":[],"_links":{"self":[{"href":"https:\/\/vitalstoffversand.com\/pl\/wp-json\/wp\/v2\/product\/22375","targetHints":{"allow":["GET"]}}],"collection":[{"href":"https:\/\/vitalstoffversand.com\/pl\/wp-json\/wp\/v2\/product"}],"about":[{"href":"https:\/\/vitalstoffversand.com\/pl\/wp-json\/wp\/v2\/types\/product"}],"wp:featuredmedia":[{"embeddable":true,"href":"https:\/\/vitalstoffversand.com\/pl\/wp-json\/wp\/v2\/media\/47454"}],"wp:attachment":[{"href":"https:\/\/vitalstoffversand.com\/pl\/wp-json\/wp\/v2\/media?parent=22375"}],"wp:term":[{"taxonomy":"product_brand","embeddable":true,"href":"https:\/\/vitalstoffversand.com\/pl\/wp-json\/wp\/v2\/product_brand?post=22375"},{"taxonomy":"product_cat","embeddable":true,"href":"https:\/\/vitalstoffversand.com\/pl\/wp-json\/wp\/v2\/product_cat?post=22375"},{"taxonomy":"product_tag","embeddable":true,"href":"https:\/\/vitalstoffversand.com\/pl\/wp-json\/wp\/v2\/product_tag?post=22375"}],"curies":[{"name":"wp","href":"https:\/\/api.w.org\/{rel}","templated":true}]}}