{"id":22333,"date":"2025-01-02T17:45:54","date_gmt":"2025-01-02T16:45:54","guid":{"rendered":"https:\/\/vitalstoffversand.com\/produkt\/gen-pudding-kukurydziany-3000-g\/"},"modified":"2026-03-12T12:28:49","modified_gmt":"2026-03-12T11:28:49","slug":"gen-pudding-kukurydziany-3000-g","status":"publish","type":"product","link":"https:\/\/vitalstoffversand.com\/pl\/produkt-pl\/gen-pudding-kukurydziany-3000-g\/","title":{"rendered":"GEN <br>Pudding kukurydziany &#8211; 3000 g"},"content":{"rendered":"<p>Pudding kukurydziany jest uniwersalny i stanowi smaczn\u0105, szybk\u0105 w przygotowaniu i po\u017cywn\u0105 baz\u0119 do r\u00f3\u017cnych posi\u0142k\u00f3w.<\/p>\n<p>Maize Pudding to wysokiej jako\u015bci \u017ar\u00f3d\u0142o w\u0119glowodan\u00f3w, kt\u00f3re mo\u017cna stosowa\u0107 nie tylko na co dzie\u0144, ale tak\u017ce przed lub po treningu.<\/p>\n<ul>\n<li>Wegan<\/li>\n<li>Bez glutenu<\/li>\n<li>Bez laktozy<\/li>\n<li>Bez GMO<\/li>\n<li>Wyprodukowane zgodnie z surowymi normami jako\u015bci UE<\/li>\n<\/ul>\n","protected":false},"excerpt":{"rendered":"<p>Pudding kukurydziany jest uniwersalny i stanowi smaczn\u0105, szybk\u0105 w przygotowaniu i po\u017cywn\u0105 baz\u0119 do r\u00f3\u017cnych posi\u0142k\u00f3w. Maize Pudding to wysokiej jako\u015bci \u017ar\u00f3d\u0142o w\u0119glowodan\u00f3w, kt\u00f3re mo\u017cna stosowa\u0107 nie tylko na co dzie\u0144, ale tak\u017ce przed lub po treningu. Wegan Bez glutenu Bez laktozy Bez GMO Wyprodukowane zgodnie z surowymi normami jako\u015bci UE<\/p>\n","protected":false},"featured_media":47094,"template":"","meta":{"_acf_changed":false},"product_brand":[10199],"product_cat":[549,569],"product_tag":[],"class_list":{"0":"post-22333","1":"product","2":"type-product","3":"status-publish","4":"has-post-thumbnail","6":"product_brand-gen-german-elite-nutrition-pl","7":"product_cat-gotowanie-i-przekaski","8":"product_cat-produkty-od-a-z","10":"first","11":"instock","12":"taxable","13":"shipping-taxable","14":"purchasable","15":"product-type-simple"},"acf":[],"_links":{"self":[{"href":"https:\/\/vitalstoffversand.com\/pl\/wp-json\/wp\/v2\/product\/22333","targetHints":{"allow":["GET"]}}],"collection":[{"href":"https:\/\/vitalstoffversand.com\/pl\/wp-json\/wp\/v2\/product"}],"about":[{"href":"https:\/\/vitalstoffversand.com\/pl\/wp-json\/wp\/v2\/types\/product"}],"wp:featuredmedia":[{"embeddable":true,"href":"https:\/\/vitalstoffversand.com\/pl\/wp-json\/wp\/v2\/media\/47094"}],"wp:attachment":[{"href":"https:\/\/vitalstoffversand.com\/pl\/wp-json\/wp\/v2\/media?parent=22333"}],"wp:term":[{"taxonomy":"product_brand","embeddable":true,"href":"https:\/\/vitalstoffversand.com\/pl\/wp-json\/wp\/v2\/product_brand?post=22333"},{"taxonomy":"product_cat","embeddable":true,"href":"https:\/\/vitalstoffversand.com\/pl\/wp-json\/wp\/v2\/product_cat?post=22333"},{"taxonomy":"product_tag","embeddable":true,"href":"https:\/\/vitalstoffversand.com\/pl\/wp-json\/wp\/v2\/product_tag?post=22333"}],"curies":[{"name":"wp","href":"https:\/\/api.w.org\/{rel}","templated":true}]}}