{"id":22319,"date":"2024-11-12T14:54:26","date_gmt":"2024-11-12T13:54:26","guid":{"rendered":"https:\/\/vitalstoffversand.com\/produkt\/gen-shaker-600-ml\/"},"modified":"2026-03-12T12:24:56","modified_gmt":"2026-03-12T11:24:56","slug":"gen-shaker-600-ml","status":"publish","type":"product","link":"https:\/\/vitalstoffversand.com\/pl\/produkt-pl\/gen-shaker-600-ml\/","title":{"rendered":"GEN <br>Shaker &#8211; 600 ml"},"content":{"rendered":"<p>Shaker GEN z nadrukiem w kolorze czarnym i czerwonym.<\/p>\n<p>Cechy produktu:<\/p>\n<ul>\n<li style=\"list-style-type: none;\">\n<ul>\n<li>Pojemno\u015b\u0107: 600 ml<\/li>\n<li>Zintegrowane sito, aby zapobiec powstawaniu grudek i uzyska\u0107 kremow\u0105 konsystencj\u0119.<\/li>\n<li>Skala pomiarowa<\/li>\n<li>Wolny od BPA<\/li>\n<li>\u0141atwe czyszczenie<\/li>\n<\/ul>\n<\/li>\n<\/ul>\n","protected":false},"excerpt":{"rendered":"<p>Shaker GEN z nadrukiem w kolorze czarnym i czerwonym. Cechy produktu: Pojemno\u015b\u0107: 600 ml Zintegrowane sito, aby zapobiec powstawaniu grudek i uzyska\u0107 kremow\u0105 konsystencj\u0119. Skala pomiarowa Wolny od BPA \u0141atwe czyszczenie<\/p>\n","protected":false},"featured_media":49166,"template":"","meta":{"_acf_changed":false},"product_brand":[10199],"product_cat":[571,569],"product_tag":[],"class_list":{"0":"post-22319","1":"product","2":"type-product","3":"status-publish","4":"has-post-thumbnail","6":"product_brand-gen-german-elite-nutrition-pl","7":"product_cat-akcesoria-i-rozne","8":"product_cat-produkty-od-a-z","10":"first","11":"instock","12":"taxable","13":"shipping-taxable","14":"purchasable","15":"product-type-simple"},"acf":[],"_links":{"self":[{"href":"https:\/\/vitalstoffversand.com\/pl\/wp-json\/wp\/v2\/product\/22319","targetHints":{"allow":["GET"]}}],"collection":[{"href":"https:\/\/vitalstoffversand.com\/pl\/wp-json\/wp\/v2\/product"}],"about":[{"href":"https:\/\/vitalstoffversand.com\/pl\/wp-json\/wp\/v2\/types\/product"}],"wp:featuredmedia":[{"embeddable":true,"href":"https:\/\/vitalstoffversand.com\/pl\/wp-json\/wp\/v2\/media\/49166"}],"wp:attachment":[{"href":"https:\/\/vitalstoffversand.com\/pl\/wp-json\/wp\/v2\/media?parent=22319"}],"wp:term":[{"taxonomy":"product_brand","embeddable":true,"href":"https:\/\/vitalstoffversand.com\/pl\/wp-json\/wp\/v2\/product_brand?post=22319"},{"taxonomy":"product_cat","embeddable":true,"href":"https:\/\/vitalstoffversand.com\/pl\/wp-json\/wp\/v2\/product_cat?post=22319"},{"taxonomy":"product_tag","embeddable":true,"href":"https:\/\/vitalstoffversand.com\/pl\/wp-json\/wp\/v2\/product_tag?post=22319"}],"curies":[{"name":"wp","href":"https:\/\/api.w.org\/{rel}","templated":true}]}}