{"id":22223,"date":"2024-11-12T14:39:14","date_gmt":"2024-11-12T13:39:14","guid":{"rendered":"https:\/\/vitalstoffversand.com\/produkt\/gen-clen-burnrexin-180-kapsulek\/"},"modified":"2026-03-12T12:27:30","modified_gmt":"2026-03-12T11:27:30","slug":"gen-clen-burnrexin-180-kapsulek","status":"publish","type":"product","link":"https:\/\/vitalstoffversand.com\/pl\/produkt-pl\/gen-clen-burnrexin-180-kapsulek\/","title":{"rendered":"GEN <br>Clen Burnrexin &#8211; 180 kapsu\u0142ek"},"content":{"rendered":"<p>Clenburnrexin zosta\u0142 opracowany specjalnie dla os\u00f3b aktywnych i sk\u0142ada si\u0119 z unikalnej mieszanki wysokiej jako\u015bci ekstrakt\u00f3w ro\u015blinnych.<\/p>\n<p>12 aktywnych sk\u0142adnik\u00f3w sk\u0142adaj\u0105cych si\u0119 z ekstrakt\u00f3w ro\u015blinnych i aminokwas\u00f3w zapewnia energi\u0119 potrzebn\u0105 do opanowania codziennego \u017cycia.<\/p>\n<ul>\n<li>Bez glutenu<\/li>\n<li>Bez laktozy<\/li>\n<li>Bez GMO<\/li>\n<li>Wyprodukowane zgodnie z surowymi normami jako\u015bci UE<\/li>\n<\/ul>\n","protected":false},"excerpt":{"rendered":"<p>Clenburnrexin zosta\u0142 opracowany specjalnie dla os\u00f3b aktywnych i sk\u0142ada si\u0119 z unikalnej mieszanki wysokiej jako\u015bci ekstrakt\u00f3w ro\u015blinnych. 12 aktywnych sk\u0142adnik\u00f3w sk\u0142adaj\u0105cych si\u0119 z ekstrakt\u00f3w ro\u015blinnych i aminokwas\u00f3w zapewnia energi\u0119 potrzebn\u0105 do opanowania codziennego \u017cycia. Bez glutenu Bez laktozy Bez GMO Wyprodukowane zgodnie z surowymi normami jako\u015bci UE<\/p>\n","protected":false},"featured_media":46558,"template":"","meta":{"_acf_changed":false},"product_brand":[10199],"product_cat":[561,569],"product_tag":[],"class_list":{"0":"post-22223","1":"product","2":"type-product","3":"status-publish","4":"has-post-thumbnail","6":"product_brand-gen-german-elite-nutrition-pl","7":"product_cat-suplementy-sportowe","8":"product_cat-produkty-od-a-z","10":"first","11":"outofstock","12":"taxable","13":"shipping-taxable","14":"purchasable","15":"product-type-simple"},"acf":[],"_links":{"self":[{"href":"https:\/\/vitalstoffversand.com\/pl\/wp-json\/wp\/v2\/product\/22223","targetHints":{"allow":["GET"]}}],"collection":[{"href":"https:\/\/vitalstoffversand.com\/pl\/wp-json\/wp\/v2\/product"}],"about":[{"href":"https:\/\/vitalstoffversand.com\/pl\/wp-json\/wp\/v2\/types\/product"}],"wp:featuredmedia":[{"embeddable":true,"href":"https:\/\/vitalstoffversand.com\/pl\/wp-json\/wp\/v2\/media\/46558"}],"wp:attachment":[{"href":"https:\/\/vitalstoffversand.com\/pl\/wp-json\/wp\/v2\/media?parent=22223"}],"wp:term":[{"taxonomy":"product_brand","embeddable":true,"href":"https:\/\/vitalstoffversand.com\/pl\/wp-json\/wp\/v2\/product_brand?post=22223"},{"taxonomy":"product_cat","embeddable":true,"href":"https:\/\/vitalstoffversand.com\/pl\/wp-json\/wp\/v2\/product_cat?post=22223"},{"taxonomy":"product_tag","embeddable":true,"href":"https:\/\/vitalstoffversand.com\/pl\/wp-json\/wp\/v2\/product_tag?post=22223"}],"curies":[{"name":"wp","href":"https:\/\/api.w.org\/{rel}","templated":true}]}}