{"id":21749,"date":"2024-11-12T14:32:07","date_gmt":"2024-11-12T13:32:07","guid":{"rendered":"https:\/\/vitalstoffversand.com\/produkt\/gen-testo-stack-pro-180-kapsulek\/"},"modified":"2026-03-12T11:49:02","modified_gmt":"2026-03-12T10:49:02","slug":"gen-testo-stack-pro-180-kapsulek","status":"publish","type":"product","link":"https:\/\/vitalstoffversand.com\/pl\/produkt-pl\/gen-testo-stack-pro-180-kapsulek\/","title":{"rendered":"GEN <br>Testo Stack Pro &#8211; 180 kapsu\u0142ek"},"content":{"rendered":"<p>Testo Stack Pro to wzmacniacz wydajno\u015bci i budowania mi\u0119\u015bni, kt\u00f3ry zapewnia unikalne po\u0142\u0105czenie silnych ekstrakt\u00f3w ro\u015blinnych i niezb\u0119dnych minera\u0142\u00f3w \u015bladowych potrzebnych do zwi\u0119kszenia si\u0142y, poprawy wytrzyma\u0142o\u015bci i maksymalnego wzrostu mi\u0119\u015bni.<\/p>\n<p>Testo Stack Pro zwi\u0119ksza produkcj\u0119 testosteronu, syntez\u0119 bia\u0142ek, si\u0142\u0119 i wytrzyma\u0142o\u015b\u0107, a tak\u017ce koncentracj\u0119 umys\u0142ow\u0105.<\/p>\n<ul>\n<li>Bez glutenu<\/li>\n<li>Bez laktozy<\/li>\n<li>Bez GMO<\/li>\n<li>Wyprodukowane zgodnie z surowymi normami jako\u015bci UE<\/li>\n<\/ul>\n","protected":false},"excerpt":{"rendered":"<p>Testo Stack Pro to wzmacniacz wydajno\u015bci i budowania mi\u0119\u015bni, kt\u00f3ry zapewnia unikalne po\u0142\u0105czenie silnych ekstrakt\u00f3w ro\u015blinnych i niezb\u0119dnych minera\u0142\u00f3w \u015bladowych potrzebnych do zwi\u0119kszenia si\u0142y, poprawy wytrzyma\u0142o\u015bci i maksymalnego wzrostu mi\u0119\u015bni. Testo Stack Pro zwi\u0119ksza produkcj\u0119 testosteronu, syntez\u0119 bia\u0142ek, si\u0142\u0119 i wytrzyma\u0142o\u015b\u0107, a tak\u017ce koncentracj\u0119 umys\u0142ow\u0105. Bez glutenu Bez laktozy Bez GMO Wyprodukowane zgodnie z surowymi [&hellip;]<\/p>\n","protected":false},"featured_media":46118,"template":"","meta":{"_acf_changed":false},"product_brand":[10199],"product_cat":[561,569],"product_tag":[],"class_list":{"0":"post-21749","1":"product","2":"type-product","3":"status-publish","4":"has-post-thumbnail","6":"product_brand-gen-german-elite-nutrition-pl","7":"product_cat-suplementy-sportowe","8":"product_cat-produkty-od-a-z","10":"first","11":"instock","12":"taxable","13":"shipping-taxable","14":"purchasable","15":"product-type-simple"},"acf":[],"_links":{"self":[{"href":"https:\/\/vitalstoffversand.com\/pl\/wp-json\/wp\/v2\/product\/21749","targetHints":{"allow":["GET"]}}],"collection":[{"href":"https:\/\/vitalstoffversand.com\/pl\/wp-json\/wp\/v2\/product"}],"about":[{"href":"https:\/\/vitalstoffversand.com\/pl\/wp-json\/wp\/v2\/types\/product"}],"wp:featuredmedia":[{"embeddable":true,"href":"https:\/\/vitalstoffversand.com\/pl\/wp-json\/wp\/v2\/media\/46118"}],"wp:attachment":[{"href":"https:\/\/vitalstoffversand.com\/pl\/wp-json\/wp\/v2\/media?parent=21749"}],"wp:term":[{"taxonomy":"product_brand","embeddable":true,"href":"https:\/\/vitalstoffversand.com\/pl\/wp-json\/wp\/v2\/product_brand?post=21749"},{"taxonomy":"product_cat","embeddable":true,"href":"https:\/\/vitalstoffversand.com\/pl\/wp-json\/wp\/v2\/product_cat?post=21749"},{"taxonomy":"product_tag","embeddable":true,"href":"https:\/\/vitalstoffversand.com\/pl\/wp-json\/wp\/v2\/product_tag?post=21749"}],"curies":[{"name":"wp","href":"https:\/\/api.w.org\/{rel}","templated":true}]}}