{"id":21742,"date":"2024-11-12T14:29:32","date_gmt":"2024-11-12T13:29:32","guid":{"rendered":"https:\/\/vitalstoffversand.com\/produkt\/gen-fadogia-agrestis-120-kapsulek\/"},"modified":"2026-03-12T12:58:11","modified_gmt":"2026-03-12T11:58:11","slug":"gen-fadogia-agrestis-120-kapsulek","status":"publish","type":"product","link":"https:\/\/vitalstoffversand.com\/pl\/produkt-pl\/gen-fadogia-agrestis-120-kapsulek\/","title":{"rendered":"GEN <br>Fadogia Agrestis &#8211; 180 kapsu\u0142ek"},"content":{"rendered":"<p>Fadogia Agrestis by\u0142a stosowana tradycyjnie przez d\u0142ugi czas, szczeg\u00f3lnie w afryka\u0144skiej naturopatii, ale obecnie nie ma dowod\u00f3w na jakiekolwiek rzeczywiste korzy\u015bci.<\/p>\n<ul>\n<li>Wegan<\/li>\n<li>Bez glutenu<\/li>\n<li>Bez laktozy<\/li>\n<li>Bez GMO<\/li>\n<li>Wyprodukowane zgodnie z surowymi normami jako\u015bci UE<\/li>\n<\/ul>\n","protected":false},"excerpt":{"rendered":"<p>Fadogia Agrestis by\u0142a stosowana tradycyjnie przez d\u0142ugi czas, szczeg\u00f3lnie w afryka\u0144skiej naturopatii, ale obecnie nie ma dowod\u00f3w na jakiekolwiek rzeczywiste korzy\u015bci. Wegan Bez glutenu Bez laktozy Bez GMO Wyprodukowane zgodnie z surowymi normami jako\u015bci UE<\/p>\n","protected":false},"featured_media":47990,"template":"","meta":{"_acf_changed":false},"product_brand":[10199],"product_cat":[561,569],"product_tag":[],"class_list":{"0":"post-21742","1":"product","2":"type-product","3":"status-publish","4":"has-post-thumbnail","6":"product_brand-gen-german-elite-nutrition-pl","7":"product_cat-suplementy-sportowe","8":"product_cat-produkty-od-a-z","10":"first","11":"instock","12":"taxable","13":"shipping-taxable","14":"purchasable","15":"product-type-simple"},"acf":[],"_links":{"self":[{"href":"https:\/\/vitalstoffversand.com\/pl\/wp-json\/wp\/v2\/product\/21742","targetHints":{"allow":["GET"]}}],"collection":[{"href":"https:\/\/vitalstoffversand.com\/pl\/wp-json\/wp\/v2\/product"}],"about":[{"href":"https:\/\/vitalstoffversand.com\/pl\/wp-json\/wp\/v2\/types\/product"}],"wp:featuredmedia":[{"embeddable":true,"href":"https:\/\/vitalstoffversand.com\/pl\/wp-json\/wp\/v2\/media\/47990"}],"wp:attachment":[{"href":"https:\/\/vitalstoffversand.com\/pl\/wp-json\/wp\/v2\/media?parent=21742"}],"wp:term":[{"taxonomy":"product_brand","embeddable":true,"href":"https:\/\/vitalstoffversand.com\/pl\/wp-json\/wp\/v2\/product_brand?post=21742"},{"taxonomy":"product_cat","embeddable":true,"href":"https:\/\/vitalstoffversand.com\/pl\/wp-json\/wp\/v2\/product_cat?post=21742"},{"taxonomy":"product_tag","embeddable":true,"href":"https:\/\/vitalstoffversand.com\/pl\/wp-json\/wp\/v2\/product_tag?post=21742"}],"curies":[{"name":"wp","href":"https:\/\/api.w.org\/{rel}","templated":true}]}}