{"id":21699,"date":"2024-11-12T13:09:27","date_gmt":"2024-11-12T12:09:27","guid":{"rendered":"https:\/\/vitalstoffversand.com\/produkt\/gen-turkesteron-max-90-kapsulek\/"},"modified":"2026-03-11T15:16:32","modified_gmt":"2026-03-11T14:16:32","slug":"gen-turkesteron-max-90-kapsulek","status":"publish","type":"product","link":"https:\/\/vitalstoffversand.com\/pl\/produkt-pl\/gen-turkesteron-max-90-kapsulek\/","title":{"rendered":"GEN <br>Turkesteron Max &#8211; 90 kapsu\u0142ek"},"content":{"rendered":"<p>Turkesteron Max jest interesuj\u0105cy dla os\u00f3b, kt\u00f3re chc\u0105 wzbogaci\u0107 sw\u00f3j aktywny tryb \u017cycia o szczypt\u0119 natury.<\/p>\n<p>Sk\u0142adnik aktywny Turkesterone nale\u017cy do grupy steroid\u00f3w ro\u015blinnych.<\/p>\n<ul>\n<li>Wegan<\/li>\n<li>Bez glutenu<\/li>\n<li>Bez laktozy<\/li>\n<li>Bez GMO<\/li>\n<li>Wyprodukowane zgodnie z surowymi normami jako\u015bci UE<\/li>\n<\/ul>\n","protected":false},"excerpt":{"rendered":"<p>Turkesteron Max jest interesuj\u0105cy dla os\u00f3b, kt\u00f3re chc\u0105 wzbogaci\u0107 sw\u00f3j aktywny tryb \u017cycia o szczypt\u0119 natury. Sk\u0142adnik aktywny Turkesterone nale\u017cy do grupy steroid\u00f3w ro\u015blinnych. Wegan Bez glutenu Bez laktozy Bez GMO Wyprodukowane zgodnie z surowymi normami jako\u015bci UE<\/p>\n","protected":false},"featured_media":45885,"template":"","meta":{"_acf_changed":false},"product_brand":[10199],"product_cat":[561,569],"product_tag":[],"class_list":{"0":"post-21699","1":"product","2":"type-product","3":"status-publish","4":"has-post-thumbnail","6":"product_brand-gen-german-elite-nutrition-pl","7":"product_cat-suplementy-sportowe","8":"product_cat-produkty-od-a-z","10":"first","11":"instock","12":"taxable","13":"shipping-taxable","14":"purchasable","15":"product-type-simple"},"acf":[],"_links":{"self":[{"href":"https:\/\/vitalstoffversand.com\/pl\/wp-json\/wp\/v2\/product\/21699","targetHints":{"allow":["GET"]}}],"collection":[{"href":"https:\/\/vitalstoffversand.com\/pl\/wp-json\/wp\/v2\/product"}],"about":[{"href":"https:\/\/vitalstoffversand.com\/pl\/wp-json\/wp\/v2\/types\/product"}],"wp:featuredmedia":[{"embeddable":true,"href":"https:\/\/vitalstoffversand.com\/pl\/wp-json\/wp\/v2\/media\/45885"}],"wp:attachment":[{"href":"https:\/\/vitalstoffversand.com\/pl\/wp-json\/wp\/v2\/media?parent=21699"}],"wp:term":[{"taxonomy":"product_brand","embeddable":true,"href":"https:\/\/vitalstoffversand.com\/pl\/wp-json\/wp\/v2\/product_brand?post=21699"},{"taxonomy":"product_cat","embeddable":true,"href":"https:\/\/vitalstoffversand.com\/pl\/wp-json\/wp\/v2\/product_cat?post=21699"},{"taxonomy":"product_tag","embeddable":true,"href":"https:\/\/vitalstoffversand.com\/pl\/wp-json\/wp\/v2\/product_tag?post=21699"}],"curies":[{"name":"wp","href":"https:\/\/api.w.org\/{rel}","templated":true}]}}