{"id":21692,"date":"2024-11-12T13:04:39","date_gmt":"2024-11-12T12:04:39","guid":{"rendered":"https:\/\/vitalstoffversand.com\/produkt\/gen-liver-essentials-180-kapsulek\/"},"modified":"2026-03-11T15:14:29","modified_gmt":"2026-03-11T14:14:29","slug":"gen-liver-essentials-180-kapsulek","status":"publish","type":"product","link":"https:\/\/vitalstoffversand.com\/pl\/produkt-pl\/gen-liver-essentials-180-kapsulek\/","title":{"rendered":"GEN <br>Liver Essentials &#8211; 180 kapsu\u0142ek"},"content":{"rendered":"<p>Liver Essentials to specjalna formu\u0142a 11 aktywnych sk\u0142adnik\u00f3w zaprojektowanych w celu wspierania w\u0105troby.<\/p>\n<p>Wykazano, \u017ce zawarta w nim cholina (tutaj jako dwuwinian choliny) przyczynia si\u0119 do prawid\u0142owego funkcjonowania w\u0105troby zgodnie z o\u015bwiadczeniem zdrowotnym EFSA.<\/p>\n<p>Wyci\u0105gi z ostropestu plamistego, korzenia mniszka lekarskiego, karczocha, desmodium, schisandra, imbiru i sophora japonica s\u0105 tradycyjnie stosowane od wiek\u00f3w w celu wspomagania pracy w\u0105troby.<\/p>\n<p>Formu\u0142a zosta\u0142a zoptymalizowana dzi\u0119ki dodatkowym sk\u0142adnikom.<\/p>\n<ul>\n<li>Wegan<\/li>\n<li>Bez glutenu<\/li>\n<li>Bez laktozy<\/li>\n<li>Bez GMO<\/li>\n<li>Wyprodukowane zgodnie z surowymi normami jako\u015bci UE<\/li>\n<\/ul>\n","protected":false},"excerpt":{"rendered":"<p>Liver Essentials to specjalna formu\u0142a 11 aktywnych sk\u0142adnik\u00f3w zaprojektowanych w celu wspierania w\u0105troby. Wykazano, \u017ce zawarta w nim cholina (tutaj jako dwuwinian choliny) przyczynia si\u0119 do prawid\u0142owego funkcjonowania w\u0105troby zgodnie z o\u015bwiadczeniem zdrowotnym EFSA. Wyci\u0105gi z ostropestu plamistego, korzenia mniszka lekarskiego, karczocha, desmodium, schisandra, imbiru i sophora japonica s\u0105 tradycyjnie stosowane od wiek\u00f3w w celu [&hellip;]<\/p>\n","protected":false},"featured_media":45837,"template":"","meta":{"_acf_changed":false},"product_brand":[10199],"product_cat":[560,569],"product_tag":[],"class_list":{"0":"post-21692","1":"product","2":"type-product","3":"status-publish","4":"has-post-thumbnail","6":"product_brand-gen-german-elite-nutrition-pl","7":"product_cat-skladniki-odzywcze","8":"product_cat-produkty-od-a-z","10":"first","11":"instock","12":"taxable","13":"shipping-taxable","14":"purchasable","15":"product-type-simple"},"acf":[],"_links":{"self":[{"href":"https:\/\/vitalstoffversand.com\/pl\/wp-json\/wp\/v2\/product\/21692","targetHints":{"allow":["GET"]}}],"collection":[{"href":"https:\/\/vitalstoffversand.com\/pl\/wp-json\/wp\/v2\/product"}],"about":[{"href":"https:\/\/vitalstoffversand.com\/pl\/wp-json\/wp\/v2\/types\/product"}],"wp:featuredmedia":[{"embeddable":true,"href":"https:\/\/vitalstoffversand.com\/pl\/wp-json\/wp\/v2\/media\/45837"}],"wp:attachment":[{"href":"https:\/\/vitalstoffversand.com\/pl\/wp-json\/wp\/v2\/media?parent=21692"}],"wp:term":[{"taxonomy":"product_brand","embeddable":true,"href":"https:\/\/vitalstoffversand.com\/pl\/wp-json\/wp\/v2\/product_brand?post=21692"},{"taxonomy":"product_cat","embeddable":true,"href":"https:\/\/vitalstoffversand.com\/pl\/wp-json\/wp\/v2\/product_cat?post=21692"},{"taxonomy":"product_tag","embeddable":true,"href":"https:\/\/vitalstoffversand.com\/pl\/wp-json\/wp\/v2\/product_tag?post=21692"}],"curies":[{"name":"wp","href":"https:\/\/api.w.org\/{rel}","templated":true}]}}