{"id":21621,"date":"2024-11-12T12:58:31","date_gmt":"2024-11-12T11:58:31","guid":{"rendered":"https:\/\/vitalstoffversand.com\/produkt\/gen-boron-max-365-tabletek\/"},"modified":"2026-03-11T15:04:50","modified_gmt":"2026-03-11T14:04:50","slug":"gen-boron-max-365-tabletek","status":"publish","type":"product","link":"https:\/\/vitalstoffversand.com\/pl\/produkt-pl\/gen-boron-max-365-tabletek\/","title":{"rendered":"GEN <br>Boron Max &#8211; 365 tabletek"},"content":{"rendered":"<p>Boron Max to naturalny zwi\u0105zek boru wytwarzany z boranu sodu.<\/p>\n<p>Pierwiastek \u015bladowy bor odgrywa rol\u0119 w wa\u017cnych funkcjach organizmu i musi by\u0107 wch\u0142aniany z po\u017cywienia, chocia\u017c niedob\u00f3r boru jest raczej rzadki, poniewa\u017c zazwyczaj wch\u0142aniamy wystarczaj\u0105ce ilo\u015bci z naszej diety.<\/p>\n<ul>\n<li>Wegan<\/li>\n<li>Bez glutenu<\/li>\n<li>Bez laktozy<\/li>\n<li>Bez GMO<\/li>\n<li>Wyprodukowane zgodnie z surowymi normami jako\u015bci UE<\/li>\n<\/ul>\n","protected":false},"excerpt":{"rendered":"<p>Boron Max to naturalny zwi\u0105zek boru wytwarzany z boranu sodu. Pierwiastek \u015bladowy bor odgrywa rol\u0119 w wa\u017cnych funkcjach organizmu i musi by\u0107 wch\u0142aniany z po\u017cywienia, chocia\u017c niedob\u00f3r boru jest raczej rzadki, poniewa\u017c zazwyczaj wch\u0142aniamy wystarczaj\u0105ce ilo\u015bci z naszej diety. Wegan Bez glutenu Bez laktozy Bez GMO Wyprodukowane zgodnie z surowymi normami jako\u015bci UE<\/p>\n","protected":false},"featured_media":45405,"template":"","meta":{"_acf_changed":false},"product_brand":[10199],"product_cat":[556,569],"product_tag":[],"class_list":{"0":"post-21621","1":"product","2":"type-product","3":"status-publish","4":"has-post-thumbnail","6":"product_brand-gen-german-elite-nutrition-pl","7":"product_cat-mineraly-i-pierwiastki-sladowe","8":"product_cat-produkty-od-a-z","10":"first","11":"instock","12":"taxable","13":"shipping-taxable","14":"purchasable","15":"product-type-simple"},"acf":[],"_links":{"self":[{"href":"https:\/\/vitalstoffversand.com\/pl\/wp-json\/wp\/v2\/product\/21621","targetHints":{"allow":["GET"]}}],"collection":[{"href":"https:\/\/vitalstoffversand.com\/pl\/wp-json\/wp\/v2\/product"}],"about":[{"href":"https:\/\/vitalstoffversand.com\/pl\/wp-json\/wp\/v2\/types\/product"}],"wp:featuredmedia":[{"embeddable":true,"href":"https:\/\/vitalstoffversand.com\/pl\/wp-json\/wp\/v2\/media\/45405"}],"wp:attachment":[{"href":"https:\/\/vitalstoffversand.com\/pl\/wp-json\/wp\/v2\/media?parent=21621"}],"wp:term":[{"taxonomy":"product_brand","embeddable":true,"href":"https:\/\/vitalstoffversand.com\/pl\/wp-json\/wp\/v2\/product_brand?post=21621"},{"taxonomy":"product_cat","embeddable":true,"href":"https:\/\/vitalstoffversand.com\/pl\/wp-json\/wp\/v2\/product_cat?post=21621"},{"taxonomy":"product_tag","embeddable":true,"href":"https:\/\/vitalstoffversand.com\/pl\/wp-json\/wp\/v2\/product_tag?post=21621"}],"curies":[{"name":"wp","href":"https:\/\/api.w.org\/{rel}","templated":true}]}}