{"id":21565,"date":"2024-11-12T12:37:25","date_gmt":"2024-11-12T11:37:25","guid":{"rendered":"https:\/\/vitalstoffversand.com\/produkt\/gen-whey-protein-complex-1000-g-rozne-smaki\/"},"modified":"2026-03-30T15:12:37","modified_gmt":"2026-03-30T13:12:37","slug":"gen-whey-protein-complex-1000-g-rozne-smaki","status":"publish","type":"product","link":"https:\/\/vitalstoffversand.com\/pl\/produkt-pl\/gen-whey-protein-complex-1000-g-rozne-smaki\/","title":{"rendered":"GEN <br>Whey Protein Complex &#8211; 1000 g &#8211; r\u00f3\u017cne smaki"},"content":{"rendered":"<p>Whey Protein Complex to wysokiej jako\u015bci \u017ar\u00f3d\u0142o bia\u0142ka wykonane z koncentratu bia\u0142ka serwatkowego (WPC) i izolatu bia\u0142ka serwatkowego (WPI).<\/p>\n<p>Zawiera bardzo du\u017c\u0105 ilo\u015b\u0107 aminokwas\u00f3w egzogennych i p\u00f3\u0142egzogennych oraz dobrze rozpuszcza si\u0119 w mleku i wodzie.<\/p>\n<p>Dost\u0119pny w 22 pysznych smakach, nadaje si\u0119 nie tylko dla mi\u0142o\u015bnik\u00f3w sportu, ale dla wszystkich, kt\u00f3rzy prowadz\u0105 aktywny tryb \u017cycia lub chc\u0105 w\u0142\u0105czy\u0107 proszek bia\u0142kowy do zbilansowanej diety.<\/p>\n<ul>\n<li>Wyprodukowane zgodnie z surowymi normami jako\u015bci UE<\/li>\n<\/ul>\n","protected":false},"excerpt":{"rendered":"<p>Whey Protein Complex to wysokiej jako\u015bci \u017ar\u00f3d\u0142o bia\u0142ka wykonane z koncentratu bia\u0142ka serwatkowego (WPC) i izolatu bia\u0142ka serwatkowego (WPI). Zawiera bardzo du\u017c\u0105 ilo\u015b\u0107 aminokwas\u00f3w egzogennych i p\u00f3\u0142egzogennych oraz dobrze rozpuszcza si\u0119 w mleku i wodzie. Dost\u0119pny w 22 pysznych smakach, nadaje si\u0119 nie tylko dla mi\u0142o\u015bnik\u00f3w sportu, ale dla wszystkich, kt\u00f3rzy prowadz\u0105 aktywny tryb \u017cycia [&hellip;]<\/p>\n","protected":false},"featured_media":45309,"template":"","meta":{"_acf_changed":false},"product_brand":[10199],"product_cat":[557,569],"product_tag":[],"class_list":{"0":"post-21565","1":"product","2":"type-product","3":"status-publish","4":"has-post-thumbnail","6":"product_brand-gen-german-elite-nutrition-pl","7":"product_cat-bialka","8":"product_cat-produkty-od-a-z","10":"first","11":"instock","12":"taxable","13":"shipping-taxable","14":"purchasable","15":"product-type-variable"},"acf":[],"_links":{"self":[{"href":"https:\/\/vitalstoffversand.com\/pl\/wp-json\/wp\/v2\/product\/21565","targetHints":{"allow":["GET"]}}],"collection":[{"href":"https:\/\/vitalstoffversand.com\/pl\/wp-json\/wp\/v2\/product"}],"about":[{"href":"https:\/\/vitalstoffversand.com\/pl\/wp-json\/wp\/v2\/types\/product"}],"wp:featuredmedia":[{"embeddable":true,"href":"https:\/\/vitalstoffversand.com\/pl\/wp-json\/wp\/v2\/media\/45309"}],"wp:attachment":[{"href":"https:\/\/vitalstoffversand.com\/pl\/wp-json\/wp\/v2\/media?parent=21565"}],"wp:term":[{"taxonomy":"product_brand","embeddable":true,"href":"https:\/\/vitalstoffversand.com\/pl\/wp-json\/wp\/v2\/product_brand?post=21565"},{"taxonomy":"product_cat","embeddable":true,"href":"https:\/\/vitalstoffversand.com\/pl\/wp-json\/wp\/v2\/product_cat?post=21565"},{"taxonomy":"product_tag","embeddable":true,"href":"https:\/\/vitalstoffversand.com\/pl\/wp-json\/wp\/v2\/product_tag?post=21565"}],"curies":[{"name":"wp","href":"https:\/\/api.w.org\/{rel}","templated":true}]}}