{"id":21459,"date":"2024-11-12T12:25:24","date_gmt":"2024-11-12T11:25:24","guid":{"rendered":"https:\/\/vitalstoffversand.com\/produkt\/gen-l-carnitine-6000-liquid-1000-ml-rozne-smaki\/"},"modified":"2026-03-30T15:07:23","modified_gmt":"2026-03-30T13:07:23","slug":"gen-l-carnitine-6000-liquid-1000-ml-rozne-smaki","status":"publish","type":"product","link":"https:\/\/vitalstoffversand.com\/pl\/produkt-pl\/gen-l-carnitine-6000-liquid-1000-ml-rozne-smaki\/","title":{"rendered":"GEN <br>L-Carnitine 6000 Liquid &#8211; 1000 ml &#8211; r\u00f3\u017cne smaki"},"content":{"rendered":"<p>L-karnityna jest wa\u017cnym czynnikiem w konwersji i transporcie kwas\u00f3w t\u0142uszczowych do produkcji energii w organizmie.<\/p>\n<p>Chocia\u017c nasz organizm jest w stanie wyprodukowa\u0107 L-karnityn\u0119 z aminokwas\u00f3w lizyny i metioniny, dodatkowa suplementacja mo\u017ce by\u0107 przydatna zw\u0142aszcza dla wegetarian i wegan, poniewa\u017c praktycznie nie ma dodatkowego spo\u017cycia z po\u017cywienia.<\/p>\n<ul>\n<li>Wegan<\/li>\n<li>Bez glutenu<\/li>\n<li>Bez laktozy<\/li>\n<li>Bez GMO<\/li>\n<li>Wyprodukowane zgodnie z surowymi normami jako\u015bci UE<\/li>\n<\/ul>\n","protected":false},"excerpt":{"rendered":"<p>L-karnityna jest wa\u017cnym czynnikiem w konwersji i transporcie kwas\u00f3w t\u0142uszczowych do produkcji energii w organizmie. Chocia\u017c nasz organizm jest w stanie wyprodukowa\u0107 L-karnityn\u0119 z aminokwas\u00f3w lizyny i metioniny, dodatkowa suplementacja mo\u017ce by\u0107 przydatna zw\u0142aszcza dla wegetarian i wegan, poniewa\u017c praktycznie nie ma dodatkowego spo\u017cycia z po\u017cywienia. Wegan Bez glutenu Bez laktozy Bez GMO Wyprodukowane zgodnie [&hellip;]<\/p>\n","protected":false},"featured_media":45117,"template":"","meta":{"_acf_changed":false},"product_brand":[10199],"product_cat":[560,569],"product_tag":[],"class_list":{"0":"post-21459","1":"product","2":"type-product","3":"status-publish","4":"has-post-thumbnail","6":"product_brand-gen-german-elite-nutrition-pl","7":"product_cat-skladniki-odzywcze","8":"product_cat-produkty-od-a-z","10":"first","11":"instock","12":"taxable","13":"shipping-taxable","14":"purchasable","15":"product-type-variable"},"acf":[],"_links":{"self":[{"href":"https:\/\/vitalstoffversand.com\/pl\/wp-json\/wp\/v2\/product\/21459","targetHints":{"allow":["GET"]}}],"collection":[{"href":"https:\/\/vitalstoffversand.com\/pl\/wp-json\/wp\/v2\/product"}],"about":[{"href":"https:\/\/vitalstoffversand.com\/pl\/wp-json\/wp\/v2\/types\/product"}],"wp:featuredmedia":[{"embeddable":true,"href":"https:\/\/vitalstoffversand.com\/pl\/wp-json\/wp\/v2\/media\/45117"}],"wp:attachment":[{"href":"https:\/\/vitalstoffversand.com\/pl\/wp-json\/wp\/v2\/media?parent=21459"}],"wp:term":[{"taxonomy":"product_brand","embeddable":true,"href":"https:\/\/vitalstoffversand.com\/pl\/wp-json\/wp\/v2\/product_brand?post=21459"},{"taxonomy":"product_cat","embeddable":true,"href":"https:\/\/vitalstoffversand.com\/pl\/wp-json\/wp\/v2\/product_cat?post=21459"},{"taxonomy":"product_tag","embeddable":true,"href":"https:\/\/vitalstoffversand.com\/pl\/wp-json\/wp\/v2\/product_tag?post=21459"}],"curies":[{"name":"wp","href":"https:\/\/api.w.org\/{rel}","templated":true}]}}