{"id":21327,"date":"2024-11-12T12:18:13","date_gmt":"2024-11-12T11:18:13","guid":{"rendered":"https:\/\/vitalstoffversand.com\/produkt\/gen-creatine-ultra-caps-rozne-ilosci\/"},"modified":"2026-03-11T14:53:38","modified_gmt":"2026-03-11T13:53:38","slug":"gen-creatine-ultra-caps-rozne-ilosci","status":"publish","type":"product","link":"https:\/\/vitalstoffversand.com\/pl\/produkt-pl\/gen-creatine-ultra-caps-rozne-ilosci\/","title":{"rendered":"GEN <br>Creatin Ultra Caps \u2013 420 kapsu\u0142ek"},"content":{"rendered":"<p>Prawie nie ma sportowc\u00f3w, kt\u00f3rzy nie znaj\u0105 <a href=\"https:\/\/vitalstoffversand.com\/knowledge-base\/creatin-kreatin\/\" target=\"_blank\" rel=\"noopener\"><span style=\"color: #0000ff;\"><strong>\u2192 kreatyny<\/strong><\/span><\/a>, poniewa\u017c jest to jeden z najbardziej znanych i najcz\u0119\u015bciej przyjmowanych suplement\u00f3w diety w sporcie.<\/p>\n<p>Kapsu\u0142ki Creatine Ultra Caps zawieraj\u0105 bardzo wysok\u0105 dawk\u0119 1250 mg aktywnego sk\u0142adnika na kapsu\u0142k\u0119.<\/p>\n<ul>\n<li>Bez glutenu<\/li>\n<li>Bez laktozy<\/li>\n<li>Bez GMO<\/li>\n<li>Wyprodukowane zgodnie z surowymi normami jako\u015bci UE<\/li>\n<\/ul>\n","protected":false},"excerpt":{"rendered":"<p>Prawie nie ma sportowc\u00f3w, kt\u00f3rzy nie znaj\u0105 \u2192 kreatyny, poniewa\u017c jest to jeden z najbardziej znanych i najcz\u0119\u015bciej przyjmowanych suplement\u00f3w diety w sporcie. Kapsu\u0142ki Creatine Ultra Caps zawieraj\u0105 bardzo wysok\u0105 dawk\u0119 1250 mg aktywnego sk\u0142adnika na kapsu\u0142k\u0119. Bez glutenu Bez laktozy Bez GMO Wyprodukowane zgodnie z surowymi normami jako\u015bci UE<\/p>\n","protected":false},"featured_media":44909,"template":"","meta":{"_acf_changed":false},"product_brand":[10199],"product_cat":[560,569],"product_tag":[],"class_list":{"0":"post-21327","1":"product","2":"type-product","3":"status-publish","4":"has-post-thumbnail","6":"product_brand-gen-german-elite-nutrition-pl","7":"product_cat-skladniki-odzywcze","8":"product_cat-produkty-od-a-z","10":"first","11":"instock","12":"taxable","13":"shipping-taxable","14":"purchasable","15":"product-type-simple"},"acf":[],"_links":{"self":[{"href":"https:\/\/vitalstoffversand.com\/pl\/wp-json\/wp\/v2\/product\/21327","targetHints":{"allow":["GET"]}}],"collection":[{"href":"https:\/\/vitalstoffversand.com\/pl\/wp-json\/wp\/v2\/product"}],"about":[{"href":"https:\/\/vitalstoffversand.com\/pl\/wp-json\/wp\/v2\/types\/product"}],"wp:featuredmedia":[{"embeddable":true,"href":"https:\/\/vitalstoffversand.com\/pl\/wp-json\/wp\/v2\/media\/44909"}],"wp:attachment":[{"href":"https:\/\/vitalstoffversand.com\/pl\/wp-json\/wp\/v2\/media?parent=21327"}],"wp:term":[{"taxonomy":"product_brand","embeddable":true,"href":"https:\/\/vitalstoffversand.com\/pl\/wp-json\/wp\/v2\/product_brand?post=21327"},{"taxonomy":"product_cat","embeddable":true,"href":"https:\/\/vitalstoffversand.com\/pl\/wp-json\/wp\/v2\/product_cat?post=21327"},{"taxonomy":"product_tag","embeddable":true,"href":"https:\/\/vitalstoffversand.com\/pl\/wp-json\/wp\/v2\/product_tag?post=21327"}],"curies":[{"name":"wp","href":"https:\/\/api.w.org\/{rel}","templated":true}]}}