{"id":21306,"date":"2024-11-12T12:15:11","date_gmt":"2024-11-12T11:15:11","guid":{"rendered":"https:\/\/vitalstoffversand.com\/produkt\/gen-berberine-complex-120-kapsulek\/"},"modified":"2026-03-11T14:50:35","modified_gmt":"2026-03-11T13:50:35","slug":"gen-berberine-complex-120-kapsulek","status":"publish","type":"product","link":"https:\/\/vitalstoffversand.com\/pl\/produkt-pl\/gen-berberine-complex-120-kapsulek\/","title":{"rendered":"GEN <br>Berberin GDA Complex \u2013 120 kapsu\u0142ek"},"content":{"rendered":"<p>Kapsu\u0142ki Berberin Complex zapewniaj\u0105 innowacyjn\u0105 formu\u0142\u0119 wspomagaj\u0105c\u0105 glukoz\u0119, wykonan\u0105 z naturalnych i standaryzowanych ekstrakt\u00f3w ro\u015blinnych z g\u0142\u00f3wnym sk\u0142adnikiem aktywnym berberyn\u0105 i <a href=\"https:\/\/vitalstoffversand.com\/knowledge-base\/chrom\/\" target=\"_blank\" rel=\"noopener\"><strong><span style=\"color: #0000ff;\">\u2192 chromem<\/span><\/strong><\/a>, kt\u00f3ry pomaga mi\u0119dzy innymi w utrzymaniu prawid\u0142owego poziomu cukru we krwi.<\/p>\n<ul>\n<li>Wegan<\/li>\n<li>Bez glutenu<\/li>\n<li>Bez laktozy<\/li>\n<li>Bez GMO<\/li>\n<li>Wyprodukowane zgodnie z surowymi normami jako\u015bci UE<\/li>\n<\/ul>\n","protected":false},"excerpt":{"rendered":"<p>Kapsu\u0142ki Berberin Complex zapewniaj\u0105 innowacyjn\u0105 formu\u0142\u0119 wspomagaj\u0105c\u0105 glukoz\u0119, wykonan\u0105 z naturalnych i standaryzowanych ekstrakt\u00f3w ro\u015blinnych z g\u0142\u00f3wnym sk\u0142adnikiem aktywnym berberyn\u0105 i \u2192 chromem, kt\u00f3ry pomaga mi\u0119dzy innymi w utrzymaniu prawid\u0142owego poziomu cukru we krwi. Wegan Bez glutenu Bez laktozy Bez GMO Wyprodukowane zgodnie z surowymi normami jako\u015bci UE<\/p>\n","protected":false},"featured_media":44821,"template":"","meta":{"_acf_changed":false},"product_brand":[10199],"product_cat":[560,569],"product_tag":[],"class_list":{"0":"post-21306","1":"product","2":"type-product","3":"status-publish","4":"has-post-thumbnail","6":"product_brand-gen-german-elite-nutrition-pl","7":"product_cat-skladniki-odzywcze","8":"product_cat-produkty-od-a-z","10":"first","11":"instock","12":"taxable","13":"shipping-taxable","14":"purchasable","15":"product-type-simple"},"acf":[],"_links":{"self":[{"href":"https:\/\/vitalstoffversand.com\/pl\/wp-json\/wp\/v2\/product\/21306","targetHints":{"allow":["GET"]}}],"collection":[{"href":"https:\/\/vitalstoffversand.com\/pl\/wp-json\/wp\/v2\/product"}],"about":[{"href":"https:\/\/vitalstoffversand.com\/pl\/wp-json\/wp\/v2\/types\/product"}],"wp:featuredmedia":[{"embeddable":true,"href":"https:\/\/vitalstoffversand.com\/pl\/wp-json\/wp\/v2\/media\/44821"}],"wp:attachment":[{"href":"https:\/\/vitalstoffversand.com\/pl\/wp-json\/wp\/v2\/media?parent=21306"}],"wp:term":[{"taxonomy":"product_brand","embeddable":true,"href":"https:\/\/vitalstoffversand.com\/pl\/wp-json\/wp\/v2\/product_brand?post=21306"},{"taxonomy":"product_cat","embeddable":true,"href":"https:\/\/vitalstoffversand.com\/pl\/wp-json\/wp\/v2\/product_cat?post=21306"},{"taxonomy":"product_tag","embeddable":true,"href":"https:\/\/vitalstoffversand.com\/pl\/wp-json\/wp\/v2\/product_tag?post=21306"}],"curies":[{"name":"wp","href":"https:\/\/api.w.org\/{rel}","templated":true}]}}