{"id":21300,"date":"2024-11-12T12:13:31","date_gmt":"2024-11-12T11:13:31","guid":{"rendered":"https:\/\/vitalstoffversand.com\/produkt\/gen-ecdysterone-max-60-kapsulek\/"},"modified":"2026-03-11T14:48:34","modified_gmt":"2026-03-11T13:48:34","slug":"gen-ecdysterone-max-60-kapsulek","status":"publish","type":"product","link":"https:\/\/vitalstoffversand.com\/pl\/produkt-pl\/gen-ecdysterone-max-60-kapsulek\/","title":{"rendered":"GEN <br>Ecdysteron \u2013 60 kapsu\u0142ek"},"content":{"rendered":"<p>Beta-ecdysterone, znany r\u00f3wnie\u017c jako 20-hydroksyecdysone, nale\u017cy do specjalnej grupy steroli ro\u015blinnych, kt\u00f3re mog\u0105 zwi\u0119ksza\u0107 wydajno\u015b\u0107 sportowc\u00f3w bez dopingu.<\/p>\n<ul>\n<li>Wegan<\/li>\n<li>Bez glutenu<\/li>\n<li>Bez laktozy<\/li>\n<li>Bez GMO<\/li>\n<li>Wyprodukowane zgodnie z surowymi normami jako\u015bci UE<\/li>\n<\/ul>\n","protected":false},"excerpt":{"rendered":"<p>Beta-ecdysterone, znany r\u00f3wnie\u017c jako 20-hydroksyecdysone, nale\u017cy do specjalnej grupy steroli ro\u015blinnych, kt\u00f3re mog\u0105 zwi\u0119ksza\u0107 wydajno\u015b\u0107 sportowc\u00f3w bez dopingu. Wegan Bez glutenu Bez laktozy Bez GMO Wyprodukowane zgodnie z surowymi normami jako\u015bci UE<\/p>\n","protected":false},"featured_media":62877,"template":"","meta":{"_acf_changed":false},"product_brand":[10199],"product_cat":[561,569],"product_tag":[],"class_list":{"0":"post-21300","1":"product","2":"type-product","3":"status-publish","4":"has-post-thumbnail","6":"product_brand-gen-german-elite-nutrition-pl","7":"product_cat-suplementy-sportowe","8":"product_cat-produkty-od-a-z","10":"first","11":"instock","12":"taxable","13":"shipping-taxable","14":"purchasable","15":"product-type-simple"},"acf":[],"_links":{"self":[{"href":"https:\/\/vitalstoffversand.com\/pl\/wp-json\/wp\/v2\/product\/21300","targetHints":{"allow":["GET"]}}],"collection":[{"href":"https:\/\/vitalstoffversand.com\/pl\/wp-json\/wp\/v2\/product"}],"about":[{"href":"https:\/\/vitalstoffversand.com\/pl\/wp-json\/wp\/v2\/types\/product"}],"wp:featuredmedia":[{"embeddable":true,"href":"https:\/\/vitalstoffversand.com\/pl\/wp-json\/wp\/v2\/media\/62877"}],"wp:attachment":[{"href":"https:\/\/vitalstoffversand.com\/pl\/wp-json\/wp\/v2\/media?parent=21300"}],"wp:term":[{"taxonomy":"product_brand","embeddable":true,"href":"https:\/\/vitalstoffversand.com\/pl\/wp-json\/wp\/v2\/product_brand?post=21300"},{"taxonomy":"product_cat","embeddable":true,"href":"https:\/\/vitalstoffversand.com\/pl\/wp-json\/wp\/v2\/product_cat?post=21300"},{"taxonomy":"product_tag","embeddable":true,"href":"https:\/\/vitalstoffversand.com\/pl\/wp-json\/wp\/v2\/product_tag?post=21300"}],"curies":[{"name":"wp","href":"https:\/\/api.w.org\/{rel}","templated":true}]}}