{"id":21288,"date":"2024-11-12T12:29:14","date_gmt":"2024-11-12T11:29:14","guid":{"rendered":"https:\/\/vitalstoffversand.com\/produkt\/gen-monohydrat-kreatyny-rozne-ilosci\/"},"modified":"2026-03-11T14:47:16","modified_gmt":"2026-03-11T13:47:16","slug":"gen-monohydrat-kreatyny-rozne-ilosci","status":"publish","type":"product","link":"https:\/\/vitalstoffversand.com\/pl\/produkt-pl\/gen-monohydrat-kreatyny-rozne-ilosci\/","title":{"rendered":"GEN <br>Monohydrat kreatyny &#8211; 1000 g"},"content":{"rendered":"<p>Prawie ka\u017cdy sportowiec zna \u2192 monohydrat <a href=\"https:\/\/vitalstoffversand.com\/knowledge-base\/creatin-kreatin\/\" target=\"_blank\" rel=\"noopener\"><strong><span style=\"color: #0000ff;\">kreatyny<\/span><\/strong><\/a>, poniewa\u017c wielu z nich stosuje go samodzielnie lub przynajmniej o nim s\u0142ysza\u0142o.<\/p>\n<p>Kreatyna s\u0142u\u017cy organizmowi jako magazyn energii i jest r\u00f3wnie\u017c wytwarzana przez sam organizm.<\/p>\n<p>Suplementacja kreatyn\u0105 mo\u017ce jednak mie\u0107 sens w przypadku aktywno\u015bci sportowej.<\/p>\n<ul>\n<li>Wegan<\/li>\n<li>Bez glutenu<\/li>\n<li>Bez laktozy<\/li>\n<li>Bez GMO<\/li>\n<li>Wyprodukowane zgodnie z surowymi normami jako\u015bci UE<\/li>\n<\/ul>\n","protected":false},"excerpt":{"rendered":"<p>Prawie ka\u017cdy sportowiec zna \u2192 monohydrat kreatyny, poniewa\u017c wielu z nich stosuje go samodzielnie lub przynajmniej o nim s\u0142ysza\u0142o. Kreatyna s\u0142u\u017cy organizmowi jako magazyn energii i jest r\u00f3wnie\u017c wytwarzana przez sam organizm. Suplementacja kreatyn\u0105 mo\u017ce jednak mie\u0107 sens w przypadku aktywno\u015bci sportowej. Wegan Bez glutenu Bez laktozy Bez GMO Wyprodukowane zgodnie z surowymi normami jako\u015bci [&hellip;]<\/p>\n","protected":false},"featured_media":44741,"template":"","meta":{"_acf_changed":false},"product_brand":[10199],"product_cat":[561,569],"product_tag":[],"class_list":{"0":"post-21288","1":"product","2":"type-product","3":"status-publish","4":"has-post-thumbnail","6":"product_brand-gen-german-elite-nutrition-pl","7":"product_cat-suplementy-sportowe","8":"product_cat-produkty-od-a-z","10":"first","11":"outofstock","12":"taxable","13":"shipping-taxable","14":"purchasable","15":"product-type-simple"},"acf":[],"_links":{"self":[{"href":"https:\/\/vitalstoffversand.com\/pl\/wp-json\/wp\/v2\/product\/21288","targetHints":{"allow":["GET"]}}],"collection":[{"href":"https:\/\/vitalstoffversand.com\/pl\/wp-json\/wp\/v2\/product"}],"about":[{"href":"https:\/\/vitalstoffversand.com\/pl\/wp-json\/wp\/v2\/types\/product"}],"wp:featuredmedia":[{"embeddable":true,"href":"https:\/\/vitalstoffversand.com\/pl\/wp-json\/wp\/v2\/media\/44741"}],"wp:attachment":[{"href":"https:\/\/vitalstoffversand.com\/pl\/wp-json\/wp\/v2\/media?parent=21288"}],"wp:term":[{"taxonomy":"product_brand","embeddable":true,"href":"https:\/\/vitalstoffversand.com\/pl\/wp-json\/wp\/v2\/product_brand?post=21288"},{"taxonomy":"product_cat","embeddable":true,"href":"https:\/\/vitalstoffversand.com\/pl\/wp-json\/wp\/v2\/product_cat?post=21288"},{"taxonomy":"product_tag","embeddable":true,"href":"https:\/\/vitalstoffversand.com\/pl\/wp-json\/wp\/v2\/product_tag?post=21288"}],"curies":[{"name":"wp","href":"https:\/\/api.w.org\/{rel}","templated":true}]}}