{"id":21276,"date":"2024-11-12T12:06:14","date_gmt":"2024-11-12T11:06:14","guid":{"rendered":"https:\/\/vitalstoffversand.com\/produkt\/gen-l-karnityna-triple-complex-120-kapsulek\/"},"modified":"2026-03-11T14:44:21","modified_gmt":"2026-03-11T13:44:21","slug":"gen-l-karnityna-triple-complex-120-kapsulek","status":"publish","type":"product","link":"https:\/\/vitalstoffversand.com\/pl\/produkt-pl\/gen-l-karnityna-triple-complex-120-kapsulek\/","title":{"rendered":"GEN <br>L-karnityna Triple Complex &#8211; 120 kapsu\u0142ek"},"content":{"rendered":"<p>L-Carnitine Triple Complex zawiera 3 najpopularniejsze zwi\u0105zki L-karnityny i imponuje wyj\u0105tkowo wysok\u0105 biodost\u0119pno\u015bci\u0105 i st\u0119\u017ceniem, a tak\u017ce op\u00f3\u017anionym uwalnianiem sk\u0142adnik\u00f3w aktywnych, dzi\u0119ki czemu gwarantowana jest optymalna poda\u017c.<\/p>\n<p>L-karnityna bierze udzia\u0142 w metabolizmie energetycznym i odgrywa kluczow\u0105 rol\u0119 w przekszta\u0142caniu kwas\u00f3w t\u0142uszczowych w energi\u0119.<\/p>\n<p>Suplementacja L-karnityny mo\u017ce by\u0107 szczeg\u00f3lnie przydatna dla wegetarian i wegan, poniewa\u017c jest ona zawarta prawie wy\u0142\u0105cznie w produktach pochodzenia zwierz\u0119cego.<\/p>\n<ul>\n<li>Wegan<\/li>\n<li>Bez glutenu<\/li>\n<li>Bez laktozy<\/li>\n<li>Bez GMO<\/li>\n<li>Wyprodukowane zgodnie z surowymi normami jako\u015bci UE<\/li>\n<\/ul>\n","protected":false},"excerpt":{"rendered":"<p>L-Carnitine Triple Complex zawiera 3 najpopularniejsze zwi\u0105zki L-karnityny i imponuje wyj\u0105tkowo wysok\u0105 biodost\u0119pno\u015bci\u0105 i st\u0119\u017ceniem, a tak\u017ce op\u00f3\u017anionym uwalnianiem sk\u0142adnik\u00f3w aktywnych, dzi\u0119ki czemu gwarantowana jest optymalna poda\u017c. L-karnityna bierze udzia\u0142 w metabolizmie energetycznym i odgrywa kluczow\u0105 rol\u0119 w przekszta\u0142caniu kwas\u00f3w t\u0142uszczowych w energi\u0119. Suplementacja L-karnityny mo\u017ce by\u0107 szczeg\u00f3lnie przydatna dla wegetarian i wegan, poniewa\u017c jest [&hellip;]<\/p>\n","protected":false},"featured_media":44701,"template":"","meta":{"_acf_changed":false},"product_brand":[10199],"product_cat":[560,569],"product_tag":[],"class_list":{"0":"post-21276","1":"product","2":"type-product","3":"status-publish","4":"has-post-thumbnail","6":"product_brand-gen-german-elite-nutrition-pl","7":"product_cat-skladniki-odzywcze","8":"product_cat-produkty-od-a-z","10":"first","11":"instock","12":"taxable","13":"shipping-taxable","14":"purchasable","15":"product-type-simple"},"acf":[],"_links":{"self":[{"href":"https:\/\/vitalstoffversand.com\/pl\/wp-json\/wp\/v2\/product\/21276","targetHints":{"allow":["GET"]}}],"collection":[{"href":"https:\/\/vitalstoffversand.com\/pl\/wp-json\/wp\/v2\/product"}],"about":[{"href":"https:\/\/vitalstoffversand.com\/pl\/wp-json\/wp\/v2\/types\/product"}],"wp:featuredmedia":[{"embeddable":true,"href":"https:\/\/vitalstoffversand.com\/pl\/wp-json\/wp\/v2\/media\/44701"}],"wp:attachment":[{"href":"https:\/\/vitalstoffversand.com\/pl\/wp-json\/wp\/v2\/media?parent=21276"}],"wp:term":[{"taxonomy":"product_brand","embeddable":true,"href":"https:\/\/vitalstoffversand.com\/pl\/wp-json\/wp\/v2\/product_brand?post=21276"},{"taxonomy":"product_cat","embeddable":true,"href":"https:\/\/vitalstoffversand.com\/pl\/wp-json\/wp\/v2\/product_cat?post=21276"},{"taxonomy":"product_tag","embeddable":true,"href":"https:\/\/vitalstoffversand.com\/pl\/wp-json\/wp\/v2\/product_tag?post=21276"}],"curies":[{"name":"wp","href":"https:\/\/api.w.org\/{rel}","templated":true}]}}