{"id":21266,"date":"2024-11-12T12:01:17","date_gmt":"2024-11-12T11:01:17","guid":{"rendered":"https:\/\/vitalstoffversand.com\/produkt\/gen-l-citrulline-ultra-365-kapsulek\/"},"modified":"2026-03-11T14:43:15","modified_gmt":"2026-03-11T13:43:15","slug":"gen-l-citrulline-ultra-365-kapsulek","status":"publish","type":"product","link":"https:\/\/vitalstoffversand.com\/pl\/produkt-pl\/gen-l-citrulline-ultra-365-kapsulek\/","title":{"rendered":"GEN <br>L-Citrulline Ultra &#8211; 365 kapsu\u0142ek"},"content":{"rendered":"<p>Jako prekursor argininy, kt\u00f3ra odgrywa wa\u017cn\u0105 rol\u0119 w naszych naczyniach krwiono\u015bnych i kr\u0105\u017ceniu krwi, L-Citrulline Ultra doskonale nadaje si\u0119 do op\u00f3\u017anionego dostarczania argininy do organizmu, poniewa\u017c cytrulina musi najpierw zosta\u0107 przekszta\u0142cona w arginin\u0119 w nerkach.<\/p>\n<p>Kapsu\u0142ki zawieraj\u0105 DL-jab\u0142czan L-cytruliny, co oznacza, \u017ce cytrulina jest estryfikowana DL-jab\u0142czanem.<\/p>\n<p>Jab\u0142czan DL jest szczeg\u00f3lnie interesuj\u0105cy dla sportowc\u00f3w, poniewa\u017c mo\u017ce przyczyni\u0107 si\u0119 do zwi\u0119kszenia energii i zmniejszenia zm\u0119czenia.<\/p>\n<ul>\n<li>Bez glutenu<\/li>\n<li>Bez laktozy<\/li>\n<li>Bez GMO<\/li>\n<li>Wyprodukowane zgodnie z surowymi normami jako\u015bci UE<\/li>\n<\/ul>\n","protected":false},"excerpt":{"rendered":"<p>Jako prekursor argininy, kt\u00f3ra odgrywa wa\u017cn\u0105 rol\u0119 w naszych naczyniach krwiono\u015bnych i kr\u0105\u017ceniu krwi, L-Citrulline Ultra doskonale nadaje si\u0119 do op\u00f3\u017anionego dostarczania argininy do organizmu, poniewa\u017c cytrulina musi najpierw zosta\u0107 przekszta\u0142cona w arginin\u0119 w nerkach. Kapsu\u0142ki zawieraj\u0105 DL-jab\u0142czan L-cytruliny, co oznacza, \u017ce cytrulina jest estryfikowana DL-jab\u0142czanem. Jab\u0142czan DL jest szczeg\u00f3lnie interesuj\u0105cy dla sportowc\u00f3w, poniewa\u017c mo\u017ce [&hellip;]<\/p>\n","protected":false},"featured_media":44661,"template":"","meta":{"_acf_changed":false},"product_brand":[10199],"product_cat":[552,569],"product_tag":[],"class_list":{"0":"post-21266","1":"product","2":"type-product","3":"status-publish","4":"has-post-thumbnail","6":"product_brand-gen-german-elite-nutrition-pl","7":"product_cat-aminokwasy","8":"product_cat-produkty-od-a-z","10":"first","11":"instock","12":"taxable","13":"shipping-taxable","14":"purchasable","15":"product-type-simple"},"acf":[],"_links":{"self":[{"href":"https:\/\/vitalstoffversand.com\/pl\/wp-json\/wp\/v2\/product\/21266","targetHints":{"allow":["GET"]}}],"collection":[{"href":"https:\/\/vitalstoffversand.com\/pl\/wp-json\/wp\/v2\/product"}],"about":[{"href":"https:\/\/vitalstoffversand.com\/pl\/wp-json\/wp\/v2\/types\/product"}],"wp:featuredmedia":[{"embeddable":true,"href":"https:\/\/vitalstoffversand.com\/pl\/wp-json\/wp\/v2\/media\/44661"}],"wp:attachment":[{"href":"https:\/\/vitalstoffversand.com\/pl\/wp-json\/wp\/v2\/media?parent=21266"}],"wp:term":[{"taxonomy":"product_brand","embeddable":true,"href":"https:\/\/vitalstoffversand.com\/pl\/wp-json\/wp\/v2\/product_brand?post=21266"},{"taxonomy":"product_cat","embeddable":true,"href":"https:\/\/vitalstoffversand.com\/pl\/wp-json\/wp\/v2\/product_cat?post=21266"},{"taxonomy":"product_tag","embeddable":true,"href":"https:\/\/vitalstoffversand.com\/pl\/wp-json\/wp\/v2\/product_tag?post=21266"}],"curies":[{"name":"wp","href":"https:\/\/api.w.org\/{rel}","templated":true}]}}