{"id":21254,"date":"2024-11-12T11:49:36","date_gmt":"2024-11-12T10:49:36","guid":{"rendered":"https:\/\/vitalstoffversand.com\/produkt\/gen-l-glutamina-365-kapsulek\/"},"modified":"2026-03-11T14:34:03","modified_gmt":"2026-03-11T13:34:03","slug":"gen-l-glutamina-365-kapsulek","status":"publish","type":"product","link":"https:\/\/vitalstoffversand.com\/pl\/produkt-pl\/gen-l-glutamina-365-kapsulek\/","title":{"rendered":"GEN <br>L-glutamina &#8211; 365 kapsu\u0142ek"},"content":{"rendered":"<p>Jako p\u00f3\u0142-niezb\u0119dny aminokwas, musimy spo\u017cywa\u0107 wi\u0119kszo\u015b\u0107 L-glutaminy poprzez nasz\u0105 diet\u0119.<\/p>\n<p>O znaczeniu L-glutaminy dla organizmu \u015bwiadczy jej wysoki udzia\u0142 w tkance mi\u0119\u015bniowej, wynosz\u0105cy oko\u0142o 60% wszystkich aminokwas\u00f3w.<\/p>\n<p>Odpowiada tam za r\u00f3\u017cne procesy metaboliczne, a w szczeg\u00f3lno\u015bci za syntez\u0119 bia\u0142ek.<\/p>\n<p>Suplementacja w formie kapsu\u0142ek u\u0142atwia przyjmowanie, zw\u0142aszcza bezpo\u015brednio po treningu, poniewa\u017c kapsu\u0142ki mo\u017cna \u0142atwo zabra\u0107 ze sob\u0105.<\/p>\n<ul>\n<li>Bez glutenu<\/li>\n<li>Bez laktozy<\/li>\n<li>Bez GMO<\/li>\n<li>Wyprodukowane zgodnie z surowymi normami jako\u015bci UE<\/li>\n<\/ul>\n","protected":false},"excerpt":{"rendered":"<p>Jako p\u00f3\u0142-niezb\u0119dny aminokwas, musimy spo\u017cywa\u0107 wi\u0119kszo\u015b\u0107 L-glutaminy poprzez nasz\u0105 diet\u0119. O znaczeniu L-glutaminy dla organizmu \u015bwiadczy jej wysoki udzia\u0142 w tkance mi\u0119\u015bniowej, wynosz\u0105cy oko\u0142o 60% wszystkich aminokwas\u00f3w. Odpowiada tam za r\u00f3\u017cne procesy metaboliczne, a w szczeg\u00f3lno\u015bci za syntez\u0119 bia\u0142ek. Suplementacja w formie kapsu\u0142ek u\u0142atwia przyjmowanie, zw\u0142aszcza bezpo\u015brednio po treningu, poniewa\u017c kapsu\u0142ki mo\u017cna \u0142atwo zabra\u0107 ze [&hellip;]<\/p>\n","protected":false},"featured_media":44517,"template":"","meta":{"_acf_changed":false},"product_brand":[10199],"product_cat":[552,569],"product_tag":[],"class_list":{"0":"post-21254","1":"product","2":"type-product","3":"status-publish","4":"has-post-thumbnail","6":"product_brand-gen-german-elite-nutrition-pl","7":"product_cat-aminokwasy","8":"product_cat-produkty-od-a-z","10":"first","11":"instock","12":"taxable","13":"shipping-taxable","14":"purchasable","15":"product-type-simple"},"acf":[],"_links":{"self":[{"href":"https:\/\/vitalstoffversand.com\/pl\/wp-json\/wp\/v2\/product\/21254","targetHints":{"allow":["GET"]}}],"collection":[{"href":"https:\/\/vitalstoffversand.com\/pl\/wp-json\/wp\/v2\/product"}],"about":[{"href":"https:\/\/vitalstoffversand.com\/pl\/wp-json\/wp\/v2\/types\/product"}],"wp:featuredmedia":[{"embeddable":true,"href":"https:\/\/vitalstoffversand.com\/pl\/wp-json\/wp\/v2\/media\/44517"}],"wp:attachment":[{"href":"https:\/\/vitalstoffversand.com\/pl\/wp-json\/wp\/v2\/media?parent=21254"}],"wp:term":[{"taxonomy":"product_brand","embeddable":true,"href":"https:\/\/vitalstoffversand.com\/pl\/wp-json\/wp\/v2\/product_brand?post=21254"},{"taxonomy":"product_cat","embeddable":true,"href":"https:\/\/vitalstoffversand.com\/pl\/wp-json\/wp\/v2\/product_cat?post=21254"},{"taxonomy":"product_tag","embeddable":true,"href":"https:\/\/vitalstoffversand.com\/pl\/wp-json\/wp\/v2\/product_tag?post=21254"}],"curies":[{"name":"wp","href":"https:\/\/api.w.org\/{rel}","templated":true}]}}