{"id":21248,"date":"2024-11-12T11:47:55","date_gmt":"2024-11-12T10:47:55","guid":{"rendered":"https:\/\/vitalstoffversand.com\/produkt\/gen-l-glutamina-750-g\/"},"modified":"2026-03-11T14:33:04","modified_gmt":"2026-03-11T13:33:04","slug":"gen-l-glutamina-750-g","status":"publish","type":"product","link":"https:\/\/vitalstoffversand.com\/pl\/produkt-pl\/gen-l-glutamina-750-g\/","title":{"rendered":"GEN <br>L-glutamina &#8211; 750 g"},"content":{"rendered":"<p>L-glutamina jest jednym z p\u00f3\u0142-niezb\u0119dnych aminokwas\u00f3w, kt\u00f3re nasz organizm sam wytwarza w niewielkich ilo\u015bciach, ale wi\u0119kszo\u015b\u0107 z nich musi by\u0107 przyjmowana z po\u017cywieniem.<\/p>\n<p>W swojej wolnej postaci, czysta L-glutamina jest najcz\u0119\u015bciej wyst\u0119puj\u0105cym aminokwasem w tkance mi\u0119\u015bniowej, stanowi\u0105c oko\u0142o 60%, i odgrywa wa\u017cn\u0105 rol\u0119 w syntezie bia\u0142ek i innych procesach metabolicznych.<\/p>\n<ul>\n<li>Wegan<\/li>\n<li>Bez glutenu<\/li>\n<li>Bez laktozy<\/li>\n<li>Bez GMO<\/li>\n<li>Wyprodukowane zgodnie z surowymi normami jako\u015bci UE<\/li>\n<\/ul>\n","protected":false},"excerpt":{"rendered":"<p>L-glutamina jest jednym z p\u00f3\u0142-niezb\u0119dnych aminokwas\u00f3w, kt\u00f3re nasz organizm sam wytwarza w niewielkich ilo\u015bciach, ale wi\u0119kszo\u015b\u0107 z nich musi by\u0107 przyjmowana z po\u017cywieniem. W swojej wolnej postaci, czysta L-glutamina jest najcz\u0119\u015bciej wyst\u0119puj\u0105cym aminokwasem w tkance mi\u0119\u015bniowej, stanowi\u0105c oko\u0142o 60%, i odgrywa wa\u017cn\u0105 rol\u0119 w syntezie bia\u0142ek i innych procesach metabolicznych. Wegan Bez glutenu Bez laktozy [&hellip;]<\/p>\n","protected":false},"featured_media":44477,"template":"","meta":{"_acf_changed":false},"product_brand":[10199],"product_cat":[552,569],"product_tag":[],"class_list":{"0":"post-21248","1":"product","2":"type-product","3":"status-publish","4":"has-post-thumbnail","6":"product_brand-gen-german-elite-nutrition-pl","7":"product_cat-aminokwasy","8":"product_cat-produkty-od-a-z","10":"first","11":"instock","12":"taxable","13":"shipping-taxable","14":"purchasable","15":"product-type-simple"},"acf":[],"_links":{"self":[{"href":"https:\/\/vitalstoffversand.com\/pl\/wp-json\/wp\/v2\/product\/21248","targetHints":{"allow":["GET"]}}],"collection":[{"href":"https:\/\/vitalstoffversand.com\/pl\/wp-json\/wp\/v2\/product"}],"about":[{"href":"https:\/\/vitalstoffversand.com\/pl\/wp-json\/wp\/v2\/types\/product"}],"wp:featuredmedia":[{"embeddable":true,"href":"https:\/\/vitalstoffversand.com\/pl\/wp-json\/wp\/v2\/media\/44477"}],"wp:attachment":[{"href":"https:\/\/vitalstoffversand.com\/pl\/wp-json\/wp\/v2\/media?parent=21248"}],"wp:term":[{"taxonomy":"product_brand","embeddable":true,"href":"https:\/\/vitalstoffversand.com\/pl\/wp-json\/wp\/v2\/product_brand?post=21248"},{"taxonomy":"product_cat","embeddable":true,"href":"https:\/\/vitalstoffversand.com\/pl\/wp-json\/wp\/v2\/product_cat?post=21248"},{"taxonomy":"product_tag","embeddable":true,"href":"https:\/\/vitalstoffversand.com\/pl\/wp-json\/wp\/v2\/product_tag?post=21248"}],"curies":[{"name":"wp","href":"https:\/\/api.w.org\/{rel}","templated":true}]}}