{"id":21238,"date":"2024-11-12T11:44:08","date_gmt":"2024-11-12T10:44:08","guid":{"rendered":"https:\/\/vitalstoffversand.com\/produkt\/gen-tauryna-500-g\/"},"modified":"2026-03-11T14:28:08","modified_gmt":"2026-03-11T13:28:08","slug":"gen-tauryna-500-g","status":"publish","type":"product","link":"https:\/\/vitalstoffversand.com\/pl\/produkt-pl\/gen-tauryna-500-g\/","title":{"rendered":"GEN <br>L-tauryna \u2013 500 g"},"content":{"rendered":"<p>Tauryna jest cz\u0119sto sk\u0142adnikiem \u201enapoj\u00f3w energetycznych\u201d i pe\u0142ni liczne funkcje w organizmie.<\/p>\n<p>Ma dzia\u0142anie przeciwutleniaj\u0105ce, bierze udzia\u0142 w trawieniu t\u0142uszcz\u00f3w, a tak\u017ce odgrywa rol\u0119 w rozwoju centralnego uk\u0142adu nerwowego serca i kontroli bicia serca.<\/p>\n<ul>\n<li>Wegan<\/li>\n<li>Bez glutenu<\/li>\n<li>Bez laktozy<\/li>\n<li>Bez GMO<\/li>\n<li>Wyprodukowane zgodnie z surowymi normami jako\u015bci UE<\/li>\n<\/ul>\n","protected":false},"excerpt":{"rendered":"<p>Tauryna jest cz\u0119sto sk\u0142adnikiem \u201enapoj\u00f3w energetycznych\u201d i pe\u0142ni liczne funkcje w organizmie. Ma dzia\u0142anie przeciwutleniaj\u0105ce, bierze udzia\u0142 w trawieniu t\u0142uszcz\u00f3w, a tak\u017ce odgrywa rol\u0119 w rozwoju centralnego uk\u0142adu nerwowego serca i kontroli bicia serca. Wegan Bez glutenu Bez laktozy Bez GMO Wyprodukowane zgodnie z surowymi normami jako\u015bci UE<\/p>\n","protected":false},"featured_media":44397,"template":"","meta":{"_acf_changed":false},"product_brand":[10199],"product_cat":[560,569],"product_tag":[],"class_list":{"0":"post-21238","1":"product","2":"type-product","3":"status-publish","4":"has-post-thumbnail","6":"product_brand-gen-german-elite-nutrition-pl","7":"product_cat-skladniki-odzywcze","8":"product_cat-produkty-od-a-z","10":"first","11":"instock","12":"taxable","13":"shipping-taxable","14":"purchasable","15":"product-type-simple"},"acf":[],"_links":{"self":[{"href":"https:\/\/vitalstoffversand.com\/pl\/wp-json\/wp\/v2\/product\/21238","targetHints":{"allow":["GET"]}}],"collection":[{"href":"https:\/\/vitalstoffversand.com\/pl\/wp-json\/wp\/v2\/product"}],"about":[{"href":"https:\/\/vitalstoffversand.com\/pl\/wp-json\/wp\/v2\/types\/product"}],"wp:featuredmedia":[{"embeddable":true,"href":"https:\/\/vitalstoffversand.com\/pl\/wp-json\/wp\/v2\/media\/44397"}],"wp:attachment":[{"href":"https:\/\/vitalstoffversand.com\/pl\/wp-json\/wp\/v2\/media?parent=21238"}],"wp:term":[{"taxonomy":"product_brand","embeddable":true,"href":"https:\/\/vitalstoffversand.com\/pl\/wp-json\/wp\/v2\/product_brand?post=21238"},{"taxonomy":"product_cat","embeddable":true,"href":"https:\/\/vitalstoffversand.com\/pl\/wp-json\/wp\/v2\/product_cat?post=21238"},{"taxonomy":"product_tag","embeddable":true,"href":"https:\/\/vitalstoffversand.com\/pl\/wp-json\/wp\/v2\/product_tag?post=21238"}],"curies":[{"name":"wp","href":"https:\/\/api.w.org\/{rel}","templated":true}]}}