{"id":21202,"date":"2024-11-12T11:30:28","date_gmt":"2024-11-12T10:30:28","guid":{"rendered":"https:\/\/vitalstoffversand.com\/produkt\/gen-l-arginina-l-cytrulina-320-kapsulek\/"},"modified":"2026-03-11T14:23:30","modified_gmt":"2026-03-11T13:23:30","slug":"gen-l-arginina-l-cytrulina-320-kapsulek","status":"publish","type":"product","link":"https:\/\/vitalstoffversand.com\/pl\/produkt-pl\/gen-l-arginina-l-cytrulina-320-kapsulek\/","title":{"rendered":"GEN <br>L-arginina + L-cytrulina &#8211; 320 kapsu\u0142ek"},"content":{"rendered":"<p>Arginina i cytrulina s\u0105 najcz\u0119\u015bciej spotykane w boosterach przedtreningowych i suplementach pompuj\u0105cych i s\u0105 wysoko cenione nie tylko przez kulturyst\u00f3w i sportowc\u00f3w si\u0142owych ze wzgl\u0119du na ich pot\u0119\u017cne po\u0142\u0105czenie.<\/p>\n<p>Nale\u017c\u0105 one do p\u00f3\u0142-niezb\u0119dnych aminokwas\u00f3w i poprzez ich po\u0142\u0105czenie powoduj\u0105 zr\u00f3wnowa\u017cony proces metaboliczny, taki jak produkcja azotu.<\/p>\n<p>Arginina ma pozytywny wp\u0142yw na naczynia krwiono\u015bne i dlatego jest interesuj\u0105ca nie tylko w sporcie, ale tak\u017ce w og\u00f3lnej profilaktyce i zdrowiu m\u0119\u017cczyzn.<\/p>\n<p>L-cytrulina jest prekursorem L-argininy.<\/p>\n<p>Jest ona przekszta\u0142cana w arginin\u0119 dopiero w nerkach i dlatego jest dost\u0119pna z op\u00f3\u017anieniem, co zapewnia d\u0142ugotrwa\u0142e i sta\u0142e dostarczanie argininy dzi\u0119ki efektowi uwalniania w czasie.<\/p>\n<ul>\n<li>Bez glutenu<\/li>\n<li>Bez laktozy<\/li>\n<li>Bez GMO<\/li>\n<li>Wyprodukowane zgodnie z surowymi normami jako\u015bci UE<\/li>\n<\/ul>\n","protected":false},"excerpt":{"rendered":"<p>Arginina i cytrulina s\u0105 najcz\u0119\u015bciej spotykane w boosterach przedtreningowych i suplementach pompuj\u0105cych i s\u0105 wysoko cenione nie tylko przez kulturyst\u00f3w i sportowc\u00f3w si\u0142owych ze wzgl\u0119du na ich pot\u0119\u017cne po\u0142\u0105czenie. Nale\u017c\u0105 one do p\u00f3\u0142-niezb\u0119dnych aminokwas\u00f3w i poprzez ich po\u0142\u0105czenie powoduj\u0105 zr\u00f3wnowa\u017cony proces metaboliczny, taki jak produkcja azotu. Arginina ma pozytywny wp\u0142yw na naczynia krwiono\u015bne i dlatego [&hellip;]<\/p>\n","protected":false},"featured_media":44357,"template":"","meta":{"_acf_changed":false},"product_brand":[10199],"product_cat":[552,569],"product_tag":[],"class_list":{"0":"post-21202","1":"product","2":"type-product","3":"status-publish","4":"has-post-thumbnail","6":"product_brand-gen-german-elite-nutrition-pl","7":"product_cat-aminokwasy","8":"product_cat-produkty-od-a-z","10":"first","11":"instock","12":"taxable","13":"shipping-taxable","14":"purchasable","15":"product-type-simple"},"acf":[],"_links":{"self":[{"href":"https:\/\/vitalstoffversand.com\/pl\/wp-json\/wp\/v2\/product\/21202","targetHints":{"allow":["GET"]}}],"collection":[{"href":"https:\/\/vitalstoffversand.com\/pl\/wp-json\/wp\/v2\/product"}],"about":[{"href":"https:\/\/vitalstoffversand.com\/pl\/wp-json\/wp\/v2\/types\/product"}],"wp:featuredmedia":[{"embeddable":true,"href":"https:\/\/vitalstoffversand.com\/pl\/wp-json\/wp\/v2\/media\/44357"}],"wp:attachment":[{"href":"https:\/\/vitalstoffversand.com\/pl\/wp-json\/wp\/v2\/media?parent=21202"}],"wp:term":[{"taxonomy":"product_brand","embeddable":true,"href":"https:\/\/vitalstoffversand.com\/pl\/wp-json\/wp\/v2\/product_brand?post=21202"},{"taxonomy":"product_cat","embeddable":true,"href":"https:\/\/vitalstoffversand.com\/pl\/wp-json\/wp\/v2\/product_cat?post=21202"},{"taxonomy":"product_tag","embeddable":true,"href":"https:\/\/vitalstoffversand.com\/pl\/wp-json\/wp\/v2\/product_tag?post=21202"}],"curies":[{"name":"wp","href":"https:\/\/api.w.org\/{rel}","templated":true}]}}