{"id":21186,"date":"2024-11-12T14:48:57","date_gmt":"2024-11-12T13:48:57","guid":{"rendered":"https:\/\/vitalstoffversand.com\/produkt\/gen-multi-amino-eaa-500-tabletek\/"},"modified":"2026-03-11T14:21:19","modified_gmt":"2026-03-11T13:21:19","slug":"gen-multi-amino-eaa-500-tabletek","status":"publish","type":"product","link":"https:\/\/vitalstoffversand.com\/pl\/produkt-pl\/gen-multi-amino-eaa-500-tabletek\/","title":{"rendered":"GEN <br>Multi Amino EAA &#8211; 500 tabletek"},"content":{"rendered":"<p>GEN Multi Amino EAA dostarcza wszystkich 8 niezb\u0119dnych aminokwas\u00f3w, kt\u00f3rych organizm nie jest w stanie sam wyprodukowa\u0107.<\/p>\n<p>Odpowiedni dla sportowc\u00f3w i os\u00f3b dbaj\u0105cych o zdrowie, kt\u00f3re chc\u0105 dostarczy\u0107 swojemu organizmowi pe\u0142ne spektrum EAA (L-leucyna, L-walina, L-izoleucyna, L-fenyloalanina, L-lizyna, L-treonina, L-metionina i L-tryptofan).<\/p>\n<ul>\n<li>Wegan<\/li>\n<li>Bez glutenu<\/li>\n<li>Bez laktozy<\/li>\n<li>Bez GMO<\/li>\n<li>Wyprodukowane zgodnie z surowymi normami jako\u015bci UE<\/li>\n<\/ul>\n","protected":false},"excerpt":{"rendered":"<p>GEN Multi Amino EAA dostarcza wszystkich 8 niezb\u0119dnych aminokwas\u00f3w, kt\u00f3rych organizm nie jest w stanie sam wyprodukowa\u0107. Odpowiedni dla sportowc\u00f3w i os\u00f3b dbaj\u0105cych o zdrowie, kt\u00f3re chc\u0105 dostarczy\u0107 swojemu organizmowi pe\u0142ne spektrum EAA (L-leucyna, L-walina, L-izoleucyna, L-fenyloalanina, L-lizyna, L-treonina, L-metionina i L-tryptofan). Wegan Bez glutenu Bez laktozy Bez GMO Wyprodukowane zgodnie z surowymi normami jako\u015bci [&hellip;]<\/p>\n","protected":false},"featured_media":61055,"template":"","meta":{"_acf_changed":false},"product_brand":[10199],"product_cat":[552,569],"product_tag":[],"class_list":{"0":"post-21186","1":"product","2":"type-product","3":"status-publish","4":"has-post-thumbnail","6":"product_brand-gen-german-elite-nutrition-pl","7":"product_cat-aminokwasy","8":"product_cat-produkty-od-a-z","10":"first","11":"instock","12":"taxable","13":"shipping-taxable","14":"purchasable","15":"product-type-simple"},"acf":[],"_links":{"self":[{"href":"https:\/\/vitalstoffversand.com\/pl\/wp-json\/wp\/v2\/product\/21186","targetHints":{"allow":["GET"]}}],"collection":[{"href":"https:\/\/vitalstoffversand.com\/pl\/wp-json\/wp\/v2\/product"}],"about":[{"href":"https:\/\/vitalstoffversand.com\/pl\/wp-json\/wp\/v2\/types\/product"}],"wp:featuredmedia":[{"embeddable":true,"href":"https:\/\/vitalstoffversand.com\/pl\/wp-json\/wp\/v2\/media\/61055"}],"wp:attachment":[{"href":"https:\/\/vitalstoffversand.com\/pl\/wp-json\/wp\/v2\/media?parent=21186"}],"wp:term":[{"taxonomy":"product_brand","embeddable":true,"href":"https:\/\/vitalstoffversand.com\/pl\/wp-json\/wp\/v2\/product_brand?post=21186"},{"taxonomy":"product_cat","embeddable":true,"href":"https:\/\/vitalstoffversand.com\/pl\/wp-json\/wp\/v2\/product_cat?post=21186"},{"taxonomy":"product_tag","embeddable":true,"href":"https:\/\/vitalstoffversand.com\/pl\/wp-json\/wp\/v2\/product_tag?post=21186"}],"curies":[{"name":"wp","href":"https:\/\/api.w.org\/{rel}","templated":true}]}}