{"id":21179,"date":"2024-11-12T11:28:55","date_gmt":"2024-11-12T10:28:55","guid":{"rendered":"https:\/\/vitalstoffversand.com\/produkt\/gen-dl-jablczan-l-cytruliny-500-g\/"},"modified":"2026-03-11T14:19:34","modified_gmt":"2026-03-11T13:19:34","slug":"gen-dl-jablczan-l-cytruliny-500-g","status":"publish","type":"product","link":"https:\/\/vitalstoffversand.com\/pl\/produkt-pl\/gen-dl-jablczan-l-cytruliny-500-g\/","title":{"rendered":"GEN <br>DL-jab\u0142czan L-cytruliny &#8211; 500 g"},"content":{"rendered":"<p>L-cytrulina jest prekursorem argininy i jest metabolizowana w nerkach.<\/p>\n<p>Arginina z kolei odgrywa wa\u017cn\u0105 rol\u0119 w przep\u0142ywie krwi i naczyniach krwiono\u015bnych.<\/p>\n<p>DL-jab\u0142czan jest kwasem jab\u0142kowym.<br \/>\nWspiera cytrulin\u0119 w produkcji energii, a jednocze\u015bnie podkre\u015bla jej gorzki smak.<\/p>\n<p>DL-malate mo\u017ce r\u00f3wnie\u017c pom\u00f3c poprawi\u0107 kr\u0105\u017cenie krwi podczas uprawiania sportu i op\u00f3\u017ani\u0107 zm\u0119czenie.<\/p>\n<ul>\n<li>Wegan<\/li>\n<li>Bez glutenu<\/li>\n<li>Bez laktozy<\/li>\n<li>Bez GMO<\/li>\n<li>Wyprodukowane zgodnie z surowymi normami jako\u015bci UE<\/li>\n<\/ul>\n","protected":false},"excerpt":{"rendered":"<p>L-cytrulina jest prekursorem argininy i jest metabolizowana w nerkach. Arginina z kolei odgrywa wa\u017cn\u0105 rol\u0119 w przep\u0142ywie krwi i naczyniach krwiono\u015bnych. DL-jab\u0142czan jest kwasem jab\u0142kowym. Wspiera cytrulin\u0119 w produkcji energii, a jednocze\u015bnie podkre\u015bla jej gorzki smak. DL-malate mo\u017ce r\u00f3wnie\u017c pom\u00f3c poprawi\u0107 kr\u0105\u017cenie krwi podczas uprawiania sportu i op\u00f3\u017ani\u0107 zm\u0119czenie. Wegan Bez glutenu Bez laktozy Bez [&hellip;]<\/p>\n","protected":false},"featured_media":44293,"template":"","meta":{"_acf_changed":false},"product_brand":[10199],"product_cat":[552,569],"product_tag":[],"class_list":{"0":"post-21179","1":"product","2":"type-product","3":"status-publish","4":"has-post-thumbnail","6":"product_brand-gen-german-elite-nutrition-pl","7":"product_cat-aminokwasy","8":"product_cat-produkty-od-a-z","10":"first","11":"instock","12":"taxable","13":"shipping-taxable","14":"purchasable","15":"product-type-simple"},"acf":[],"_links":{"self":[{"href":"https:\/\/vitalstoffversand.com\/pl\/wp-json\/wp\/v2\/product\/21179","targetHints":{"allow":["GET"]}}],"collection":[{"href":"https:\/\/vitalstoffversand.com\/pl\/wp-json\/wp\/v2\/product"}],"about":[{"href":"https:\/\/vitalstoffversand.com\/pl\/wp-json\/wp\/v2\/types\/product"}],"wp:featuredmedia":[{"embeddable":true,"href":"https:\/\/vitalstoffversand.com\/pl\/wp-json\/wp\/v2\/media\/44293"}],"wp:attachment":[{"href":"https:\/\/vitalstoffversand.com\/pl\/wp-json\/wp\/v2\/media?parent=21179"}],"wp:term":[{"taxonomy":"product_brand","embeddable":true,"href":"https:\/\/vitalstoffversand.com\/pl\/wp-json\/wp\/v2\/product_brand?post=21179"},{"taxonomy":"product_cat","embeddable":true,"href":"https:\/\/vitalstoffversand.com\/pl\/wp-json\/wp\/v2\/product_cat?post=21179"},{"taxonomy":"product_tag","embeddable":true,"href":"https:\/\/vitalstoffversand.com\/pl\/wp-json\/wp\/v2\/product_tag?post=21179"}],"curies":[{"name":"wp","href":"https:\/\/api.w.org\/{rel}","templated":true}]}}