{"id":21172,"date":"2024-11-12T11:27:02","date_gmt":"2024-11-12T10:27:02","guid":{"rendered":"https:\/\/vitalstoffversand.com\/produkt\/gen-l-arginina-hcl-500-g\/"},"modified":"2026-03-11T14:14:55","modified_gmt":"2026-03-11T13:14:55","slug":"gen-l-arginina-hcl-500-g","status":"publish","type":"product","link":"https:\/\/vitalstoffversand.com\/pl\/produkt-pl\/gen-l-arginina-hcl-500-g\/","title":{"rendered":"GEN <br>L-arginina HCL &#8211; 500 g"},"content":{"rendered":"<p>L-arginina jest p\u00f3\u0142-niezb\u0119dnym aminokwasem proteinogennym, kt\u00f3ry nasz organizm wytwarza samodzielnie i przyjmuje jako suplement wraz z po\u017cywieniem.<\/p>\n<p>L-arginina HCL w proszku jest bardzo dobrze rozpuszczalna, ale ma s\u0142ony smak ze wzgl\u0119du na zwi\u0105zek HCL, kt\u00f3ry wielu u\u017cytkownik\u00f3w uwa\u017ca za nieprzyjemny.<\/p>\n<ul>\n<li>Wegan<\/li>\n<li>Bez glutenu<\/li>\n<li>Bez laktozy<\/li>\n<li>Bez GMO<\/li>\n<li>Wyprodukowane zgodnie z surowymi normami jako\u015bci UE<\/li>\n<\/ul>\n","protected":false},"excerpt":{"rendered":"<p>L-arginina jest p\u00f3\u0142-niezb\u0119dnym aminokwasem proteinogennym, kt\u00f3ry nasz organizm wytwarza samodzielnie i przyjmuje jako suplement wraz z po\u017cywieniem. L-arginina HCL w proszku jest bardzo dobrze rozpuszczalna, ale ma s\u0142ony smak ze wzgl\u0119du na zwi\u0105zek HCL, kt\u00f3ry wielu u\u017cytkownik\u00f3w uwa\u017ca za nieprzyjemny. Wegan Bez glutenu Bez laktozy Bez GMO Wyprodukowane zgodnie z surowymi normami jako\u015bci UE<\/p>\n","protected":false},"featured_media":44245,"template":"","meta":{"_acf_changed":false},"product_brand":[10199],"product_cat":[552,569],"product_tag":[],"class_list":{"0":"post-21172","1":"product","2":"type-product","3":"status-publish","4":"has-post-thumbnail","6":"product_brand-gen-german-elite-nutrition-pl","7":"product_cat-aminokwasy","8":"product_cat-produkty-od-a-z","10":"first","11":"instock","12":"taxable","13":"shipping-taxable","14":"purchasable","15":"product-type-simple"},"acf":[],"_links":{"self":[{"href":"https:\/\/vitalstoffversand.com\/pl\/wp-json\/wp\/v2\/product\/21172","targetHints":{"allow":["GET"]}}],"collection":[{"href":"https:\/\/vitalstoffversand.com\/pl\/wp-json\/wp\/v2\/product"}],"about":[{"href":"https:\/\/vitalstoffversand.com\/pl\/wp-json\/wp\/v2\/types\/product"}],"wp:featuredmedia":[{"embeddable":true,"href":"https:\/\/vitalstoffversand.com\/pl\/wp-json\/wp\/v2\/media\/44245"}],"wp:attachment":[{"href":"https:\/\/vitalstoffversand.com\/pl\/wp-json\/wp\/v2\/media?parent=21172"}],"wp:term":[{"taxonomy":"product_brand","embeddable":true,"href":"https:\/\/vitalstoffversand.com\/pl\/wp-json\/wp\/v2\/product_brand?post=21172"},{"taxonomy":"product_cat","embeddable":true,"href":"https:\/\/vitalstoffversand.com\/pl\/wp-json\/wp\/v2\/product_cat?post=21172"},{"taxonomy":"product_tag","embeddable":true,"href":"https:\/\/vitalstoffversand.com\/pl\/wp-json\/wp\/v2\/product_tag?post=21172"}],"curies":[{"name":"wp","href":"https:\/\/api.w.org\/{rel}","templated":true}]}}