{"id":21103,"date":"2024-11-12T11:11:34","date_gmt":"2024-11-12T10:11:34","guid":{"rendered":"https:\/\/vitalstoffversand.com\/produkt\/gen-testo-max-270-kapsulek\/"},"modified":"2026-03-11T14:10:49","modified_gmt":"2026-03-11T13:10:49","slug":"gen-testo-max-270-kapsulek","status":"publish","type":"product","link":"https:\/\/vitalstoffversand.com\/pl\/produkt-pl\/gen-testo-max-270-kapsulek\/","title":{"rendered":"GEN <br>Testo Max &#8211; 270 kapsu\u0142ek"},"content":{"rendered":"<p>Wysoki poziom testosteronu jest idealnym warunkiem wst\u0119pnym dla szybkiego wzrostu mi\u0119\u015bni.<\/p>\n<p>Testo Max to czysto zio\u0142owy suplement diety sk\u0142adaj\u0105cy si\u0119 z substancji ro\u015blinnych, aminokwas\u00f3w, witamin, minera\u0142\u00f3w i pierwiastk\u00f3w \u015bladowych, kt\u00f3re mog\u0105 pom\u00f3c stymulowa\u0107 produkcj\u0119 hormon\u00f3w w organizmie.<\/p>\n<p>Ca\u0142kowicie legalny i bez skutk\u00f3w ubocznych.<\/p>\n<ul>\n<li>Wegan<\/li>\n<li>Bez glutenu<\/li>\n<li>Bez laktozy<\/li>\n<li>Bez GMO<\/li>\n<li>Wyprodukowane zgodnie z surowymi normami jako\u015bci UE<\/li>\n<\/ul>\n","protected":false},"excerpt":{"rendered":"<p>Wysoki poziom testosteronu jest idealnym warunkiem wst\u0119pnym dla szybkiego wzrostu mi\u0119\u015bni. Testo Max to czysto zio\u0142owy suplement diety sk\u0142adaj\u0105cy si\u0119 z substancji ro\u015blinnych, aminokwas\u00f3w, witamin, minera\u0142\u00f3w i pierwiastk\u00f3w \u015bladowych, kt\u00f3re mog\u0105 pom\u00f3c stymulowa\u0107 produkcj\u0119 hormon\u00f3w w organizmie. Ca\u0142kowicie legalny i bez skutk\u00f3w ubocznych. Wegan Bez glutenu Bez laktozy Bez GMO Wyprodukowane zgodnie z surowymi normami [&hellip;]<\/p>\n","protected":false},"featured_media":44173,"template":"","meta":{"_acf_changed":false},"product_brand":[10199],"product_cat":[561,569,560],"product_tag":[],"class_list":{"0":"post-21103","1":"product","2":"type-product","3":"status-publish","4":"has-post-thumbnail","6":"product_brand-gen-german-elite-nutrition-pl","7":"product_cat-suplementy-sportowe","8":"product_cat-produkty-od-a-z","9":"product_cat-skladniki-odzywcze","11":"first","12":"instock","13":"taxable","14":"shipping-taxable","15":"purchasable","16":"product-type-simple"},"acf":[],"_links":{"self":[{"href":"https:\/\/vitalstoffversand.com\/pl\/wp-json\/wp\/v2\/product\/21103","targetHints":{"allow":["GET"]}}],"collection":[{"href":"https:\/\/vitalstoffversand.com\/pl\/wp-json\/wp\/v2\/product"}],"about":[{"href":"https:\/\/vitalstoffversand.com\/pl\/wp-json\/wp\/v2\/types\/product"}],"wp:featuredmedia":[{"embeddable":true,"href":"https:\/\/vitalstoffversand.com\/pl\/wp-json\/wp\/v2\/media\/44173"}],"wp:attachment":[{"href":"https:\/\/vitalstoffversand.com\/pl\/wp-json\/wp\/v2\/media?parent=21103"}],"wp:term":[{"taxonomy":"product_brand","embeddable":true,"href":"https:\/\/vitalstoffversand.com\/pl\/wp-json\/wp\/v2\/product_brand?post=21103"},{"taxonomy":"product_cat","embeddable":true,"href":"https:\/\/vitalstoffversand.com\/pl\/wp-json\/wp\/v2\/product_cat?post=21103"},{"taxonomy":"product_tag","embeddable":true,"href":"https:\/\/vitalstoffversand.com\/pl\/wp-json\/wp\/v2\/product_tag?post=21103"}],"curies":[{"name":"wp","href":"https:\/\/api.w.org\/{rel}","templated":true}]}}